{"id":7774,"date":"2019-07-03T13:25:11","date_gmt":"2019-07-03T11:25:11","guid":{"rendered":"https:\/\/dev2.mgvpublications.com\/produkt\/hz-oemer-goekteki-yildizlar-serisi-2\/"},"modified":"2022-03-08T22:31:17","modified_gmt":"2022-03-08T21:31:17","slug":"hz-oemer-goekteki-yildizlar-serisi-2","status":"publish","type":"product","link":"https:\/\/mgvpublications.com\/de\/hz-oemer-goekteki-yildizlar-serisi-2\/","title":{"rendered":"Hz. \u00d6mer G\u00f6kteki Y\u0131ld\u0131zlar Serisi 2"},"content":{"rendered":"<p>Yay\u0131n Tarihi 2016-12-31<br \/>\nISBN 6059275286<br \/>\nBask\u0131 Say\u0131s\u0131 1. Bask\u0131<br \/>\nDil T\u00dcRK\u00c7E<br \/>\nSayfa Say\u0131s\u0131 160<br \/>\nCilt Tipi Karton Kapak<br \/>\nKa\u011f\u0131t Cinsi Kitap Ka\u011f\u0131d\u0131<br \/>\nBoyut 13.5 x 19.5 cm<\/p>","protected":false},"excerpt":{"rendered":"<p>Hz. \u00d6mer&#8217;in ailesi kimdir?<br \/>\nHz. \u00d6mer&#8217;in \u00e7ocukluk y\u0131llar\u0131 nas\u0131l ge\u00e7ti<br \/>\nHz. \u00d6mer nas\u0131l M\u00fcsl\u00fcman oldu?<br \/>\nHz. \u00d6mer Medine&#8217;ye nas\u0131l hicret etti?<br \/>\nHz. \u00d6mer Medine&#8217;ye hicretten sonra neler yapt\u0131?<br \/>\nHz. \u00d6mer ezan\u0131n nas\u0131l okundu\u011funu r\u00fcyas\u0131nda g\u00f6rd\u00fc m\u00fc?<br \/>\nHz. \u00d6mer peygamberimiz zaman\u0131nda yap\u0131lan sava\u015flara kat\u0131ld\u0131 m\u0131?<br \/>\nHz. \u00d6mer Hudeybiye bar\u0131\u015f antla\u015fmas\u0131na ni\u00e7in kar\u015f\u0131 \u00e7\u0131km\u0131\u015ft\u0131r?<br \/>\nPeygamberimizin \u00f6l\u00fcm Hz. \u00d6mer&#8217;i nas\u0131l etkiledi ?<br \/>\nPeygamberimizin vefat\u0131 ve Hz. \u00d6mer&#8217;in ayr\u0131l\u0131k ac\u0131s\u0131<br \/>\nHz. \u00d6mer Hz. Ebubekir&#8217;in halifeli\u011fi zaman\u0131nda neler yapt\u0131 ?<br \/>\nHz. \u00d6mer nas\u0131l halife se\u00e7ildi?<br \/>\nHz. \u00d6mer zaman\u0131nda nereler fethedildi?<br \/>\nHz. \u00d6mer nas\u0131l \u015fehit edildi?<br \/>\nHz. \u00d6mer nas\u0131l bir insan ve y\u00f6neticiydi ?<\/p>","protected":false},"featured_media":7775,"template":"","meta":{"spay_email":""},"product_cat":[172,174],"product_tag":[],"item":[694],"acf":[],"_links":{"self":[{"href":"https:\/\/mgvpublications.com\/de\/wp-json\/wp\/v2\/product\/7774"}],"collection":[{"href":"https:\/\/mgvpublications.com\/de\/wp-json\/wp\/v2\/product"}],"about":[{"href":"https:\/\/mgvpublications.com\/de\/wp-json\/wp\/v2\/types\/product"}],"wp:featuredmedia":[{"embeddable":true,"href":"https:\/\/mgvpublications.com\/de\/wp-json\/wp\/v2\/media\/7775"}],"wp:attachment":[{"href":"https:\/\/mgvpublications.com\/de\/wp-json\/wp\/v2\/media?parent=7774"}],"wp:term":[{"taxonomy":"product_cat","embeddable":true,"href":"https:\/\/mgvpublications.com\/de\/wp-json\/wp\/v2\/product_cat?post=7774"},{"taxonomy":"product_tag","embeddable":true,"href":"https:\/\/mgvpublications.com\/de\/wp-json\/wp\/v2\/product_tag?post=7774"},{"taxonomy":"item","embeddable":true,"href":"https:\/\/mgvpublications.com\/de\/wp-json\/wp\/v2\/item?post=7774"}],"curies":[{"name":"wp","href":"https:\/\/api.w.org\/{rel}","templated":true}]}}