{"id":7771,"date":"2019-07-03T13:23:33","date_gmt":"2019-07-03T11:23:33","guid":{"rendered":"https:\/\/dev2.mgvpublications.com\/produkt\/hz-osman-goekteki-yildizlar-serisi-3\/"},"modified":"2022-03-08T22:31:16","modified_gmt":"2022-03-08T21:31:16","slug":"hz-osman-goekteki-yildizlar-serisi-3","status":"publish","type":"product","link":"https:\/\/mgvpublications.com\/de\/hz-osman-goekteki-yildizlar-serisi-3\/","title":{"rendered":"Hz. Osman \/ G\u00f6kteki Y\u0131ld\u0131zlar Serisi 3"},"content":{"rendered":"<p>Yay\u0131n Tarihi 2016-12-31<br \/>\nISBN 6059275293<br \/>\nBask\u0131 Say\u0131s\u0131 1. Bask\u0131<br \/>\nDil T\u00dcRK\u00c7E<br \/>\nSayfa Say\u0131s\u0131 144<br \/>\nCilt Tipi Karton Kapak<br \/>\nKa\u011f\u0131t Cinsi Kitap Ka\u011f\u0131d\u0131<br \/>\nBoyut 13.5 x 19.5 cm<\/p>","protected":false},"excerpt":{"rendered":"<p>Hz.Osman&#8217;a ni\u00e7in \u201ciki nur sahibi\u201d deniyor?<br \/>\nHz.Osman nerede do\u011fdu?<br \/>\nHz.Osman&#8217;\u0131n \u00e7ocukluk ve gen\u00e7li\u011fi nas\u0131l ge\u00e7ti?<br \/>\nHz. Osman nas\u0131l M\u00fcsl\u00fcman oldu?<br \/>\nHz. Osman&#8217; a kimler nas\u0131l eziyet etti?<br \/>\nHz. Osman peygamberimizin hangi k\u0131zlar\u0131yla evlendi?<br \/>\nHz. Osman Medine&#8217;ye ne zaman g\u00f6\u00e7 etti?<br \/>\nHz. Osman hangi sava\u015flara kat\u0131ld\u0131?<br \/>\nHz. Osman, Hz. Ebubekir ve Hz. \u00d6mer zaman\u0131nda nas\u0131l davrand\u0131?<br \/>\nHz. Osman nas\u0131l halife se\u00e7ildi?<br \/>\nHz. Osman&#8217;\u0131n halifeli\u011fi nas\u0131l ge\u00e7ti?<br \/>\nKur&#8217;an Hz. Osman zaman\u0131nda m\u0131 \u00e7o\u011falt\u0131ld\u0131?<br \/>\nHz. Osman&#8217;\u0131n halifeli\u011finin son y\u0131llar\u0131 ni\u00e7in kar\u0131\u015f\u0131kl\u0131klarla ge\u00e7ti?<br \/>\nHz. Osman nas\u0131l \u015fehit edildi<br \/>\nHz. Osman&#8217;\u0131n farkl\u0131 \u00f6zellikleri nelerdi?<\/p>","protected":false},"featured_media":7772,"template":"","meta":{"spay_email":""},"product_cat":[172,174],"product_tag":[],"item":[694],"acf":[],"_links":{"self":[{"href":"https:\/\/mgvpublications.com\/de\/wp-json\/wp\/v2\/product\/7771"}],"collection":[{"href":"https:\/\/mgvpublications.com\/de\/wp-json\/wp\/v2\/product"}],"about":[{"href":"https:\/\/mgvpublications.com\/de\/wp-json\/wp\/v2\/types\/product"}],"wp:featuredmedia":[{"embeddable":true,"href":"https:\/\/mgvpublications.com\/de\/wp-json\/wp\/v2\/media\/7772"}],"wp:attachment":[{"href":"https:\/\/mgvpublications.com\/de\/wp-json\/wp\/v2\/media?parent=7771"}],"wp:term":[{"taxonomy":"product_cat","embeddable":true,"href":"https:\/\/mgvpublications.com\/de\/wp-json\/wp\/v2\/product_cat?post=7771"},{"taxonomy":"product_tag","embeddable":true,"href":"https:\/\/mgvpublications.com\/de\/wp-json\/wp\/v2\/product_tag?post=7771"},{"taxonomy":"item","embeddable":true,"href":"https:\/\/mgvpublications.com\/de\/wp-json\/wp\/v2\/item?post=7771"}],"curies":[{"name":"wp","href":"https:\/\/api.w.org\/{rel}","templated":true}]}}