{"id":7762,"date":"2019-07-03T13:14:29","date_gmt":"2019-07-03T11:14:29","guid":{"rendered":"https:\/\/dev2.mgvpublications.com\/produkt\/kahraman-cocuklar\/"},"modified":"2022-03-08T22:31:16","modified_gmt":"2022-03-08T21:31:16","slug":"kahraman-cocuklar","status":"publish","type":"product","link":"https:\/\/mgvpublications.com\/de\/kahraman-cocuklar\/","title":{"rendered":"Kahraman \u00c7ocuklar"},"content":{"rendered":"<p>Yay\u0131n Tarihi 2019-04-05<br \/>\nISBN 6057934260<br \/>\nBask\u0131 Say\u0131s\u0131 1. Bask\u0131<br \/>\nDil T\u00dcRK\u00c7E<br \/>\nSayfa Say\u0131s\u0131 88<br \/>\nCilt Tipi Karton Kapak<br \/>\nKa\u011f\u0131t Cinsi Kitap Ka\u011f\u0131d\u0131<br \/>\nBoyut 13.5 x 19.5 cm<\/p>","protected":false},"excerpt":{"rendered":"<p>KAHRAMAN \u00c7OCUKLAR\u2026<\/p>\n<p>Her \u00e7ocu\u011fun mutlaka bir veya birden fazla kahraman\u0131 vard\u0131r.<br \/>\nVe asl\u0131nda her \u00e7ocuk kahraman olmak ister.<br \/>\nElbetteki bir \u015feyin fark\u0131nda de\u011fildir.<br \/>\nAsl\u0131nda her \u00e7ocuk, gerekti\u011fi gibi davranabildi\u011fi s\u00fcrece bir kahramand\u0131r.<br \/>\nB\u00fct\u00fcn di\u011fer kahramanlar onun hayal d\u00fcnyas\u0131n\u0131n eseridir.<br \/>\n\u015eirin ve Can; \u00e7ok sevdikleri kahramanlarla ge\u00e7irecekleri maceralar ile birlikte asl\u0131nda ger\u00e7ek kahramanlar\u0131n kendileri oldu\u011funu \u00f6\u011freneceklerdir.<br \/>\nKahraman \u00c7ocuklar; \u201cGer\u00e7ek Kahramanlar\u201d\u0131n okumas\u0131 i\u00e7in\u2026<\/p>\n<p>PALYA\u00c7OLAR D\u0130YARI\u2019NIN KANKA\u2019SI\u2026<\/p>\n<p>T\u00fcrk Polis Te\u015fkilat\u0131m\u0131z hi\u00e7 \u015f\u00fcphe yok ki g\u00fcvenli\u011fimizin en b\u00fcy\u00fck teminat\u0131.<br \/>\nT\u00fcm \u00e7ocuklar\u0131m\u0131z\u0131n kahraman\u0131 Kanka Polis de; \u00e7ocuklar\u0131m\u0131z i\u00e7in \u00e7ok \u00f6nemli bilgiler i\u00e7eren bir tiyatro oyunu ile, hem de sevimli palya\u00e7olar e\u015fli\u011finde sahne al\u0131yor.<br \/>\nHem hayati \u00f6nem ta\u015f\u0131yan bilgiler edinmek, hem birbirinden sevimli Palya\u00e7olar\u0131n Diyar\u0131na e\u011flenceli bir yolculuk yapmak, hem de \u201cKanka Polis\u201din kahramanl\u0131klar\u0131na \u015fahit olmak i\u00e7in\u2026<br \/>\n\u201cKahraman \u00c7ocuklar\u201d ve \u201cPalya\u00e7olar Diyar\u0131\u2019n\u0131n Kanka\u2019s\u0131\u201d isimli iki tiyatro eserini i\u00e7eren bu kitab\u0131 okurken g\u00fczel zaman ge\u00e7irmeniz, faydal\u0131 bilgiler edinmeniz ve keyifle sahnelemeniz dilekleriyle\u2026<\/p>","protected":false},"featured_media":7763,"template":"","meta":{"spay_email":""},"product_cat":[172],"product_tag":[],"item":[694],"acf":[],"_links":{"self":[{"href":"https:\/\/mgvpublications.com\/de\/wp-json\/wp\/v2\/product\/7762"}],"collection":[{"href":"https:\/\/mgvpublications.com\/de\/wp-json\/wp\/v2\/product"}],"about":[{"href":"https:\/\/mgvpublications.com\/de\/wp-json\/wp\/v2\/types\/product"}],"wp:featuredmedia":[{"embeddable":true,"href":"https:\/\/mgvpublications.com\/de\/wp-json\/wp\/v2\/media\/7763"}],"wp:attachment":[{"href":"https:\/\/mgvpublications.com\/de\/wp-json\/wp\/v2\/media?parent=7762"}],"wp:term":[{"taxonomy":"product_cat","embeddable":true,"href":"https:\/\/mgvpublications.com\/de\/wp-json\/wp\/v2\/product_cat?post=7762"},{"taxonomy":"product_tag","embeddable":true,"href":"https:\/\/mgvpublications.com\/de\/wp-json\/wp\/v2\/product_tag?post=7762"},{"taxonomy":"item","embeddable":true,"href":"https:\/\/mgvpublications.com\/de\/wp-json\/wp\/v2\/item?post=7762"}],"curies":[{"name":"wp","href":"https:\/\/api.w.org\/{rel}","templated":true}]}}