{"id":7760,"date":"2019-07-03T13:10:50","date_gmt":"2019-07-03T11:10:50","guid":{"rendered":"https:\/\/dev2.mgvpublications.com\/produkt\/arzular-uelkesi\/"},"modified":"2022-03-08T22:31:16","modified_gmt":"2022-03-08T21:31:16","slug":"arzular-uelkesi","status":"publish","type":"product","link":"https:\/\/mgvpublications.com\/de\/arzular-uelkesi\/","title":{"rendered":"Arzular \u00dclkesi"},"content":{"rendered":"<p>Yay\u0131n Tarihi 2018-11-26<br \/>\nISBN 6059275606<br \/>\nBask\u0131 Say\u0131s\u0131 1. Bask\u0131<br \/>\nDil T\u00dcRK\u00c7E<br \/>\nSayfa Say\u0131s\u0131 120<br \/>\nCilt Tipi Karton Kapak<br \/>\nKa\u011f\u0131t Cinsi Kitap Ka\u011f\u0131d\u0131<br \/>\nBoyut 13.5 x 19.5 cm<\/p>","protected":false},"excerpt":{"rendered":"<p>5 kitapl\u0131k bilgelik serisinde yazar, \u00e7ocuklar\u0131m\u0131z\u0131 e\u011flendirirken \u00f6\u011fretiyor, \u00f6\u011fretirken e\u011flendiriyor. Anka Ku\u015fu ile Alperen\u2019in maceralar\u0131nda, her bir kitapta ayr\u0131 bir \u00fclkeye gidiliyor ve bu \u00fclkelerde fazilet, erdem, ahl\u00e2k ve insan\u00ee de\u011ferler \u00fczerine kurulu maceralar ya\u015fan\u0131yor. Bazen k\u0131ssa i\u00e7inde k\u0131ssa ve r\u00fcya i\u00e7inde r\u00fcya metaforlar\u0131yla, \u00e7ocuklar\u0131m\u0131z\u0131n e\u011flenirken ayn\u0131 zamanda temel de\u011ferlerimizin fark\u0131ndal\u0131\u011f\u0131na varmas\u0131 ama\u00e7lan\u0131yor.<\/p>\n<p>\u201cAlperen, \u00e7ok zeki bir \u00e7ocuktu; kitap okumay\u0131 da \u00e7ok severdi. Ama bazen yaramazl\u0131klar da yapard\u0131. O g\u00fcn top oynarken, istemeden de olsa evin cam\u0131n\u0131 k\u0131rm\u0131\u015f, annesinden azar i\u015fitmi\u015fti. \u00dczg\u00fcn ve k\u00fcsk\u00fcn bir \u015fekilde odas\u0131na \u00e7ekildi, yata\u011f\u0131na uzand\u0131 ve kitab\u0131n\u0131 okumaya ba\u015flad\u0131.<br \/>\nBiraz sonra Alperen, g\u00f6\u011fs\u00fcnde kitap bulundu\u011fu h\u00e2lde derin bir uykuya dald\u0131. R\u00fcyas\u0131nda Anka Ku\u015fu ile tan\u0131\u015f\u0131p, onunla konu\u015fmaya ba\u015flad\u0131\u2026 Anka Ku\u015fu\u2019nun s\u00f6ylediklerine g\u00f6re,uzun ve macera dolu bir yolculu\u011fa \u00e7\u0131kacaklard\u0131 birlikte\u2026\u201d<\/p>","protected":false},"featured_media":7761,"template":"","meta":{"spay_email":""},"product_cat":[172],"product_tag":[],"item":[694],"acf":[],"_links":{"self":[{"href":"https:\/\/mgvpublications.com\/de\/wp-json\/wp\/v2\/product\/7760"}],"collection":[{"href":"https:\/\/mgvpublications.com\/de\/wp-json\/wp\/v2\/product"}],"about":[{"href":"https:\/\/mgvpublications.com\/de\/wp-json\/wp\/v2\/types\/product"}],"wp:featuredmedia":[{"embeddable":true,"href":"https:\/\/mgvpublications.com\/de\/wp-json\/wp\/v2\/media\/7761"}],"wp:attachment":[{"href":"https:\/\/mgvpublications.com\/de\/wp-json\/wp\/v2\/media?parent=7760"}],"wp:term":[{"taxonomy":"product_cat","embeddable":true,"href":"https:\/\/mgvpublications.com\/de\/wp-json\/wp\/v2\/product_cat?post=7760"},{"taxonomy":"product_tag","embeddable":true,"href":"https:\/\/mgvpublications.com\/de\/wp-json\/wp\/v2\/product_tag?post=7760"},{"taxonomy":"item","embeddable":true,"href":"https:\/\/mgvpublications.com\/de\/wp-json\/wp\/v2\/item?post=7760"}],"curies":[{"name":"wp","href":"https:\/\/api.w.org\/{rel}","templated":true}]}}