{"id":7756,"date":"2019-07-03T13:07:01","date_gmt":"2019-07-03T11:07:01","guid":{"rendered":"https:\/\/dev2.mgvpublications.com\/produkt\/fikhi-batin\/"},"modified":"2022-03-08T22:31:14","modified_gmt":"2022-03-08T21:31:14","slug":"fikhi-batin","status":"publish","type":"product","link":"https:\/\/mgvpublications.com\/de\/fikhi-batin\/","title":{"rendered":"F\u0131kh\u0131 Bat\u0131n"},"content":{"rendered":"<p>Yay\u0131n Tarihi 2018-05-04<br \/>\nISBN 6059275637<br \/>\nBask\u0131 Say\u0131s\u0131 1. Bask\u0131<br \/>\nDil T\u00dcRK\u00c7E<br \/>\nSayfa Say\u0131s\u0131 136<br \/>\nCilt Tipi Karton Kapak<br \/>\nKa\u011f\u0131t Cinsi Kitap Ka\u011f\u0131d\u0131<br \/>\nBoyut 13.5 x 21 cm<\/p>","protected":false},"excerpt":{"rendered":"<p>Bu ris\u00e2lenin temel kayna\u011f\u0131, \u015eeyh \u00d6mer b. \u015eeyh Osman et-Tav\u00eel\u00e2n\u00ee\u2019nin halifesi \u015eeyh Muhammed Em\u00een el-Erbil\u00ee\u2019nin (k.s.)<br \/>\n\u201cTenv\u00eeru\u2019l-kul\u00fbb f\u00ee mu\u2019\u00e2meleti \u2018all\u00e2mi\u2019l-guy\u00fbb\u201d adl\u0131 eseridir. Fakat bu eserde s\u00e2d\u0131k kald\u0131\u011f\u0131m tek \u015fey, manay\u0131 korumak olmu\u015ftur. Bu sebeple, takd\u00eem-teh\u00eer, ekleme-\u00e7\u0131karma ve k\u0131saltma gibi tasarruflarda bulundum ve b\u00fct\u00fcn bunlar\u0131 belli bir hedef do\u011frultusunda yapt\u0131m. Cen\u00e2b-\u0131 Hak\u2019tan niy\u00e2z\u0131m; bu amelimi kendi r\u0131zas\u0131na muv\u00e2f\u0131k ve ilim t\u00e2liplerine m\u00fcyesser k\u0131lmas\u0131 ve hepimiz i\u00e7in faydal\u0131 olmas\u0131d\u0131r. Son duam\u0131z; \u00c2lemlerin Rabbi olan Allah\u2019a hamd olsun.\u201c<br \/>\nMerhum Seyda Muhammed Emin ER<\/p>","protected":false},"featured_media":7757,"template":"","meta":{"spay_email":""},"product_cat":[180,174],"product_tag":[],"item":[694],"acf":[],"_links":{"self":[{"href":"https:\/\/mgvpublications.com\/de\/wp-json\/wp\/v2\/product\/7756"}],"collection":[{"href":"https:\/\/mgvpublications.com\/de\/wp-json\/wp\/v2\/product"}],"about":[{"href":"https:\/\/mgvpublications.com\/de\/wp-json\/wp\/v2\/types\/product"}],"wp:featuredmedia":[{"embeddable":true,"href":"https:\/\/mgvpublications.com\/de\/wp-json\/wp\/v2\/media\/7757"}],"wp:attachment":[{"href":"https:\/\/mgvpublications.com\/de\/wp-json\/wp\/v2\/media?parent=7756"}],"wp:term":[{"taxonomy":"product_cat","embeddable":true,"href":"https:\/\/mgvpublications.com\/de\/wp-json\/wp\/v2\/product_cat?post=7756"},{"taxonomy":"product_tag","embeddable":true,"href":"https:\/\/mgvpublications.com\/de\/wp-json\/wp\/v2\/product_tag?post=7756"},{"taxonomy":"item","embeddable":true,"href":"https:\/\/mgvpublications.com\/de\/wp-json\/wp\/v2\/item?post=7756"}],"curies":[{"name":"wp","href":"https:\/\/api.w.org\/{rel}","templated":true}]}}