{"id":7751,"date":"2019-07-03T13:02:12","date_gmt":"2019-07-03T11:02:12","guid":{"rendered":"https:\/\/dev2.mgvpublications.com\/produkt\/doert-mezhebe-goere-namaz-risalesi\/"},"modified":"2022-03-08T22:31:13","modified_gmt":"2022-03-08T21:31:13","slug":"doert-mezhebe-goere-namaz-risalesi","status":"publish","type":"product","link":"https:\/\/mgvpublications.com\/de\/doert-mezhebe-goere-namaz-risalesi\/","title":{"rendered":"D\u00f6rt Mezhebe G\u00f6re Namaz Risalesi"},"content":{"rendered":"<p>Yay\u0131n Tarihi 2017-10-02<br \/>\nISBN 6059275583<br \/>\nBask\u0131 Say\u0131s\u0131 1. Bask\u0131<br \/>\nDil T\u00dcRK\u00c7E<br \/>\nSayfa Say\u0131s\u0131 160<br \/>\nCilt Tipi Karton Kapak<br \/>\nKa\u011f\u0131t Cinsi Kitap Ka\u011f\u0131d\u0131<br \/>\nBoyut 13.5 x 21 cm<\/p>","protected":false},"excerpt":{"rendered":"<p>Seyda Muhammed Emin Er\u2019in namazla ilgili bu m\u00fcstakil eserini sunmaktan dolay\u0131 mutluyuz.<br \/>\nBu eserin \u00f6zelli\u011fi, namaz ile ilgili d\u00f6rt mezhebin g\u00f6r\u00fc\u015flerini ve ihtilaflar\u0131n\u0131 bir arada zikretmi\u015f olmas\u0131d\u0131r.<br \/>\nOkuyucunun namaz konusunda mezhepler aras\u0131ndaki farkl\u0131 g\u00f6r\u00fc\u015flerin t\u00fcm\u00fcn\u00fc bir arada g\u00f6rm\u00fc\u015f olmas\u0131 a\u00e7\u0131s\u0131ndan \u00f6nemlidir.<br \/>\nBu durum, mezhep konusundaki taassubun da ortadan kalkmas\u0131na katk\u0131 sa\u011flayacakt\u0131r.<br \/>\nAyn\u0131 zamanda bu kitab\u0131n en \u00f6nemli \u00f6zelli\u011fi Arap\u00e7a asl\u0131yla<br \/>\nberaber yay\u0131nlanmas\u0131d\u0131r.<br \/>\nBu a\u00e7\u0131dan 2 Dil 1 Kitap&#8217;ta toplanm\u0131\u015ft\u0131r.<br \/>\nBu eserin \u00e7ok \u00f6nemli bir bo\u015flu\u011fu<br \/>\ndolduraca\u011f\u0131na inan\u0131yoruz.<\/p>","protected":false},"featured_media":7752,"template":"","meta":{"spay_email":""},"product_cat":[180,174],"product_tag":[],"item":[694],"acf":[],"_links":{"self":[{"href":"https:\/\/mgvpublications.com\/de\/wp-json\/wp\/v2\/product\/7751"}],"collection":[{"href":"https:\/\/mgvpublications.com\/de\/wp-json\/wp\/v2\/product"}],"about":[{"href":"https:\/\/mgvpublications.com\/de\/wp-json\/wp\/v2\/types\/product"}],"wp:featuredmedia":[{"embeddable":true,"href":"https:\/\/mgvpublications.com\/de\/wp-json\/wp\/v2\/media\/7752"}],"wp:attachment":[{"href":"https:\/\/mgvpublications.com\/de\/wp-json\/wp\/v2\/media?parent=7751"}],"wp:term":[{"taxonomy":"product_cat","embeddable":true,"href":"https:\/\/mgvpublications.com\/de\/wp-json\/wp\/v2\/product_cat?post=7751"},{"taxonomy":"product_tag","embeddable":true,"href":"https:\/\/mgvpublications.com\/de\/wp-json\/wp\/v2\/product_tag?post=7751"},{"taxonomy":"item","embeddable":true,"href":"https:\/\/mgvpublications.com\/de\/wp-json\/wp\/v2\/item?post=7751"}],"curies":[{"name":"wp","href":"https:\/\/api.w.org\/{rel}","templated":true}]}}