{"id":7749,"date":"2019-07-03T13:00:01","date_gmt":"2019-07-03T11:00:01","guid":{"rendered":"https:\/\/dev2.mgvpublications.com\/produkt\/ahlak-risalesi\/"},"modified":"2022-03-08T22:31:13","modified_gmt":"2022-03-08T21:31:13","slug":"ahlak-risalesi","status":"publish","type":"product","link":"https:\/\/mgvpublications.com\/de\/ahlak-risalesi\/","title":{"rendered":"Ahlak Risalesi"},"content":{"rendered":"<p>Yay\u0131n Tarihi 2017-03-01<br \/>\nISBN 6059275392<br \/>\nBask\u0131 Say\u0131s\u0131 1. Bask\u0131<br \/>\nDil T\u00dcRK\u00c7E<br \/>\nSayfa Say\u0131s\u0131 176<br \/>\nCilt Tipi Karton Kapak<br \/>\nKa\u011f\u0131t Cinsi Kitap Ka\u011f\u0131d\u0131<br \/>\nBoyut 13.5 x 21 cm<\/p>","protected":false},"excerpt":{"rendered":"<p>Bu eser Seyda Muhammed Emin ER hocaefendinin risalelerinin ikincisidir. Daha \u00f6nce yay\u0131nlad\u0131\u011f\u0131m\u0131z Akaid Risalesinin devam\u0131d\u0131r.Bu risale genel anlamda ahlak teorisi ve ahlak prati\u011fini anlatan k\u00fc\u00e7\u00fck ama hacimli bir eserdir.Kitap iki b\u00f6l\u00fcmden olu\u015fmaktad\u0131r.<\/p>\n<p>Birinci B\u00f6l\u00fcm: Ruhsal ahlak.<br \/>\nDokuz ba\u015fl\u0131kta ele al\u0131nd\u0131:<br \/>\n1. Ahlak\u0131n tan\u0131m\u0131<br \/>\n2. G\u00fczel ve \u00e7irkin ahlak\u0131n kayna\u011f\u0131 ve g\u00fczel ahlak\u0131n fazileti<br \/>\n3. G\u00fczel ahlak\u0131n sonu\u00e7lar\u0131<br \/>\n4. E\u011fitimi kabul edip etmeme y\u00f6n\u00fcnden insan ahlak\u0131<br \/>\n5. Ahlak\u0131 bozan \u015feyler<br \/>\n6. Nefsi ar\u0131tman\u0131n yollar\u0131<br \/>\n7. Hastal\u0131k ve k\u00f6t\u00fc ahlak\u0131n tedavi metotlar\u0131<br \/>\n8. G\u00fczel ahlak ilkelerine ekler<br \/>\n9. Y\u00fcce ama\u00e7lar i\u00e7in gayret g\u00f6stermek<\/p>\n<p>\u0130kinci B\u00f6l\u00fcm:G\u00fczel Ahlak\u0131 Ku\u015fanmak.<br \/>\n\u00dc\u00e7 ba\u015fl\u0131kta ele al\u0131nd\u0131:<br \/>\n1-D\u00fczenli ahlak<br \/>\n2-Edeb\u00ee ahlak<br \/>\n3-Terbiyev\u00ee ahlak<\/p>","protected":false},"featured_media":7750,"template":"","meta":{"spay_email":""},"product_cat":[180,174],"product_tag":[],"item":[694],"acf":[],"_links":{"self":[{"href":"https:\/\/mgvpublications.com\/de\/wp-json\/wp\/v2\/product\/7749"}],"collection":[{"href":"https:\/\/mgvpublications.com\/de\/wp-json\/wp\/v2\/product"}],"about":[{"href":"https:\/\/mgvpublications.com\/de\/wp-json\/wp\/v2\/types\/product"}],"wp:featuredmedia":[{"embeddable":true,"href":"https:\/\/mgvpublications.com\/de\/wp-json\/wp\/v2\/media\/7750"}],"wp:attachment":[{"href":"https:\/\/mgvpublications.com\/de\/wp-json\/wp\/v2\/media?parent=7749"}],"wp:term":[{"taxonomy":"product_cat","embeddable":true,"href":"https:\/\/mgvpublications.com\/de\/wp-json\/wp\/v2\/product_cat?post=7749"},{"taxonomy":"product_tag","embeddable":true,"href":"https:\/\/mgvpublications.com\/de\/wp-json\/wp\/v2\/product_tag?post=7749"},{"taxonomy":"item","embeddable":true,"href":"https:\/\/mgvpublications.com\/de\/wp-json\/wp\/v2\/item?post=7749"}],"curies":[{"name":"wp","href":"https:\/\/api.w.org\/{rel}","templated":true}]}}