{"id":7739,"date":"2019-07-03T12:37:52","date_gmt":"2019-07-03T10:37:52","guid":{"rendered":"https:\/\/dev2.mgvpublications.com\/produkt\/efendiler-bagi-davut-sulari-yasami-ve-siirleri\/"},"modified":"2022-03-08T22:31:13","modified_gmt":"2022-03-08T21:31:13","slug":"efendiler-bagi-davut-sulari-yasami-ve-siirleri","status":"publish","type":"product","link":"https:\/\/mgvpublications.com\/de\/efendiler-bagi-davut-sulari-yasami-ve-siirleri\/","title":{"rendered":"Efendiler Ba\u011f\u0131 Davut Sulari Ya\u015fam\u0131 ve \u015eiirleri"},"content":{"rendered":"<p>Yay\u0131n Tarihi 2018-03-06<br \/>\nISBN 6059275767<br \/>\nBask\u0131 Say\u0131s\u0131 1. Bask\u0131<br \/>\nDil T\u00dcRK\u00c7E<br \/>\nSayfa Say\u0131s\u0131 184<br \/>\nCilt Tipi Karton Kapak<br \/>\nKa\u011f\u0131t Cinsi Kitap Ka\u011f\u0131d\u0131<br \/>\nBoyut 13.5 x 21 cm<\/p>","protected":false},"excerpt":{"rendered":"<p>\u00c2\u015f\u0131k tarz\u0131n\u0131n Veysel\u2019den sonra \u00fc\u00e7 veya d\u00f6rt dikkate de\u011fer isminden s\u00f6z edilebilir: Erzurumlu Reyhan\u00ee, bilhassa siyasal ta\u015flamalar\u0131yla \u00fcnlenen Mahs\u00fbn\u00ee, tek ba\u015f\u0131na bir y\u00f6reyi ve bir sevday\u0131 ta\u015f\u0131yan m\u0131zrab\u0131 ve sedas\u0131 harikulade olan Ne\u015fet Erta\u015f, Erzincan\u2019dan en g\u00fczel deyi\u015f ve nefeslere imza atan Daimi ve son olarak yine Erzincan\u2019\u0131n \u00c7ay\u0131rl\u0131 beldesinden Davut Sular\u00ee&#8230;<br \/>\nDo\u011fu Anadolu b\u00f6lgesinde as\u0131rlar \u00f6tesinden g\u00fcn\u00fcm\u00fcze kadar ula\u015fan efsaneler, menk\u0131beler ve deyi\u015fleri saz\u0131yla yeni bir forma b\u00fcr\u00fcnd\u00fcren, \u015fiirle\u015ftiren ve dillerden hi\u00e7 d\u00fc\u015fmeyecek t\u00fcrk\u00fclere d\u00f6n\u00fc\u015ft\u00fcren \u00c2\u015f\u0131kl\u0131k gelene\u011finin son y\u00fczy\u0131lda yeti\u015ftirmi\u015f oldu\u011fu en \u00f6nemli temsilcilerinden bu b\u00fcy\u00fck ustan\u0131n; A\u015f\u0131k Davut Sul\u00e2r\u00ee&#8217;nin hayat\u0131, sanat\u0131 ve \u015fiirleri bu \u00e7al\u0131\u015fma sayesinde okurla bulu\u015fuyor.<\/p>","protected":false},"featured_media":7740,"template":"","meta":{"spay_email":""},"product_cat":[168],"product_tag":[],"item":[694],"acf":[],"_links":{"self":[{"href":"https:\/\/mgvpublications.com\/de\/wp-json\/wp\/v2\/product\/7739"}],"collection":[{"href":"https:\/\/mgvpublications.com\/de\/wp-json\/wp\/v2\/product"}],"about":[{"href":"https:\/\/mgvpublications.com\/de\/wp-json\/wp\/v2\/types\/product"}],"wp:featuredmedia":[{"embeddable":true,"href":"https:\/\/mgvpublications.com\/de\/wp-json\/wp\/v2\/media\/7740"}],"wp:attachment":[{"href":"https:\/\/mgvpublications.com\/de\/wp-json\/wp\/v2\/media?parent=7739"}],"wp:term":[{"taxonomy":"product_cat","embeddable":true,"href":"https:\/\/mgvpublications.com\/de\/wp-json\/wp\/v2\/product_cat?post=7739"},{"taxonomy":"product_tag","embeddable":true,"href":"https:\/\/mgvpublications.com\/de\/wp-json\/wp\/v2\/product_tag?post=7739"},{"taxonomy":"item","embeddable":true,"href":"https:\/\/mgvpublications.com\/de\/wp-json\/wp\/v2\/item?post=7739"}],"curies":[{"name":"wp","href":"https:\/\/api.w.org\/{rel}","templated":true}]}}