{"id":7737,"date":"2019-07-03T12:34:32","date_gmt":"2019-07-03T10:34:32","guid":{"rendered":"https:\/\/dev2.mgvpublications.com\/produkt\/allahi-hatirlatan-oeykueler\/"},"modified":"2022-03-08T22:31:12","modified_gmt":"2022-03-08T21:31:12","slug":"allahi-hatirlatan-oeykueler","status":"publish","type":"product","link":"https:\/\/mgvpublications.com\/de\/allahi-hatirlatan-oeykueler\/","title":{"rendered":"Allah\u2019\u0131 Hat\u0131rlatan \u00d6yk\u00fcler"},"content":{"rendered":"<p>Yay\u0131n Tarihi 2019-04-01<br \/>\nISBN 6059275088<br \/>\nBask\u0131 Say\u0131s\u0131 1. Bask\u0131<br \/>\nDil T\u00dcRK\u00c7E<br \/>\nSayfa Say\u0131s\u0131 160<br \/>\nCilt Tipi Karton Kapak<br \/>\nKa\u011f\u0131t Cinsi Kitap Ka\u011f\u0131d\u0131<br \/>\nBoyut 13.5 x 21 cm<\/p>","protected":false},"excerpt":{"rendered":"<p>Allah\u2019\u0131 Hat\u0131rlatan \u00d6yk\u00fcler\u201d yazar\u0131n piyasaya \u00e7\u0131kan ilk eseridir. Daha \u00f6nce \u00e7e\u015fitli gazete ve dergilerde y\u00fcz\u00fcn \u00fcst\u00fcnde yaz\u0131lar\u0131 yay\u0131nlanm\u0131\u015f olan yazar; bu eserinde ak\u0131c\u0131, candan ve i\u00e7ten bir dil kullanarak okuyucuya Allah\u2019\u0131 hat\u0131rlatmay\u0131 ama\u00e7 edinirken O\u2019nu sevmeyi ve O\u2019na kul olmay\u0131 hat\u0131rlatmaktad\u0131r \u00f6yk\u00fc tad\u0131nda.<\/p>\n<p>Sahabe, Tabiin ve di\u011fer M\u00fcsl\u00fcmanlar\u0131n ya\u015fad\u0131klar\u0131n\u0131 bireysel yorumlarla ve \u00f6zg\u00fcn olay \u00f6rg\u00fcs\u00fcyle dile getiren yazar onlar\u0131n sevgi duyu\u015flar\u0131n\u0131 ve inan\u0131\u015flar\u0131n\u0131 g\u00fcn\u00fcm\u00fcze ta\u015f\u0131yarak okuyucunun g\u00f6z\u00fcnde ula\u015fmas\u0131 gereken tabloyu \u00e7izmektedir.<\/p>","protected":false},"featured_media":7738,"template":"","meta":{"spay_email":""},"product_cat":[168],"product_tag":[],"item":[694],"acf":[],"_links":{"self":[{"href":"https:\/\/mgvpublications.com\/de\/wp-json\/wp\/v2\/product\/7737"}],"collection":[{"href":"https:\/\/mgvpublications.com\/de\/wp-json\/wp\/v2\/product"}],"about":[{"href":"https:\/\/mgvpublications.com\/de\/wp-json\/wp\/v2\/types\/product"}],"wp:featuredmedia":[{"embeddable":true,"href":"https:\/\/mgvpublications.com\/de\/wp-json\/wp\/v2\/media\/7738"}],"wp:attachment":[{"href":"https:\/\/mgvpublications.com\/de\/wp-json\/wp\/v2\/media?parent=7737"}],"wp:term":[{"taxonomy":"product_cat","embeddable":true,"href":"https:\/\/mgvpublications.com\/de\/wp-json\/wp\/v2\/product_cat?post=7737"},{"taxonomy":"product_tag","embeddable":true,"href":"https:\/\/mgvpublications.com\/de\/wp-json\/wp\/v2\/product_tag?post=7737"},{"taxonomy":"item","embeddable":true,"href":"https:\/\/mgvpublications.com\/de\/wp-json\/wp\/v2\/item?post=7737"}],"curies":[{"name":"wp","href":"https:\/\/api.w.org\/{rel}","templated":true}]}}