{"id":7735,"date":"2019-07-03T12:32:36","date_gmt":"2019-07-03T10:32:36","guid":{"rendered":"https:\/\/dev2.mgvpublications.com\/produkt\/beni-goeremezsin\/"},"modified":"2022-03-08T22:31:09","modified_gmt":"2022-03-08T21:31:09","slug":"beni-goeremezsin","status":"publish","type":"product","link":"https:\/\/mgvpublications.com\/de\/beni-goeremezsin\/","title":{"rendered":"Beni G\u00f6remezsin"},"content":{"rendered":"<p>Yay\u0131n Tarihi 2018-11-05<br \/>\nISBN 6057934024<br \/>\nBask\u0131 Say\u0131s\u0131 1. Bask\u0131<br \/>\nDil T\u00dcRK\u00c7E<br \/>\nSayfa Say\u0131s\u0131 328<br \/>\nCilt Tipi Karton Kapak<br \/>\nKa\u011f\u0131t Cinsi Kitap Ka\u011f\u0131d\u0131<br \/>\nBoyut 13.5 x 21 cm<\/p>","protected":false},"excerpt":{"rendered":"<p>\u00c7ok etkilendi\u011fimi belirtmeliyim. Alim AKCA ger\u00e7ekten de bir tahkiyeci ve romanc\u0131. Dili kullanma bi\u00e7imi, muhayyilesi, kurgu yetene\u011fi harikulade.<br \/>\nSad\u0131k YALSIZU\u00c7ANLAR<\/p>\n<p>\u201c\u0130nsan baz\u0131 baz\u0131 bir a\u011fa\u00e7t\u0131r; y\u00fcr\u00fcy\u00fc\u015f\u00fc o kadar a\u011f\u0131rd\u0131r ki hareket etti\u011fini g\u00f6remezsin. Baz\u0131 baz\u0131 bir ceylan boynudur aslan a\u011fz\u0131nda; kan\u0131ndan dolay\u0131 onu sevemezsin. Bazen bir ev olur insan, i\u00e7i kalabal\u0131klar ve yaln\u0131zl\u0131klarla dolup bo\u015fal\u0131r. Bir g\u00fcn ate\u015f olmu\u015ftur, yakar. Bir cami temelindeki manast\u0131r ta\u015f\u0131d\u0131r. Bir g\u00fcn bakm\u0131\u015fs\u0131n bir gemidir, uzaklara giden\u2026 Yanan, esen, \u0131\u015f\u0131yand\u0131r insan. D\u00fcnyada g\u00f6r\u00fcnen ne varsa insand\u0131r\u2026\u201d<\/p>\n<p>Edebiyat literat\u00fcr\u00fcnde iz b\u0131rakacak \u00f6zg\u00fcn bir eseri Mevsimler Kitap olarak k\u0131ymetli okurlar\u0131m\u0131za sunmaktan dolay\u0131 mutluyuz<\/p>","protected":false},"featured_media":7736,"template":"","meta":{"spay_email":""},"product_cat":[168],"product_tag":[],"item":[694],"acf":[],"_links":{"self":[{"href":"https:\/\/mgvpublications.com\/de\/wp-json\/wp\/v2\/product\/7735"}],"collection":[{"href":"https:\/\/mgvpublications.com\/de\/wp-json\/wp\/v2\/product"}],"about":[{"href":"https:\/\/mgvpublications.com\/de\/wp-json\/wp\/v2\/types\/product"}],"wp:featuredmedia":[{"embeddable":true,"href":"https:\/\/mgvpublications.com\/de\/wp-json\/wp\/v2\/media\/7736"}],"wp:attachment":[{"href":"https:\/\/mgvpublications.com\/de\/wp-json\/wp\/v2\/media?parent=7735"}],"wp:term":[{"taxonomy":"product_cat","embeddable":true,"href":"https:\/\/mgvpublications.com\/de\/wp-json\/wp\/v2\/product_cat?post=7735"},{"taxonomy":"product_tag","embeddable":true,"href":"https:\/\/mgvpublications.com\/de\/wp-json\/wp\/v2\/product_tag?post=7735"},{"taxonomy":"item","embeddable":true,"href":"https:\/\/mgvpublications.com\/de\/wp-json\/wp\/v2\/item?post=7735"}],"curies":[{"name":"wp","href":"https:\/\/api.w.org\/{rel}","templated":true}]}}