{"id":7733,"date":"2019-07-03T12:29:43","date_gmt":"2019-07-03T10:29:43","guid":{"rendered":"https:\/\/dev2.mgvpublications.com\/produkt\/taksi\/"},"modified":"2022-03-08T22:31:09","modified_gmt":"2022-03-08T21:31:09","slug":"taksi","status":"publish","type":"product","link":"https:\/\/mgvpublications.com\/de\/taksi\/","title":{"rendered":"Taksi"},"content":{"rendered":"<p>\u00c7evirmen: Prof. Dr. Ahmet Kaz\u0131m \u00dcr\u00fcn<br \/>\nYay\u0131n Tarihi 2018-01-02<br \/>\nISBN 6059275743<br \/>\nBask\u0131 Say\u0131s\u0131 1. Bask\u0131<br \/>\nDil T\u00dcRK\u00c7E<br \/>\nSayfa Say\u0131s\u0131 208<br \/>\nCilt Tipi Karton Kapak<br \/>\nKa\u011f\u0131t Cinsi Kitap Ka\u011f\u0131d\u0131<br \/>\nBoyut 13.5 x 21 cm<\/p>","protected":false},"excerpt":{"rendered":"<p>G\u00fcncel M\u0131s\u0131r edebiyat\u0131n\u0131n en ba\u015far\u0131l\u0131 \u00f6rneklerinden biri olan Taksi, 10&#8217;dan fazla dile \u00e7evrildi!<br \/>\nTaksi \u015fof\u00f6rleri, bu gezegenin en \u00e7ok \u00e7e\u015fitlilik i\u00e7eren t\u00fcrlerinden biridir. Bu roman, hareketsiz kalmay\u0131 reddeden Kahire&#8217;nin kirli, aff\u0131 olmayan sokaklar\u0131n\u0131n ger\u00e7ek y\u00fcz\u00fcn\u00fc ortaya koyuyor.<\/p>\n<p>Kahire taksilerinden 58 kurgusal monolo\u011fu bir araya getirerek okuru \u015fehrin kaotik sokaklar\u0131nda heyecanl\u0131 bir tura \u00e7\u0131karan bu kitap, s\u00f6zl\u00fc anlat\u0131m gelene\u011finin klasiklerinden biri olarak kabul ediliyor.<\/p>\n<p>Kitab\u0131n\u0131 &#8220;yoksullar\u0131n kelimelerinde ya\u015fanan hayata&#8221; adad\u0131\u011f\u0131n\u0131 s\u00f6ylenen Khamissi, Kahire sokaklar\u0131n\u0131 80.000 taksi \u015fof\u00f6r\u00fcn\u00fcn g\u00f6z\u00fcnden anlat\u0131yor.<br \/>\n*Taksi, standart Arap\u00e7a ile de\u011fil, leh\u00e7eyle yaz\u0131lm\u0131\u015f ve bu ger\u00e7eklikle edebi olarak sayg\u0131nl\u0131k kazanabilmi\u015f ender romanlardan biri.<br \/>\n*Bir y\u0131l i\u00e7erisinde 7 bask\u0131 yapan roman, 3000 kopya satan kitaplar\u0131n bile \u00e7oksatar listelerine girdi\u011fi M\u0131s\u0131r&#8217;da 75.000 adet satt\u0131.<br \/>\nBu g\u00fczel eseri yay\u0131nlayarak sizlere Kahire\u2019nin dolay\u0131s\u0131yla Afrika\u2019n\u0131n kap\u0131lar\u0131n\u0131 a\u00e7\u0131yoruz\u2026<\/p>","protected":false},"featured_media":14278,"template":"","meta":{"spay_email":""},"product_cat":[168],"product_tag":[],"item":[694],"acf":[],"_links":{"self":[{"href":"https:\/\/mgvpublications.com\/de\/wp-json\/wp\/v2\/product\/7733"}],"collection":[{"href":"https:\/\/mgvpublications.com\/de\/wp-json\/wp\/v2\/product"}],"about":[{"href":"https:\/\/mgvpublications.com\/de\/wp-json\/wp\/v2\/types\/product"}],"wp:featuredmedia":[{"embeddable":true,"href":"https:\/\/mgvpublications.com\/de\/wp-json\/wp\/v2\/media\/14278"}],"wp:attachment":[{"href":"https:\/\/mgvpublications.com\/de\/wp-json\/wp\/v2\/media?parent=7733"}],"wp:term":[{"taxonomy":"product_cat","embeddable":true,"href":"https:\/\/mgvpublications.com\/de\/wp-json\/wp\/v2\/product_cat?post=7733"},{"taxonomy":"product_tag","embeddable":true,"href":"https:\/\/mgvpublications.com\/de\/wp-json\/wp\/v2\/product_tag?post=7733"},{"taxonomy":"item","embeddable":true,"href":"https:\/\/mgvpublications.com\/de\/wp-json\/wp\/v2\/item?post=7733"}],"curies":[{"name":"wp","href":"https:\/\/api.w.org\/{rel}","templated":true}]}}