{"id":7727,"date":"2019-07-03T12:19:52","date_gmt":"2019-07-03T10:19:52","guid":{"rendered":"https:\/\/dev2.mgvpublications.com\/produkt\/iki-kapili-bir-handa\/"},"modified":"2022-03-08T22:31:09","modified_gmt":"2022-03-08T21:31:09","slug":"iki-kapili-bir-handa","status":"publish","type":"product","link":"https:\/\/mgvpublications.com\/de\/iki-kapili-bir-handa\/","title":{"rendered":"\u0130ki Kap\u0131l\u0131 Bir Han\u2019da"},"content":{"rendered":"<p>Yay\u0131n Tarihi 2017-01-28<br \/>\nISBN 6059275354<br \/>\nBask\u0131 Say\u0131s\u0131 1. Bask\u0131<br \/>\nDil T\u00dcRK\u00c7E<br \/>\nSayfa Say\u0131s\u0131 168<br \/>\nCilt Tipi Karton Kapak<br \/>\nKa\u011f\u0131t Cinsi Kitap Ka\u011f\u0131d\u0131<br \/>\nBoyut 13.5 x 21 cm<\/p>","protected":false},"excerpt":{"rendered":"<p>\u201cYine koydum kafam\u0131 yast\u0131\u011fa.<br \/>\nYine g\u00f6zlerim tavanda, kaybettiklerini ar\u0131yor.<br \/>\nTavan de\u011fil, zaman t\u00fcneli sanki g\u00f6zlerim<br \/>\nge\u00e7en otuz sekiz seneyi sorguya \u00e7ekiyor.<br \/>\nH\u00e2kim benim, yarg\u0131\u00e7 benim, savc\u0131 ben.<br \/>\nSu\u00e7lu benim, mahk\u00fbm benim, tan\u0131k ben.<br \/>\nTaaaaa, akl\u0131m ba\u015f\u0131ma geldi\u011finden beri<br \/>\nkendimle benim meselem.\u201d<br \/>\n\u0130\u015fte b\u00f6yle anlat\u0131yor yazar bu kitapta meselesini.K\u0131vrak bir kalem,i\u00e7ten gelen duygular ve zaman zaman d\u00fc\u015f\u00fcnd\u00fcren,zaman zaman ba\u015fka alemlere yelken a\u00e7an bir kitap.K\u0131sacas\u0131 hepimiz \u201d\u0130K\u0130 KAPILI B\u0130R HAN\u2019DA\u201d de\u011fimliyiz dostlar\u2026\u2026<br \/>\ngizle<\/p>","protected":false},"featured_media":7728,"template":"","meta":{"spay_email":""},"product_cat":[168],"product_tag":[],"item":[694],"acf":[],"_links":{"self":[{"href":"https:\/\/mgvpublications.com\/de\/wp-json\/wp\/v2\/product\/7727"}],"collection":[{"href":"https:\/\/mgvpublications.com\/de\/wp-json\/wp\/v2\/product"}],"about":[{"href":"https:\/\/mgvpublications.com\/de\/wp-json\/wp\/v2\/types\/product"}],"wp:featuredmedia":[{"embeddable":true,"href":"https:\/\/mgvpublications.com\/de\/wp-json\/wp\/v2\/media\/7728"}],"wp:attachment":[{"href":"https:\/\/mgvpublications.com\/de\/wp-json\/wp\/v2\/media?parent=7727"}],"wp:term":[{"taxonomy":"product_cat","embeddable":true,"href":"https:\/\/mgvpublications.com\/de\/wp-json\/wp\/v2\/product_cat?post=7727"},{"taxonomy":"product_tag","embeddable":true,"href":"https:\/\/mgvpublications.com\/de\/wp-json\/wp\/v2\/product_tag?post=7727"},{"taxonomy":"item","embeddable":true,"href":"https:\/\/mgvpublications.com\/de\/wp-json\/wp\/v2\/item?post=7727"}],"curies":[{"name":"wp","href":"https:\/\/api.w.org\/{rel}","templated":true}]}}