{"id":7725,"date":"2019-07-03T12:17:18","date_gmt":"2019-07-03T10:17:18","guid":{"rendered":"https:\/\/dev2.mgvpublications.com\/produkt\/sofra\/"},"modified":"2022-03-08T22:31:09","modified_gmt":"2022-03-08T21:31:09","slug":"sofra","status":"publish","type":"product","link":"https:\/\/mgvpublications.com\/de\/sofra\/","title":{"rendered":"Sofra"},"content":{"rendered":"<p>Yay\u0131n Tarihi 2017-10-02<br \/>\nISBN 6059275576<br \/>\nBask\u0131 Say\u0131s\u0131 1. Bask\u0131<br \/>\nDil T\u00dcRK\u00c7E<br \/>\nSayfa Say\u0131s\u0131 192<br \/>\nCilt Tipi Karton Kapak<br \/>\nKa\u011f\u0131t Cinsi Kitap Ka\u011f\u0131d\u0131<br \/>\nBoyut 13.5 x 21 cm<\/p>","protected":false},"excerpt":{"rendered":"<p>&#8220;&#8230;. sofra, bir bak\u0131ma g\u00f6\u011fe aittir. Yery\u00fcz\u00fcne<br \/>\nserilmektedir, ama semav\u00eedir.<br \/>\nG\u00f6k, insan\u0131n ruhu, arz ise bedenidir.<br \/>\nYani sofra, ruhtan bedene,<br \/>\nRahman\u2019dan nefse l\u00fctfedilmi\u015f oland\u0131r.&#8221;<br \/>\n&#8220;Sofray\u0131, yer ve g\u00f6k bi\u00e7iminde nitelemek<br \/>\ndo\u011fru de\u011fildir.<br \/>\n\u0130ster yere isterse g\u00f6\u011fe ait olsun, b\u00fct\u00fcn sofralar<br \/>\ng\u00f6kseldir.<br \/>\nSofra, ayn\u0131 zamanda herkesin \u00e7a\u011fr\u0131ld\u0131\u011f\u0131 ve<br \/>\noturdu\u011fu bir nimet \u015f\u00f6lenidir.<br \/>\nM\u00fclkiyetin ferd\u00eeli\u011fi burada iflas eder.<br \/>\nBuras\u0131 \u00f6zg\u00fcrle\u015fme mahallidir.<br \/>\nHerkes doyar bu sofrada, her \u015fey davetlidir.<br \/>\nG\u00fczel, iyi olan ne varsa burada sergilenir.<br \/>\nDostun sofras\u0131d\u0131r buras\u0131, Hz. \u0130brahim\u2019in bereketidir.<br \/>\nHz. \u0130sa\u2019n\u0131n diriltici nefesidir, karde\u015flik \u015f\u00f6lenidir.<br \/>\nDinin olgunla\u015ft\u0131\u011f\u0131, nimetin tamamland\u0131\u011f\u0131 yerdir.<br \/>\nRahmaniyyetin, Rahimiyyetin ve<br \/>\nUl\u00fbhiyyetin tecellig\u00e2h\u0131d\u0131r, \u00fc\u00e7ler s\u0131rr\u0131d\u0131r.&#8221;<\/p>","protected":false},"featured_media":7726,"template":"","meta":{"spay_email":""},"product_cat":[174,168],"product_tag":[],"item":[694],"acf":[],"_links":{"self":[{"href":"https:\/\/mgvpublications.com\/de\/wp-json\/wp\/v2\/product\/7725"}],"collection":[{"href":"https:\/\/mgvpublications.com\/de\/wp-json\/wp\/v2\/product"}],"about":[{"href":"https:\/\/mgvpublications.com\/de\/wp-json\/wp\/v2\/types\/product"}],"wp:featuredmedia":[{"embeddable":true,"href":"https:\/\/mgvpublications.com\/de\/wp-json\/wp\/v2\/media\/7726"}],"wp:attachment":[{"href":"https:\/\/mgvpublications.com\/de\/wp-json\/wp\/v2\/media?parent=7725"}],"wp:term":[{"taxonomy":"product_cat","embeddable":true,"href":"https:\/\/mgvpublications.com\/de\/wp-json\/wp\/v2\/product_cat?post=7725"},{"taxonomy":"product_tag","embeddable":true,"href":"https:\/\/mgvpublications.com\/de\/wp-json\/wp\/v2\/product_tag?post=7725"},{"taxonomy":"item","embeddable":true,"href":"https:\/\/mgvpublications.com\/de\/wp-json\/wp\/v2\/item?post=7725"}],"curies":[{"name":"wp","href":"https:\/\/api.w.org\/{rel}","templated":true}]}}