{"id":7723,"date":"2019-07-03T12:15:15","date_gmt":"2019-07-03T10:15:15","guid":{"rendered":"https:\/\/dev2.mgvpublications.com\/produkt\/askin-elif-hali\/"},"modified":"2022-03-08T22:31:09","modified_gmt":"2022-03-08T21:31:09","slug":"askin-elif-hali","status":"publish","type":"product","link":"https:\/\/mgvpublications.com\/de\/askin-elif-hali\/","title":{"rendered":"A\u015fk\u0131n Elif Hali"},"content":{"rendered":"<p>Yay\u0131n Tarihi 2017-10-02<br \/>\nISBN 6059275569<br \/>\nBask\u0131 Say\u0131s\u0131 1. Bask\u0131<br \/>\nDil T\u00dcRK\u00c7E<br \/>\nSayfa Say\u0131s\u0131 240<br \/>\nCilt Tipi Karton Kapak<br \/>\nKa\u011f\u0131t Cinsi Kitap Ka\u011f\u0131d\u0131<br \/>\nBoyut 13.5 x 21 cm<\/p>","protected":false},"excerpt":{"rendered":"<p>\u201cBir g\u00fcn e\u015fi Mevlana\u2019ya sorar;<br \/>\n\u200b-\u200bBu kadar \u00e2\u015f\u0131ks\u0131n Mevla\u2019ya, \u015f\u00fck\u00fcrler olsun\u2026<br \/>\nBu a\u015fk\u0131 ya\u015fay\u0131p ya\u015fatana\u2026<br \/>\n\u201cPeki bana ne kadar \u00e2\u015f\u0131ks\u0131n\u201d diye sorar\u2026<br \/>\nMevlana \u015f\u00f6yle cevap verir;<br \/>\n\u200b-\u200bSen benim;<br \/>\nYaratan\u2019dan \u00f6t\u00fcr\u00fc yarat\u0131lan\u0131 sevi\u015fim,<br \/>\nBir ad\u0131m gelene on ad\u0131m gidi\u015fimsin\u2026<br \/>\nVe herkesi oldu\u011fu gibi kabul edi\u015fimsin\u2026<br \/>\nSen benim;<br \/>\nBug\u00fcn\u00fcme \u015f\u00fck\u00fcr,<br \/>\nYar\u0131n\u0131ma dua edi\u015fim,<br \/>\nAzla yetini\u015fim,<br \/>\n\u00c7o\u011fa g\u00f6z dikmeyi\u015fimsin,<br \/>\nVe sen benim;<br \/>\nKapanmayan avu\u00e7 i\u00e7imsin\u2026<\/p>","protected":false},"featured_media":7724,"template":"","meta":{"spay_email":""},"product_cat":[168],"product_tag":[],"item":[694],"acf":[],"_links":{"self":[{"href":"https:\/\/mgvpublications.com\/de\/wp-json\/wp\/v2\/product\/7723"}],"collection":[{"href":"https:\/\/mgvpublications.com\/de\/wp-json\/wp\/v2\/product"}],"about":[{"href":"https:\/\/mgvpublications.com\/de\/wp-json\/wp\/v2\/types\/product"}],"wp:featuredmedia":[{"embeddable":true,"href":"https:\/\/mgvpublications.com\/de\/wp-json\/wp\/v2\/media\/7724"}],"wp:attachment":[{"href":"https:\/\/mgvpublications.com\/de\/wp-json\/wp\/v2\/media?parent=7723"}],"wp:term":[{"taxonomy":"product_cat","embeddable":true,"href":"https:\/\/mgvpublications.com\/de\/wp-json\/wp\/v2\/product_cat?post=7723"},{"taxonomy":"product_tag","embeddable":true,"href":"https:\/\/mgvpublications.com\/de\/wp-json\/wp\/v2\/product_tag?post=7723"},{"taxonomy":"item","embeddable":true,"href":"https:\/\/mgvpublications.com\/de\/wp-json\/wp\/v2\/item?post=7723"}],"curies":[{"name":"wp","href":"https:\/\/api.w.org\/{rel}","templated":true}]}}