{"id":7719,"date":"2019-07-03T12:06:49","date_gmt":"2019-07-03T10:06:49","guid":{"rendered":"https:\/\/dev2.mgvpublications.com\/produkt\/hikmet-yolcusuna-oeykueler\/"},"modified":"2022-03-08T22:31:08","modified_gmt":"2022-03-08T21:31:08","slug":"hikmet-yolcusuna-oeykueler","status":"publish","type":"product","link":"https:\/\/mgvpublications.com\/de\/hikmet-yolcusuna-oeykueler\/","title":{"rendered":"Hikmet Yolcusuna \u00d6yk\u00fcler"},"content":{"rendered":"<p>Yay\u0131n Tarihi 2019-05-30<br \/>\nISBN 6057934314<br \/>\nBask\u0131 Say\u0131s\u0131 1. Bask\u0131<br \/>\nDil T\u00dcRK\u00c7E<br \/>\nSayfa Say\u0131s\u0131 160<br \/>\nCilt Tipi Karton Kapak<br \/>\nKa\u011f\u0131t Cinsi Kitap Ka\u011f\u0131d\u0131<br \/>\nBoyut 13.5 x 21 cm<\/p>","protected":false},"excerpt":{"rendered":"<p>Hikmetli \u00f6yk\u00fcler, metaforlar vas\u0131tas\u0131yla insanlar\u0131n bilin\u00e7alt\u0131na hitap ederler. Bir olay\u0131 ya da durumu s\u0131k\u0131c\u0131 tekniklerle anlat\u0131p zihni kar\u0131\u015ft\u0131rmak yerine, her ya\u015ftan, her kesimden insan\u0131n anlayabilece\u011fi bir \u015fekilde basite indirgeyerek hik\u00e2yele\u015ftirirler. K\u0131ssadan hisse prensibi \u00f6n plandad\u0131r. \u0130nsanlar \u00f6yk\u00fcleri okurken, olay\u0131n i\u00e7erisine dal\u0131p giderler; bu s\u0131rada bilin\u00e7alt\u0131 kanallar\u0131 a\u00e7\u0131l\u0131r ve k\u0131ssalardan hikmetli mesajlar\u0131 almaya beynimiz haz\u0131r h\u00e2le gelir.<br \/>\nHikmetli \u00f6yk\u00fclerin bulu\u015ftu\u011fu ortak noktalar olduk\u00e7a fazlad\u0131r. Do\u011fruluk, d\u00fcr\u00fcstl\u00fck, erdem, sab\u0131r, \u00e7al\u0131\u015fkanl\u0131k, vicdan, Allah sevgisi, inan\u00e7, azim, tevazu, empati, vb. say\u0131s\u0131 olduk\u00e7a fazla, insan\u0131 insan yapan de\u011ferleri anlat\u0131rlar.<br \/>\nHikmet ehli s\u00f6zler s\u00f6ylemi\u015fler, ne g\u00fczel s\u00f6ylemi\u015fler\u2026 \u015eimdi gelin, hikmet ehlinin anlatt\u0131klar\u0131na kulak verelim. Gelin, onlar\u0131n g\u00f6n\u00fcl d\u00fcnyalar\u0131na misafir olal\u0131m ve on binlerce, y\u00fcz binlerce sayfalar\u0131ndan dam\u0131t\u0131lm\u0131\u015f k\u0131ssadan hisselerinden istifade edelim, feyz ve bereketlerinden pay alal\u0131m\u2026<br \/>\nGelin, hep birlikte hikmet yolculu\u011funa \u00e7\u0131kal\u0131m\u2026<\/p>","protected":false},"featured_media":7720,"template":"","meta":{"spay_email":""},"product_cat":[174],"product_tag":[],"item":[694],"acf":[],"_links":{"self":[{"href":"https:\/\/mgvpublications.com\/de\/wp-json\/wp\/v2\/product\/7719"}],"collection":[{"href":"https:\/\/mgvpublications.com\/de\/wp-json\/wp\/v2\/product"}],"about":[{"href":"https:\/\/mgvpublications.com\/de\/wp-json\/wp\/v2\/types\/product"}],"wp:featuredmedia":[{"embeddable":true,"href":"https:\/\/mgvpublications.com\/de\/wp-json\/wp\/v2\/media\/7720"}],"wp:attachment":[{"href":"https:\/\/mgvpublications.com\/de\/wp-json\/wp\/v2\/media?parent=7719"}],"wp:term":[{"taxonomy":"product_cat","embeddable":true,"href":"https:\/\/mgvpublications.com\/de\/wp-json\/wp\/v2\/product_cat?post=7719"},{"taxonomy":"product_tag","embeddable":true,"href":"https:\/\/mgvpublications.com\/de\/wp-json\/wp\/v2\/product_tag?post=7719"},{"taxonomy":"item","embeddable":true,"href":"https:\/\/mgvpublications.com\/de\/wp-json\/wp\/v2\/item?post=7719"}],"curies":[{"name":"wp","href":"https:\/\/api.w.org\/{rel}","templated":true}]}}