{"id":7717,"date":"2019-07-03T12:04:57","date_gmt":"2019-07-03T10:04:57","guid":{"rendered":"https:\/\/dev2.mgvpublications.com\/produkt\/kuranda-allahin-sevdigi-genclik\/"},"modified":"2022-03-08T22:31:08","modified_gmt":"2022-03-08T21:31:08","slug":"kuranda-allahin-sevdigi-genclik","status":"publish","type":"product","link":"https:\/\/mgvpublications.com\/de\/kuranda-allahin-sevdigi-genclik\/","title":{"rendered":"Kur\u2019an\u2019da Allah\u2019\u0131n Sevdi\u011fi Gen\u00e7lik"},"content":{"rendered":"<p>Yay\u0131n Tarihi 2019-05-30<br \/>\nISBN 6057934321<br \/>\nBask\u0131 Say\u0131s\u0131 1. Bask\u0131<br \/>\nDil T\u00dcRK\u00c7E<br \/>\nSayfa Say\u0131s\u0131 110<br \/>\nCilt Tipi Karton Kapak<br \/>\nKa\u011f\u0131t Cinsi Kitap Ka\u011f\u0131d\u0131<br \/>\nBoyut 13.5 x 21 cm<\/p>","protected":false},"excerpt":{"rendered":"<p>Bizi yarat\u0131p bu imtihan d\u00fcnyas\u0131na g\u00f6nderen Rabbimizin sevdi\u011fi gen\u00e7lik tipi nas\u0131ld\u0131r? Bu gen\u00e7lerin ahl\u00e2k\u00ee nitelikleri nelerdir? Allah (c.c.) hangi gen\u00e7leri sever?<br \/>\nT\u00fcm bu sorular\u0131n cevaplar\u0131n\u0131, b\u00fct\u00fcn \u00e7a\u011flar\u0131n, b\u00fct\u00fcn zamanlar\u0131n, b\u00fct\u00fcn mek\u00e2nlar\u0131n evrensel mesaj\u0131 olan kitab\u0131m\u0131z Kur\u2019an-\u0131 Kerim\u2019de bulabilirsiniz.<br \/>\nBu \u00e7al\u0131\u015fmam\u0131zda, Kur\u2019an-\u0131 Kerim\u2019de Allah\u2019\u0131n (c.c.) sevdi\u011fi ve raz\u0131 oldu\u011fu gen\u00e7lerin amel ve davran\u0131\u015flar\u0131n\u0131n neler oldu\u011funu bulabilirsiniz.<br \/>\n***<br \/>\n\u201cSana, her \u015feyi a\u00e7\u0131klayan ve M\u00fcsl\u00fcmanlara do\u011fru yolu g\u00f6steren bir rehber, rahmet ve m\u00fcjde olarak Kur\u2019an\u2019\u0131 indirdik.\u201d (Nahl Suresi, 89)<\/p>","protected":false},"featured_media":7718,"template":"","meta":{"spay_email":""},"product_cat":[171,174],"product_tag":[],"item":[694],"acf":[],"_links":{"self":[{"href":"https:\/\/mgvpublications.com\/de\/wp-json\/wp\/v2\/product\/7717"}],"collection":[{"href":"https:\/\/mgvpublications.com\/de\/wp-json\/wp\/v2\/product"}],"about":[{"href":"https:\/\/mgvpublications.com\/de\/wp-json\/wp\/v2\/types\/product"}],"wp:featuredmedia":[{"embeddable":true,"href":"https:\/\/mgvpublications.com\/de\/wp-json\/wp\/v2\/media\/7718"}],"wp:attachment":[{"href":"https:\/\/mgvpublications.com\/de\/wp-json\/wp\/v2\/media?parent=7717"}],"wp:term":[{"taxonomy":"product_cat","embeddable":true,"href":"https:\/\/mgvpublications.com\/de\/wp-json\/wp\/v2\/product_cat?post=7717"},{"taxonomy":"product_tag","embeddable":true,"href":"https:\/\/mgvpublications.com\/de\/wp-json\/wp\/v2\/product_tag?post=7717"},{"taxonomy":"item","embeddable":true,"href":"https:\/\/mgvpublications.com\/de\/wp-json\/wp\/v2\/item?post=7717"}],"curies":[{"name":"wp","href":"https:\/\/api.w.org\/{rel}","templated":true}]}}