{"id":7704,"date":"2019-07-03T11:39:48","date_gmt":"2019-07-03T09:39:48","guid":{"rendered":"https:\/\/dev2.mgvpublications.com\/produkt\/ben-oeteki-ve-oetesi\/"},"modified":"2022-04-26T15:43:00","modified_gmt":"2022-04-26T13:43:00","slug":"ben-oeteki-ve-oetesi","status":"publish","type":"product","link":"https:\/\/mgvpublications.com\/de\/ben-oeteki-ve-oetesi\/","title":{"rendered":"Ben, \u00d6teki ve \u00d6tesi"},"content":{"rendered":"<p>Yay\u0131n Tarihi: 19.04.2021<br \/>ISBN: 9789755748054<br \/>Dil: T\u00dcRK\u00c7E<br \/>Sayfa Say\u0131s\u0131: 720<br \/>Cilt Tipi: Karton Kapak<br \/>Ka\u011f\u0131t Cinsi: Kitap Ka\u011f\u0131d\u0131<br \/>Boyut: 16 x 23.5 cm<\/p>","protected":false},"excerpt":{"rendered":"<p>\u0130sl\u00e2m ve Bat\u0131\u2019n\u0131n i\u00e7 i\u00e7e ge\u00e7mi\u015f tarihinin ana hatlar\u0131n\u0131 ele alan bu \u00e7al\u0131\u015fma, siyas\u00ee, asker\u00ee ve toplumsal ili\u015fkilerin yan\u0131 s\u0131ra , \u2018ben\u2019 tasavvuru, \u2018\u00f6teki\u2019 alg\u0131s\u0131, zaman ve mek\u00e2n tasavvuru, sembolik dil ve imgeler \u00fczerinden in\u015fa edilen anlamlar d\u00fcnyas\u0131na e\u011filmeyi hedefliyor. Kitap \u0130sl\u00e2m ve Bat\u0131 toplumlar\u0131n\u0131n etkile\u015fim i\u00e7inde olan ve ted\u00e2h\u00fcl eden tarihlerinin d\u00fcn ve bug\u00fcn ifade etti\u011fi anlamlar\u0131 ortaya koymak i\u00e7in tarihten felsefeye, teolojiden sanata uzanan disiplinler aras\u0131 bir yakla\u015f\u0131m\u0131 esas al\u0131yor. Her \u2018ben\u2019 iddias\u0131 bir \u2018\u00f6teki\u2019nin varl\u0131\u011f\u0131n\u0131 tazammun ederken, her \u2018\u00f6teki\u2019 vurgusu da bir \u2018ben\u2019 tasavvuru in\u015fas\u0131n\u0131 zorunlu k\u0131lar. Fakat modern dikotomilerin tersine, bu ayr\u0131m\u0131 mutlakla\u015ft\u0131rarak sonsuz ve s\u0131n\u0131rs\u0131z d\u00fc\u015fmanlar \u00fcretmek gerekmiyor. \u2018\u00d6teki\u2019 \u00fczerinden verilen h\u00fck\u00fcmler, ayn\u0131 zamanda \u2018ben\u2019 ile, \u2018biz\u2019 ile ilgili tan\u0131mlamalar\u0131n da bir aynas\u0131d\u0131r. Bu kitap, \u0130sl\u00e2m ve Bat\u0131 ili\u015fkilerini tahlil ederken, arka planda yatan ben-\u00f6teki diyalekti\u011finin izd\u00fc\u015f\u00fcmlerini takip etmeyi ama\u00e7l\u0131yor. *** Geleneksel diyalektikte, \u201c\u0130steseydim sizi tek bir millet yapard\u0131m\u2026\u201d il\u00e2h\u00ee ferman\u0131n\u0131n kar\u015f\u0131t anlam\u0131n\u0131 yakalama gere\u011fi olarak \u2018\u00f6teki\u2019 ile beraber var olman\u0131n yollar\u0131 aran\u0131rd\u0131. \u2018\u00d6teki\u2019 denilen \u015fey ezilip yok edilecek bir \u015fey de\u011fil, ancak kendisi ile yar\u0131\u015f\u0131lacak bir \u015feydi. \u201c\u00c2dem\u2019in \u00e7ocuklar\u0131 birbirinin uzvu gibidir\u201d diyen Sa\u2018d\u00ee ve \u201cVarl\u0131\u011f\u0131 bilmeden kendini bilemezsin. Ve varl\u0131\u011f\u0131 bilmek Tanr\u0131\u2019n\u0131n kendi eseriyle cilvele\u015fmesinin yollar\u0131n\u0131 bilmekse, o zaman \u2018ben\u2019 idr\u00e2ki bizi varl\u0131\u011fa, varl\u0131k bizi Tanr\u0131\u2019ya, Tanr\u0131 da bizi tekrar \u2018ben\u2019e geri getirir. Kendine geri d\u00f6nen \u2018ben\u2019 de art\u0131k s\u0131radan bir ben de\u011fildir. Zira o, \u2018b\u00fcy\u00fck varl\u0131k dairesini\u2019 kat ederek kendine geri d\u00f6nm\u00fc\u015f bir \u00f6znedir\u201d diyen Molla Sadra gibi bilgelerden ald\u0131\u011f\u0131 ilhamla Do\u00e7. Dr. Kal\u0131n, geleneksel ontolojinin kar\u015f\u0131s\u0131nda yer alan modern zamanlar\u0131n hakim \u00f6tekile\u015ftirme eylemini sorgulamaktad\u0131r. De\u011ferli karde\u015fim \u0130brahim Kal\u0131n\u2019\u0131n modern \u00f6tekile\u015ftirmenin ayn\u0131 zamanda yok etme haline gelmesi s\u00fcrecini, \u00f6zellikle M\u00fcsl\u00fcman\u0131n \u00f6tekile\u015ftirilmesi eylemi \u00fczerinden okuyan bu m\u00fchim \u00e7al\u0131\u015fmas\u0131n\u0131 herkese tavsiye ederim. Prof. Dr. Mahmud Erol K\u0131l\u0131\u00e7 *** \u201cNe Do\u011fu, Do\u011fu\u2019dur art\u0131k; ne Bat\u0131, Bat\u0131. Bu ikisi art\u0131k birle\u015febilir! Kipling ve Peyami Safa&#8217;n\u0131n muhayyilesindeki Do\u011fu-Bat\u0131&#8217;y\u0131 h\u00e2l\u00e2 merak edenler varsa, \u0130brahim Kal\u0131n\u2019\u0131 okusunlar: ak\u0131c\u0131 ve d\u00fc\u015f\u00fcnd\u00fcr\u00fcc\u00fc bir eser.\u201d Mustafa \u00d6zel, \u0130stanbul \u015eehir \u00dcniversitesi<\/p>","protected":false},"featured_media":23269,"template":"","meta":{"spay_email":""},"product_cat":[170],"product_tag":[],"item":[503],"acf":[],"_links":{"self":[{"href":"https:\/\/mgvpublications.com\/de\/wp-json\/wp\/v2\/product\/7704"}],"collection":[{"href":"https:\/\/mgvpublications.com\/de\/wp-json\/wp\/v2\/product"}],"about":[{"href":"https:\/\/mgvpublications.com\/de\/wp-json\/wp\/v2\/types\/product"}],"wp:featuredmedia":[{"embeddable":true,"href":"https:\/\/mgvpublications.com\/de\/wp-json\/wp\/v2\/media\/23269"}],"wp:attachment":[{"href":"https:\/\/mgvpublications.com\/de\/wp-json\/wp\/v2\/media?parent=7704"}],"wp:term":[{"taxonomy":"product_cat","embeddable":true,"href":"https:\/\/mgvpublications.com\/de\/wp-json\/wp\/v2\/product_cat?post=7704"},{"taxonomy":"product_tag","embeddable":true,"href":"https:\/\/mgvpublications.com\/de\/wp-json\/wp\/v2\/product_tag?post=7704"},{"taxonomy":"item","embeddable":true,"href":"https:\/\/mgvpublications.com\/de\/wp-json\/wp\/v2\/item?post=7704"}],"curies":[{"name":"wp","href":"https:\/\/api.w.org\/{rel}","templated":true}]}}