{"id":7691,"date":"2019-07-03T11:23:14","date_gmt":"2019-07-03T09:23:14","guid":{"rendered":"https:\/\/dev2.mgvpublications.com\/produkt\/osmanlida-bilim-kueltuerel-yarati-ve-bilgi-alisverisi\/"},"modified":"2022-03-08T22:31:06","modified_gmt":"2022-03-08T21:31:06","slug":"osmanlida-bilim-kueltuerel-yarati-ve-bilgi-alisverisi","status":"publish","type":"product","link":"https:\/\/mgvpublications.com\/de\/osmanlida-bilim-kueltuerel-yarati-ve-bilgi-alisverisi\/","title":{"rendered":"Osmanl\u0131\u2019da Bilim K\u00fclt\u00fcrel Yarat\u0131 ve Bilgi Al\u0131\u015fveri\u015fi"},"content":{"rendered":"<p>\u00c7evirmen: K\u00fcbra O\u011fuz<br \/>\nYay\u0131n Tarihi 2019-06-15<br \/>\nOrjinal Ad\u0131 Science Among the Ottomans: The Cultural Creation and Exchange of Knowledge<br \/>\nISBN 6052956755<br \/>\nBask\u0131 Say\u0131s\u0131 3. Bask\u0131<br \/>\nDil T\u00dcRK\u00c7E<br \/>\nSayfa Say\u0131s\u0131 316<br \/>\nCilt Tipi Karton Kapak<br \/>\nKa\u011f\u0131t Cinsi Kitap Ka\u011f\u0131d\u0131<br \/>\nBoyut 15.5 x 23 cm<\/p>","protected":false},"excerpt":{"rendered":"<p>Osmanl\u0131\u2019n\u0131n \u0130slamiyet\u2019in alt\u0131n \u00e7a\u011f\u0131ndan sonraki k\u00fclt\u00fcrel ve teknolojik geli\u015fmesinin kendi i\u00e7ine kapal\u0131 bir \u015fekilde ger\u00e7ekle\u015fti\u011fi, yeniliklere kar\u015f\u0131 duyulan ilginin giderek azald\u0131\u011f\u0131 ve sonu\u00e7ta imparatorlu\u011fun duraklama ve gerileme d\u00f6nemine girdi\u011fi uzun y\u0131llar boyunca genel kabul g\u00f6ren bir g\u00f6r\u00fc\u015ft\u00fc. \u00d6zellikle Bat\u0131 d\u00fcnyas\u0131 19. y\u00fczy\u0131l ve 20. y\u00fczy\u0131l\u0131n ba\u015flar\u0131ndaki Osmanl\u0131\u2019y\u0131 b\u00f6yle g\u00f6r\u00fcyordu. Bu alanda son 60 y\u0131lda \u0130ngilizce yaz\u0131lm\u0131\u015f ilk eser olma \u00f6zelli\u011fini ta\u015f\u0131yan Osmanl\u0131\u2019da Bilim kitab\u0131nda Miri-Shefer-Mossensohn, Osmanl\u0131 toplum ve k\u00fclt\u00fcr\u00fcn\u00fcn zengin bir bilimsel hayat\u0131 m\u00fcmk\u00fcn k\u0131labilecek bereketli ortam\u0131 sa\u011flad\u0131\u011f\u0131n\u0131 \u00f6ne s\u00fcrmektedir. Osmanl\u0131lar d\u0131\u015far\u0131dan gelen icat ve bulu\u015flar\u0131 kendi ihtiya\u00e7lar\u0131na g\u00f6re de\u011fi\u015ftirerek bunlar\u0131 geli\u015ftirmede \u00e7ok ba\u015far\u0131l\u0131yd\u0131. \u00d6rne\u011fin, 1877 y\u0131l\u0131nda Osmanl\u0131 \u0130mparatorlu\u011fu d\u00fcnyan\u0131n yedinci en uzun telgraf a\u011f\u0131na sahipti. Hatta modern ileti\u015fim altyap\u0131s\u0131 bak\u0131m\u0131ndan zaman\u0131n en geli\u015fmi\u015f devletlerinden biriydi. \u0130mparatorluk i\u00e7inde bilim, e\u011fitim ve \u00f6\u011fretim mekanizmalar\u0131, teknolojik geli\u015fmelerde devletin \u00fcstlendi\u011fi rol ve bilimi \u00fcreten ve kullanan T\u00fcrk\u00e7e ve Arap\u00e7a konu\u015fan Osmanl\u0131lar \u00fczerinde \u00f6nemli bir rol oynam\u0131\u015ft\u0131r. Sonu\u00e7 olarak, Osmanl\u0131\u2019n\u0131n bilimle olan ili\u015fkisi, imparatorlu\u011fun alt\u0131 y\u00fcz y\u0131l s\u00fcrmesini sa\u011flayan dinamik unsurlardan biridir. Bu do\u011frultuda Osmanl\u0131\u2019da Bilim, bilginin \u201cne\u201d oldu\u011fu sorusundan ziyade \u201cnas\u0131l\u201d sorusuna, yani Osmanl\u0131\u2019n\u0131n bilgiyle etkile\u015fime ge\u00e7ti\u011fi s\u00fcre\u00e7lere ve bunlara atfetti\u011fi de\u011ferlere odaklanm\u0131\u015ft\u0131r. \u00c7e\u015fitli zaman ve mek\u00e2nlarda Osmanl\u0131 i\u00e7in bilmeye de\u011fer \u015feyler nelerdi? Osmanl\u0131 bunlar\u0131 nas\u0131l \u00f6\u011frenmeye \u00e7al\u0131\u015ft\u0131? Kar\u015f\u0131la\u015f\u0131lan zorluklar nelerdi? Osmanl\u0131\u2019n\u0131n sistemle\u015ftirilmi\u015f bilgiyle olan deneyimlerinin ortaya \u00e7\u0131kar\u0131ld\u0131\u011f\u0131 Osmanl\u0131\u2019da Bilim, erken modern d\u00f6nem Ortado\u011fu ba\u011flam\u0131nda \u201cbilim\u201d etiketinin alt\u0131nda yatanlar\u0131n tan\u0131mlanmas\u0131 a\u00e7\u0131s\u0131ndan da bir rehber niteli\u011findedir.<\/p>","protected":false},"featured_media":7692,"template":"","meta":{"spay_email":""},"product_cat":[166,170],"product_tag":[],"item":[360],"acf":[],"_links":{"self":[{"href":"https:\/\/mgvpublications.com\/de\/wp-json\/wp\/v2\/product\/7691"}],"collection":[{"href":"https:\/\/mgvpublications.com\/de\/wp-json\/wp\/v2\/product"}],"about":[{"href":"https:\/\/mgvpublications.com\/de\/wp-json\/wp\/v2\/types\/product"}],"wp:featuredmedia":[{"embeddable":true,"href":"https:\/\/mgvpublications.com\/de\/wp-json\/wp\/v2\/media\/7692"}],"wp:attachment":[{"href":"https:\/\/mgvpublications.com\/de\/wp-json\/wp\/v2\/media?parent=7691"}],"wp:term":[{"taxonomy":"product_cat","embeddable":true,"href":"https:\/\/mgvpublications.com\/de\/wp-json\/wp\/v2\/product_cat?post=7691"},{"taxonomy":"product_tag","embeddable":true,"href":"https:\/\/mgvpublications.com\/de\/wp-json\/wp\/v2\/product_tag?post=7691"},{"taxonomy":"item","embeddable":true,"href":"https:\/\/mgvpublications.com\/de\/wp-json\/wp\/v2\/item?post=7691"}],"curies":[{"name":"wp","href":"https:\/\/api.w.org\/{rel}","templated":true}]}}