{"id":7689,"date":"2019-07-03T11:20:57","date_gmt":"2019-07-03T09:20:57","guid":{"rendered":"https:\/\/dev2.mgvpublications.com\/produkt\/nasip-niyete-vurgundur\/"},"modified":"2022-03-08T22:31:06","modified_gmt":"2022-03-08T21:31:06","slug":"nasip-niyete-vurgundur","status":"publish","type":"product","link":"https:\/\/mgvpublications.com\/de\/nasip-niyete-vurgundur\/","title":{"rendered":"Nasip Niyete Vurgundur"},"content":{"rendered":"<p>Yay\u0131n Tarihi 2019-03-25<br \/>\nISBN 6057906212<br \/>\nBask\u0131 Say\u0131s\u0131 1. Bask\u0131<br \/>\nDil T\u00dcRK\u00c7E<br \/>\nSayfa Say\u0131s\u0131 160<br \/>\nCilt Tipi Karton Kapak<br \/>\nKa\u011f\u0131t Cinsi Kitap Ka\u011f\u0131d\u0131<br \/>\nBoyut 13.5 x 21 cm<\/p>","protected":false},"excerpt":{"rendered":"<p>Her \u015fey g\u00fczel derken ba\u015f\u0131na \u00f6yle \u015feyler gelir ki \u201cYand\u0131m!\u201d dersin, \u201cBittim!\u201d D\u00fc\u015fersin\u2026<br \/>\n\u0130\u015fte o an, i\u00e7indeki iyilik \u00e7\u0131k\u0131p gelir ve kap\u0131n\u0131 \u00e7alar. \u201cKalk!\u201d der, \u201ckalk!\u201d<br \/>\nTutar elinden, karanl\u0131\u011f\u0131 y\u0131rtar ve seni g\u00fczel g\u00fcnlere g\u00f6t\u00fcr\u00fcr. Korku nedir bilmez iyilik.<br \/>\nAyd\u0131nl\u0131k, karanl\u0131ktan korkar m\u0131 hi\u00e7? \u0130yilik ad\u0131na yanan ate\u015fi, k\u00f6t\u00fcl\u00fck s\u00f6nd\u00fcrebilir mi hi\u00e7?<br \/>\nK\u00f6t\u00fc g\u00fcnler ile kar\u015f\u0131la\u015ft\u0131\u011f\u0131nda kimseye ihtiyac\u0131n yok! \u00d6nce Allah, sonra i\u00e7indeki iyili\u011fe g\u00fcven.<br \/>\nNiyetin ne kadar iyiyse Allah o kadar seninle. Nasip niyete vurgundur; alsa da elinden yo\u011funu var\u0131n\u0131, d\u00f6ner dola\u015ft\u0131r\u0131r geri verir sana hakk\u0131n\u0131!Olmaz deme, olur! Unutma ki Allah isteyince ku\u015flar filleri yener azizim!<\/p>","protected":false},"featured_media":7690,"template":"","meta":{"spay_email":""},"product_cat":[168],"product_tag":[],"item":[1362],"acf":[],"_links":{"self":[{"href":"https:\/\/mgvpublications.com\/de\/wp-json\/wp\/v2\/product\/7689"}],"collection":[{"href":"https:\/\/mgvpublications.com\/de\/wp-json\/wp\/v2\/product"}],"about":[{"href":"https:\/\/mgvpublications.com\/de\/wp-json\/wp\/v2\/types\/product"}],"wp:featuredmedia":[{"embeddable":true,"href":"https:\/\/mgvpublications.com\/de\/wp-json\/wp\/v2\/media\/7690"}],"wp:attachment":[{"href":"https:\/\/mgvpublications.com\/de\/wp-json\/wp\/v2\/media?parent=7689"}],"wp:term":[{"taxonomy":"product_cat","embeddable":true,"href":"https:\/\/mgvpublications.com\/de\/wp-json\/wp\/v2\/product_cat?post=7689"},{"taxonomy":"product_tag","embeddable":true,"href":"https:\/\/mgvpublications.com\/de\/wp-json\/wp\/v2\/product_tag?post=7689"},{"taxonomy":"item","embeddable":true,"href":"https:\/\/mgvpublications.com\/de\/wp-json\/wp\/v2\/item?post=7689"}],"curies":[{"name":"wp","href":"https:\/\/api.w.org\/{rel}","templated":true}]}}