{"id":7681,"date":"2019-07-03T11:08:34","date_gmt":"2019-07-03T09:08:34","guid":{"rendered":"https:\/\/dev2.mgvpublications.com\/produkt\/kalp\/"},"modified":"2022-03-08T22:31:05","modified_gmt":"2022-03-08T21:31:05","slug":"kalp","status":"publish","type":"product","link":"https:\/\/mgvpublications.com\/de\/kalp\/","title":{"rendered":"Kalp"},"content":{"rendered":"<p>Yay\u0131n Tarihi 2019-04-02<br \/>\nISBN 6052169759<br \/>\nBask\u0131 Say\u0131s\u0131 1. Bask\u0131<br \/>\nDil T\u00dcRK\u00c7E<br \/>\nSayfa Say\u0131s\u0131 328<br \/>\nCilt Tipi Karton Kapak<br \/>\nKa\u011f\u0131t Cinsi Kitap Ka\u011f\u0131d\u0131<br \/>\nBoyut 13.5 x 19.5 cm<\/p>","protected":false},"excerpt":{"rendered":"<p>Yaz\u0131 yoktu ama o vard\u0131.<br \/>\nTekerlek icat edilmemi\u015fti ama o yerli yerindeydi.<br \/>\nD\u00fcnya yarat\u0131lmam\u0131\u015ft\u0131 ama o kas\u0131l\u0131p gev\u015fiyordu.<br \/>\n\u0130nsan hen\u00fcz cennetteyken onunlayd\u0131 ve i\u00e7indeki her \u015fey de sevgi, a\u015fk, vefa, iyilik, \u015f\u00fck\u00fcr, hamd, dostluk gibi erdemler \u00fczerineydi\u2026<br \/>\n\u00c2dem ata onun sesini dinleyip arzusunu giderme gayretine d\u00fc\u015fmeseydi belki de yolu yery\u00fcz\u00fcnde t\u00f6vbelere, pi\u015fmanl\u0131klara ve umutlara hi\u00e7 evrilmeyecek; \u00e7evresi daralmalar ve geni\u015flemeler, ar\u0131nmalar ve kirlenmeler, yang\u0131nlar ve donmalarla hi\u00e7 ku\u015fat\u0131lmayacakt\u0131.<\/p>\n<p>\u015eimdi?<br \/>\nA\u015fk ve nefret, iyilik ve k\u00f6t\u00fcl\u00fck, saadet ve keder, iman ve ink\u00e2r&#8230; \u0130nsana insan oldu\u011funu art\u0131k bunlarla hissettiriyor. Bazen ayd\u0131nl\u0131k, bazen karanl\u0131k; g\u00f6ren g\u00f6z veya i\u015fiten kulak bazen\u2026 G\u00f6\u011f\u00fcs kafesinde ahenkle her b\u00fcz\u00fcl\u00fcp geni\u015flemesi bizi i\u00e7ten i\u00e7e s\u00fcratle de\u011fi\u015ftiriyor ve h\u00e2lden h\u00e2le d\u00f6nd\u00fcr\u00fcyor.<\/p>\n<p>Bud-dub&#8230; bud-dub\u2026 bud-dub\u2026<br \/>\nSesindeki ters-y\u00fcz olu\u015f bile ad\u0131yla \u00f6rt\u00fc\u015f\u00fck: \u201cBir \u015feyi bir y\u00f6nden \u00f6teki y\u00f6ne \u00e7evirmek; renkten renge giri\u015f, karars\u0131zl\u0131k, durmadan d\u00f6n\u00fc\u015f\u00fcm ve de\u011fi\u015fim = KALP.\u201d<\/p>\n<p>Kalbe dair ne varsa\u2026<br \/>\n\u0130skender Pala\u2019n\u0131n her zamanki yetkin kaleminden\u2026<\/p>","protected":false},"featured_media":7682,"template":"","meta":{"spay_email":""},"product_cat":[168,170],"product_tag":[],"item":[716],"acf":[],"_links":{"self":[{"href":"https:\/\/mgvpublications.com\/de\/wp-json\/wp\/v2\/product\/7681"}],"collection":[{"href":"https:\/\/mgvpublications.com\/de\/wp-json\/wp\/v2\/product"}],"about":[{"href":"https:\/\/mgvpublications.com\/de\/wp-json\/wp\/v2\/types\/product"}],"wp:featuredmedia":[{"embeddable":true,"href":"https:\/\/mgvpublications.com\/de\/wp-json\/wp\/v2\/media\/7682"}],"wp:attachment":[{"href":"https:\/\/mgvpublications.com\/de\/wp-json\/wp\/v2\/media?parent=7681"}],"wp:term":[{"taxonomy":"product_cat","embeddable":true,"href":"https:\/\/mgvpublications.com\/de\/wp-json\/wp\/v2\/product_cat?post=7681"},{"taxonomy":"product_tag","embeddable":true,"href":"https:\/\/mgvpublications.com\/de\/wp-json\/wp\/v2\/product_tag?post=7681"},{"taxonomy":"item","embeddable":true,"href":"https:\/\/mgvpublications.com\/de\/wp-json\/wp\/v2\/item?post=7681"}],"curies":[{"name":"wp","href":"https:\/\/api.w.org\/{rel}","templated":true}]}}