{"id":7679,"date":"2019-07-03T11:06:37","date_gmt":"2019-07-03T09:06:37","guid":{"rendered":"https:\/\/dev2.mgvpublications.com\/produkt\/neee-kuemese-yeni-bir-civciv-mi-geliyor\/"},"modified":"2022-03-08T22:31:04","modified_gmt":"2022-03-08T21:31:04","slug":"neee-kuemese-yeni-bir-civciv-mi-geliyor","status":"publish","type":"product","link":"https:\/\/mgvpublications.com\/de\/neee-kuemese-yeni-bir-civciv-mi-geliyor\/","title":{"rendered":"Neee? K\u00fcmese Yeni Bir Civciv Mi Geliyor?"},"content":{"rendered":"<blockquote><p>\u00c7izer: Nur Dombayc\u0131<br \/>\nYay\u0131n Tarihi 2018-05-09<br \/>\nISBN 6052214183<br \/>\nBask\u0131 Say\u0131s\u0131 1. Bask\u0131<br \/>\nDil T\u00dcRK\u00c7E<br \/>\nSayfa Say\u0131s\u0131 36<br \/>\nCilt Tipi Karton Kapak<br \/>\nKa\u011f\u0131t Cinsi Kitap Ka\u011f\u0131d\u0131<br \/>\nBoyut 22 x 27 cm<\/p><\/blockquote>","protected":false},"excerpt":{"rendered":"<p>K\u00fcmese yeni bir civciv geldi ve her \u015fey de\u011fi\u015fti!<br \/>\nG\u0131dakl\u0131gil ailesinde yepyeni bir heyecan var: \u201cK\u00fc\u00e7\u00fck bir yumurta!\u201d<br \/>\nYaln\u0131z k\u00fcmesin a\u011fabey civcivi G\u0131d\u0131k bu i\u015ften \u00e7ok da memnun de\u011fil gibi\u2026<br \/>\nYar\u0131\u015f\u0131 Yava\u015flar Kazan\u0131r kitab\u0131n\u0131n yazar\u0131 Hatice K\u00fcbra Tongar\u2019dan karde\u015f k\u0131skan\u00e7l\u0131\u011f\u0131yla ilgili s\u0131cac\u0131k bir masal\u2026<br \/>\nK\u00fcmeslerin az biraz k\u0131skan\u00e7 civcivlerine kocaman bir \u00f6p\u00fcc\u00fckle\u2026<\/p>","protected":false},"featured_media":7680,"template":"","meta":{"spay_email":""},"product_cat":[172],"product_tag":[],"item":[685],"acf":[],"_links":{"self":[{"href":"https:\/\/mgvpublications.com\/de\/wp-json\/wp\/v2\/product\/7679"}],"collection":[{"href":"https:\/\/mgvpublications.com\/de\/wp-json\/wp\/v2\/product"}],"about":[{"href":"https:\/\/mgvpublications.com\/de\/wp-json\/wp\/v2\/types\/product"}],"wp:featuredmedia":[{"embeddable":true,"href":"https:\/\/mgvpublications.com\/de\/wp-json\/wp\/v2\/media\/7680"}],"wp:attachment":[{"href":"https:\/\/mgvpublications.com\/de\/wp-json\/wp\/v2\/media?parent=7679"}],"wp:term":[{"taxonomy":"product_cat","embeddable":true,"href":"https:\/\/mgvpublications.com\/de\/wp-json\/wp\/v2\/product_cat?post=7679"},{"taxonomy":"product_tag","embeddable":true,"href":"https:\/\/mgvpublications.com\/de\/wp-json\/wp\/v2\/product_tag?post=7679"},{"taxonomy":"item","embeddable":true,"href":"https:\/\/mgvpublications.com\/de\/wp-json\/wp\/v2\/item?post=7679"}],"curies":[{"name":"wp","href":"https:\/\/api.w.org\/{rel}","templated":true}]}}