{"id":7677,"date":"2019-07-03T10:58:11","date_gmt":"2019-07-03T08:58:11","guid":{"rendered":"https:\/\/dev2.mgvpublications.com\/produkt\/lemalar\/"},"modified":"2022-03-08T22:31:03","modified_gmt":"2022-03-08T21:31:03","slug":"lemalar","status":"publish","type":"product","link":"https:\/\/mgvpublications.com\/de\/lemalar\/","title":{"rendered":"Lem&#8217;alar"},"content":{"rendered":"<p>Yay\u0131n Tarihi 2003-01-01<br \/>\nISBN 975638204<br \/>\nBask\u0131 Say\u0131s\u0131 1. Bask\u0131<br \/>\nDil T\u00dcRK\u00c7E<br \/>\nSayfa Say\u0131s\u0131 573<br \/>\nCilt Tipi Ciltli<br \/>\nKa\u011f\u0131t Cinsi \u015eamuha Ka\u011f\u0131t<br \/>\nBoyut 12 x 17 cm<\/p>","protected":false},"excerpt":{"rendered":"<p>Yay\u0131n Tarihi 2003-01-01 ISBN 975638204 Bask\u0131 Say\u0131s\u0131 1. Bask\u0131 Dil T\u00dcRK\u00c7E Sayfa Say\u0131s\u0131 573 Cilt Tipi Ciltli Ka\u011f\u0131t Cinsi \u015eamuha Ka\u011f\u0131t Boyut 12 x 17 cm<\/p>","protected":false},"featured_media":7678,"template":"","meta":{"spay_email":""},"product_cat":[180,174],"product_tag":[],"item":[],"acf":[],"_links":{"self":[{"href":"https:\/\/mgvpublications.com\/de\/wp-json\/wp\/v2\/product\/7677"}],"collection":[{"href":"https:\/\/mgvpublications.com\/de\/wp-json\/wp\/v2\/product"}],"about":[{"href":"https:\/\/mgvpublications.com\/de\/wp-json\/wp\/v2\/types\/product"}],"wp:featuredmedia":[{"embeddable":true,"href":"https:\/\/mgvpublications.com\/de\/wp-json\/wp\/v2\/media\/7678"}],"wp:attachment":[{"href":"https:\/\/mgvpublications.com\/de\/wp-json\/wp\/v2\/media?parent=7677"}],"wp:term":[{"taxonomy":"product_cat","embeddable":true,"href":"https:\/\/mgvpublications.com\/de\/wp-json\/wp\/v2\/product_cat?post=7677"},{"taxonomy":"product_tag","embeddable":true,"href":"https:\/\/mgvpublications.com\/de\/wp-json\/wp\/v2\/product_tag?post=7677"},{"taxonomy":"item","embeddable":true,"href":"https:\/\/mgvpublications.com\/de\/wp-json\/wp\/v2\/item?post=7677"}],"curies":[{"name":"wp","href":"https:\/\/api.w.org\/{rel}","templated":true}]}}