{"id":7657,"date":"2019-07-03T01:17:58","date_gmt":"2019-07-02T23:17:58","guid":{"rendered":"https:\/\/dev2.mgvpublications.com\/produkt\/faydasiz-randevu\/"},"modified":"2022-04-26T16:43:18","modified_gmt":"2022-04-26T14:43:18","slug":"faydasiz-randevu","status":"publish","type":"product","link":"https:\/\/mgvpublications.com\/de\/faydasiz-randevu\/","title":{"rendered":"Faydas\u0131z Randevu"},"content":{"rendered":"<p>Yay\u0131n Tarihi 2014-09-18<br \/>\nISBN 6058615182<br \/>\nBask\u0131 Say\u0131s\u0131 1. Bask\u0131<br \/>\nDil T\u00dcRK\u00c7E<br \/>\nSayfa Say\u0131s\u0131 456<br \/>\nCilt Tipi Karton Kapak<br \/>\nKa\u011f\u0131t Cinsi Kitap Ka\u011f\u0131d\u0131<br \/>\nBoyut 12.5 x 20.5 cm<\/p>","protected":false},"excerpt":{"rendered":"<p>Faydas\u0131z Randevu\u2019nun T\u00fcrkiye\u2019ye \u00e7orbada tuz misali bir faydas\u0131 dokunmas\u0131 benim i\u00e7in hayat\u00ee bir \u00f6nem ta\u015f\u0131masayd\u0131 ne bu kitab\u0131, ne de herhangi ba\u015fka bir \u015feyi yazard\u0131m. Uyduruk ifade ve ibareler i\u00e7inde bo\u011fulmu\u015f insanc\u0131klar\u0131n \u201c\u00e7a\u011f\u0131na tan\u0131kl\u0131k etmek\u201d faaliyetine y\u00fcksek bir de\u011fer atfetti\u011fine \u201ctan\u0131k oldum\u201d. Onlar\u0131n her birini birer insanc\u0131k g\u00f6rmem hepsinin i\u015fin do\u011frusuna yana\u015fmaktan imtina etmesi, do\u011frudan \u00f6l\u00fcmden korkar gibi korkmalar\u0131d\u0131r. \u0130\u015fin do\u011frusu Allah\u2019\u0131n birli\u011fine \u015fehadetle onun yolunda \u015fahadetin birbirinden ayr\u0131lmayaca\u011f\u0131d\u0131r. Ben solcu g\u00f6r\u00fcnerek T\u00fcrkiye\u2019nin sosyalist bir idareye kavu\u015fmas\u0131na engel olanlar\u0131 g\u00f6rd\u00fcm. Hi\u00e7bir \u015fekilde onlar\u0131n aras\u0131nda de\u011fildim. Onlardan biri de\u011fildim. M\u00fcsl\u00fcman g\u00f6r\u00fcnerek T\u00fcrkiye\u2019nin \u0130sl\u00e2m\u00ee bir idareye kavu\u015fmas\u0131n\u0131 engellemi\u015f olan ve halen T\u00fcrkiye Cumhuriyeti\u2019nin haritadan silinmesi yolunda yelken-k\u00fcrek tela\u015f i\u00e7inde olanlar ise beni aralar\u0131na almad\u0131. \u0130stemi\u015f olsam dahi onlardan hi\u00e7biriyle tesan\u00fcte varan anla\u015fma mahalli payla\u015famad\u0131m. \u00d6mr\u00fcm\u00fcn sona ermesine \u00e7ok zaman kalmad\u0131. \u00c7ocuklu\u011fumdan beri her vesileyle ko\u015fa ko\u015fa ve b\u00fcy\u00fck bir hevesle kavil mahalline var\u0131yorum. \u015eimdiye kadar orada kimseyle kar\u015f\u0131la\u015famad\u0131m. Randevu ger\u00e7ek; ama faydas\u0131z.<\/p>","protected":false},"featured_media":7658,"template":"","meta":{"spay_email":""},"product_cat":[168,169],"product_tag":[],"item":[718],"acf":[],"_links":{"self":[{"href":"https:\/\/mgvpublications.com\/de\/wp-json\/wp\/v2\/product\/7657"}],"collection":[{"href":"https:\/\/mgvpublications.com\/de\/wp-json\/wp\/v2\/product"}],"about":[{"href":"https:\/\/mgvpublications.com\/de\/wp-json\/wp\/v2\/types\/product"}],"wp:featuredmedia":[{"embeddable":true,"href":"https:\/\/mgvpublications.com\/de\/wp-json\/wp\/v2\/media\/7658"}],"wp:attachment":[{"href":"https:\/\/mgvpublications.com\/de\/wp-json\/wp\/v2\/media?parent=7657"}],"wp:term":[{"taxonomy":"product_cat","embeddable":true,"href":"https:\/\/mgvpublications.com\/de\/wp-json\/wp\/v2\/product_cat?post=7657"},{"taxonomy":"product_tag","embeddable":true,"href":"https:\/\/mgvpublications.com\/de\/wp-json\/wp\/v2\/product_tag?post=7657"},{"taxonomy":"item","embeddable":true,"href":"https:\/\/mgvpublications.com\/de\/wp-json\/wp\/v2\/item?post=7657"}],"curies":[{"name":"wp","href":"https:\/\/api.w.org\/{rel}","templated":true}]}}