{"id":7653,"date":"2019-07-03T01:14:04","date_gmt":"2019-07-02T23:14:04","guid":{"rendered":"https:\/\/dev2.mgvpublications.com\/produkt\/kamusal-insanin-coekuesue\/"},"modified":"2022-03-08T22:31:01","modified_gmt":"2022-03-08T21:31:01","slug":"kamusal-insanin-coekuesue","status":"publish","type":"product","link":"https:\/\/mgvpublications.com\/de\/kamusal-insanin-coekuesue\/","title":{"rendered":"Kamusal \u0130nsan\u0131n \u00c7\u00f6k\u00fc\u015f\u00fc"},"content":{"rendered":"<p>\u00c7evirmen: Serpil Durak<br \/>\n\u00c7evirmen: Abdullah Y\u0131lmaz<br \/>\nYay\u0131n Tarihi 2013-11-26<br \/>\nISBN 9755391052<br \/>\nBask\u0131 Say\u0131s\u0131 4. Bask\u0131<br \/>\nDil T\u00dcRK\u00c7E<br \/>\nSayfa Say\u0131s\u0131 480<br \/>\nCilt Tipi Karton Kapak<br \/>\nKa\u011f\u0131t Cinsi Kitap Ka\u011f\u0131d\u0131<br \/>\nBoyut 13.5 x 21.5 cm<\/p>","protected":false},"excerpt":{"rendered":"<p>Kendi alanlar\u0131nda \u00e7\u0131\u011f\u0131r a\u00e7an, onlarla hesapla\u015fmadan yeni bir \u015fey s\u00f6ylemenin zor oldu\u011fu kitaplar vard\u0131r. Richard Sennett&#8217;in d\u00fc\u015f\u00fcnce tarihinin ba\u015fyap\u0131tlar\u0131ndan biri olan Kamusal \u0130nsan\u0131n \u00c7\u00f6k\u00fc\u015f\u00fc b\u00f6ylesi bir kitapt\u0131r: Tarihten sosyolojiye, psikolojiden antropolojiye entelekt\u00fcel bir \u015f\u00f6lendir.<\/p>\n<p>Sennett, Kamusal \u0130nsan\u0131n \u00c7\u00f6k\u00fc\u015f\u00fc&#8217;nde \u00f6zg\u00fcnl\u00fck ve entelekt\u00fcel derinlikle dengesizli\u011fin yol a\u00e7t\u0131\u011f\u0131 sorunlar\u0131 inceliyor. Ona g\u00f6re, hayat\u0131n, aile ve yak\u0131n dostlar d\u0131\u015f\u0131ndaki par\u00e7as\u0131 olan &#8220;kamusal hayat&#8221; bir zamanlar &#8220;hayat dolu&#8221;ydu ve ki\u015filer i\u00e7in \u00e7ok \u00f6nemliydi. &#8220;Yabanc\u0131&#8221;larla duygusal ba\u011flar kurarak insan\u0131n oyun yetene\u011fini \u00e7o\u011faltan, toplumsalla\u015fmas\u0131n\u0131\/medenile\u015fmesini sa\u011flayan bir kamusall\u0131k vard\u0131. B\u00fct\u00fcnl\u00fckl\u00fc ifadesini 18. y\u00fczy\u0131l Avrupa \u015fehirlerinde bulan bu kamusall\u0131k zamanla a\u011f\u0131rl\u0131\u011f\u0131n\u0131 yitirerek yerini &#8220;\u00f6zel hayat&#8221;a b\u0131rakt\u0131. Kamusal hayat art\u0131k \u00f6zel hayat\u0131n gerektirdi\u011fi oranda \u00f6nemli olmaya ba\u015flad\u0131. Sennett, bug\u00fcn, tan\u0131mad\u0131\u011f\u0131m\u0131z ama ayn\u0131 \u015fehirde ya\u015fad\u0131\u011f\u0131m\u0131z insanlarla kurulacak \u00e7ok boyutlu ili\u015fki ve hazlardan yoksun kald\u0131\u011f\u0131m\u0131z\u0131 s\u00f6yl\u00fcyor ve \u015fu sorular\u0131 soruyor: Yabanc\u0131, nas\u0131l tehdit edici bir unsura d\u00f6n\u00fc\u015ft\u00fc? Sessiz kalarak seyretme, kamusal hayat\u0131n tek yolu haline nas\u0131l geldi? Yaln\u0131z kalma, bir hak olarak nas\u0131l olu\u015ftu? \u00d6zel hayat ilgi oda\u011f\u0131 haline nas\u0131l geldi? Politikac\u0131lar\u0131 neden yapt\u0131klar\u0131na ve programlar\u0131na bakarak de\u011fil de ki\u015fisel \u00f6zelliklerine g\u00f6re de\u011ferlendiriyoruz? Evlerimize \u00f6zen g\u00f6sterdi\u011fimiz halde sokaklar\u0131m\u0131z neden pis?<\/p>","protected":false},"featured_media":7654,"template":"","meta":{"spay_email":""},"product_cat":[166,168],"product_tag":[],"item":[701],"acf":[],"_links":{"self":[{"href":"https:\/\/mgvpublications.com\/de\/wp-json\/wp\/v2\/product\/7653"}],"collection":[{"href":"https:\/\/mgvpublications.com\/de\/wp-json\/wp\/v2\/product"}],"about":[{"href":"https:\/\/mgvpublications.com\/de\/wp-json\/wp\/v2\/types\/product"}],"wp:featuredmedia":[{"embeddable":true,"href":"https:\/\/mgvpublications.com\/de\/wp-json\/wp\/v2\/media\/7654"}],"wp:attachment":[{"href":"https:\/\/mgvpublications.com\/de\/wp-json\/wp\/v2\/media?parent=7653"}],"wp:term":[{"taxonomy":"product_cat","embeddable":true,"href":"https:\/\/mgvpublications.com\/de\/wp-json\/wp\/v2\/product_cat?post=7653"},{"taxonomy":"product_tag","embeddable":true,"href":"https:\/\/mgvpublications.com\/de\/wp-json\/wp\/v2\/product_tag?post=7653"},{"taxonomy":"item","embeddable":true,"href":"https:\/\/mgvpublications.com\/de\/wp-json\/wp\/v2\/item?post=7653"}],"curies":[{"name":"wp","href":"https:\/\/api.w.org\/{rel}","templated":true}]}}