{"id":7639,"date":"2019-07-03T01:02:35","date_gmt":"2019-07-02T23:02:35","guid":{"rendered":"https:\/\/dev2.mgvpublications.com\/produkt\/mevzular\/"},"modified":"2022-03-08T22:31:00","modified_gmt":"2022-03-08T21:31:00","slug":"mevzular","status":"publish","type":"product","link":"https:\/\/mgvpublications.com\/de\/mevzular\/","title":{"rendered":"Mevzular"},"content":{"rendered":"<p>Yay\u0131n Tarihi 2019-04-02<br \/>\nISBN 6052214763<br \/>\nBask\u0131 Say\u0131s\u0131 1. Bask\u0131<br \/>\nDil T\u00dcRK\u00c7E<br \/>\nSayfa Say\u0131s\u0131 192<br \/>\nCilt Tipi Karton Kapak<br \/>\nKa\u011f\u0131t Cinsi Kitap Ka\u011f\u0131d\u0131<br \/>\nBoyut 13.5 x 21 cm<\/p>","protected":false},"excerpt":{"rendered":"<p>Ezberlemeyeceksiniz, anlayacaks\u0131n\u0131z. Form\u00fcl bu.<\/p>\n<p>D\u00fcnya\u2019da ve T\u00fcrkiye\u2019de olup biten tarihi ve g\u00fcncel olaylara bir de O\u011fuzhan U\u011fur\u2019un hicivle kar\u0131\u015f\u0131k yorumlar\u0131yla bakmak ister misiniz? D\u00fcnyada ne oluyor, ne oldu ve neler olacak? Bu tarz sorulara merakl\u0131ysan\u0131z, bu kitap sizin i\u00e7in bir ar\u015fiv niteli\u011finde olacak.<\/p>\n<p>\u201cBiz eskiden sokakta enerjimiz bitene kadar oyun oynard\u0131k, \u015fimdiki \u00e7ocuklar tabletin \u015farj\u0131 bitene kadar oyun oynuyorlar. (\u2026) Deprem, yang\u0131n, sel de\u011fil, bilgisizliktir as\u0131l felaket. (\u2026) Ben birinin zihnine girip kendi fikirlerimi yerle\u015ftirmek istemiyorum. Ben sadece bu taraftan da bak\u0131n diyorum. (\u2026) Ezberlemeyeceksiniz, anlayacaks\u0131n\u0131z. Form\u00fcl bu. (\u2026) Soru sormaya devam etmek iyi bir \u015feydir. K\u00f6t\u00fc olan, cevaplar\u0131 g\u00f6rmezden gelmektir. (\u2026) Eskiden yetene\u011fini ke\u015ffetti\u011fimiz insanlar\u0131 \u00fcnl\u00fc ederdik, \u015fimdiyse biri \u00fcnl\u00fc olduktan sonra yeteneklerini ke\u015ffetmeye \u00e7al\u0131\u015f\u0131yoruz. (\u2026) En tehlikeli insan, bahaneleri olan insand\u0131r. (\u2026) Tek yapamad\u0131klar\u0131 \u015fey b\u00f6lmek, onu da yapamazlar. Beceremezsiniz, \u00e7\u00fcnk\u00fc biz bir\u2019iz. Bir\u2019i bir\u2019e b\u00f6lemezsiniz!\u201d<\/p>","protected":false},"featured_media":7640,"template":"","meta":{"spay_email":""},"product_cat":[166,168],"product_tag":[],"item":[685],"acf":[],"_links":{"self":[{"href":"https:\/\/mgvpublications.com\/de\/wp-json\/wp\/v2\/product\/7639"}],"collection":[{"href":"https:\/\/mgvpublications.com\/de\/wp-json\/wp\/v2\/product"}],"about":[{"href":"https:\/\/mgvpublications.com\/de\/wp-json\/wp\/v2\/types\/product"}],"wp:featuredmedia":[{"embeddable":true,"href":"https:\/\/mgvpublications.com\/de\/wp-json\/wp\/v2\/media\/7640"}],"wp:attachment":[{"href":"https:\/\/mgvpublications.com\/de\/wp-json\/wp\/v2\/media?parent=7639"}],"wp:term":[{"taxonomy":"product_cat","embeddable":true,"href":"https:\/\/mgvpublications.com\/de\/wp-json\/wp\/v2\/product_cat?post=7639"},{"taxonomy":"product_tag","embeddable":true,"href":"https:\/\/mgvpublications.com\/de\/wp-json\/wp\/v2\/product_tag?post=7639"},{"taxonomy":"item","embeddable":true,"href":"https:\/\/mgvpublications.com\/de\/wp-json\/wp\/v2\/item?post=7639"}],"curies":[{"name":"wp","href":"https:\/\/api.w.org\/{rel}","templated":true}]}}