{"id":7630,"date":"2019-07-03T00:46:39","date_gmt":"2019-07-02T22:46:39","guid":{"rendered":"https:\/\/dev2.mgvpublications.com\/produkt\/goegue-delen-adam\/"},"modified":"2022-03-08T22:31:00","modified_gmt":"2022-03-08T21:31:00","slug":"goegue-delen-adam","status":"publish","type":"product","link":"https:\/\/mgvpublications.com\/de\/goegue-delen-adam\/","title":{"rendered":"G\u00f6\u011f\u00fc Delen Adam"},"content":{"rendered":"<p>\u00c7evirmen: Levent Tayla<br \/>Yay\u0131n Tarihi: 05.06.2020<br \/>Orijinal Ad\u0131: Samoa aus der Sicht des Papalagi<br \/>ISBN: 9789755393407<br \/>Dil: T\u00dcRK\u00c7E<br \/>Sayfa Say\u0131s\u0131: 112<br \/>Cilt Tipi: Karton Kapak<br \/>Ka\u011f\u0131t Cinsi: Kitap Ka\u011f\u0131d\u0131<br \/>Boyut: 13 x 19.5 cm<\/p>","protected":false},"excerpt":{"rendered":"<p>Papalagi denince beyazlar ya da yabanc\u0131lar anla\u015f\u0131l\u0131r. Ama s\u00f6zc\u00fc\u011f\u00fc s\u00f6zc\u00fc\u011f\u00fcne \u00e7evrilirse g\u00f6\u011f\u00fc delen anlam\u0131na gelir. Samoa&#8217;ya misyoner bir yelkenliyle gelmi\u015fti. Yerliler bu beyaz yelkenliyi ufukta bir delik olarak g\u00f6rd\u00fcler, beyaz adam\u0131n i\u00e7inden \u00e7\u0131k\u0131p kendilerine geldi\u011fi bir delik. O, g\u00f6\u011f\u00fc delip ge\u00e7mi\u015fti. Y\u00fczy\u0131l\u0131m\u0131z\u0131n ba\u015flar\u0131nda yay\u0131mlanan G\u00f6\u011f\u00fc Delen Adam bug\u00fcn art\u0131k ye\u015fil bir klasi\u011fi olarak okunurken, ba\u015fl\u0131\u011f\u0131n\u0131n kaynakland\u0131\u011f\u0131 \u015fiirsel metafor, bir de d\u00fcz anlam i\u00e7ermeye ba\u015fl\u0131yor; \u00e7\u00fcnk\u00fc Papalagi sonunda g\u00f6\u011f\u00fc ger\u00e7ekten delmeyi ba\u015fard\u0131, &#8216;ozon deli\u011finin&#8217; i\u00e7inden ne t\u00fcr bir yelkenlinin \u00e7\u0131kagelece\u011fini ise zaman g\u00f6sterecek. Ahmet G\u00fcng\u00f6ren \/ \u00c7er\u00e7eve<\/p>","protected":false},"featured_media":19640,"template":"","meta":{"spay_email":""},"product_cat":[216],"product_tag":[],"item":[701],"acf":[],"_links":{"self":[{"href":"https:\/\/mgvpublications.com\/de\/wp-json\/wp\/v2\/product\/7630"}],"collection":[{"href":"https:\/\/mgvpublications.com\/de\/wp-json\/wp\/v2\/product"}],"about":[{"href":"https:\/\/mgvpublications.com\/de\/wp-json\/wp\/v2\/types\/product"}],"wp:featuredmedia":[{"embeddable":true,"href":"https:\/\/mgvpublications.com\/de\/wp-json\/wp\/v2\/media\/19640"}],"wp:attachment":[{"href":"https:\/\/mgvpublications.com\/de\/wp-json\/wp\/v2\/media?parent=7630"}],"wp:term":[{"taxonomy":"product_cat","embeddable":true,"href":"https:\/\/mgvpublications.com\/de\/wp-json\/wp\/v2\/product_cat?post=7630"},{"taxonomy":"product_tag","embeddable":true,"href":"https:\/\/mgvpublications.com\/de\/wp-json\/wp\/v2\/product_tag?post=7630"},{"taxonomy":"item","embeddable":true,"href":"https:\/\/mgvpublications.com\/de\/wp-json\/wp\/v2\/item?post=7630"}],"curies":[{"name":"wp","href":"https:\/\/api.w.org\/{rel}","templated":true}]}}