{"id":7628,"date":"2019-07-03T00:44:54","date_gmt":"2019-07-02T22:44:54","guid":{"rendered":"https:\/\/dev2.mgvpublications.com\/produkt\/bir-degirmendir-bu-duenya\/"},"modified":"2022-03-08T22:31:00","modified_gmt":"2022-03-08T21:31:00","slug":"bir-degirmendir-bu-duenya","status":"publish","type":"product","link":"https:\/\/mgvpublications.com\/de\/bir-degirmendir-bu-duenya\/","title":{"rendered":"Bir De\u011firmendir Bu D\u00fcnya"},"content":{"rendered":"<p>Yay\u0131n Tarihi 2013-11-01<br \/>\nISBN 9754732485<br \/>\nBask\u0131 Say\u0131s\u0131 7. Bask\u0131<br \/>\nDil T\u00dcRK\u00c7E<br \/>\nSayfa Say\u0131s\u0131 312<br \/>\nCilt Tipi Karton Kapak<br \/>\nKa\u011f\u0131t Cinsi Kitap Ka\u011f\u0131d\u0131<br \/>\nBoyut 13.5 x 21 cm<\/p>","protected":false},"excerpt":{"rendered":"<p>Bir De\u011firmendir Bu D\u00fcnya, \u015fiirlerinden, an\u0131 yaz\u0131lar\u0131ndan ve hik\u00e2yelerinden tan\u0131d\u0131\u011f\u0131m\u0131z Zarifo\u011flu&#8217;nu ba\u015fka bir a\u00e7\u0131dan tamamlamaktad\u0131r. O herkesin entel tak\u0131ld\u0131\u011f\u0131 bir zamanda \u00e7evresindeki merakl\u0131 insanlara, dostlar\u0131na, okuyucular\u0131na ilmihal okumay\u0131 tavsiye ediyordu. Namazlar\u0131n tadil-i erk\u00e2n \u00fczere k\u0131l\u0131nmas\u0131n\u0131, gece namazlar\u0131na kalk\u0131lmas\u0131n\u0131, han\u0131mlara iyi davran\u0131lmas\u0131n\u0131, \u00e7ocuklar\u0131 adam yerine koyarak kar\u015f\u0131m\u0131za almam\u0131z\u0131, yollarda zikirle y\u00fcr\u00fcmemizi telkin ediyordu. Daha do\u011frusu m\u00fcsl\u00fcman olarak yeti\u015fmemiz i\u00e7in elinden geleni yap\u0131yordu. Hem \u00e7ocuklar i\u00e7in yap\u0131yordu, hem de b\u00fcy\u00fckler i\u00e7in.<br \/>\nBu kitaptaki yaz\u0131lara, kendi yata\u011f\u0131nda sessiz, sakin ve i\u00e7ten i\u00e7e maverai u\u011fultularla akan bir nehrin zaman zaman co\u015fup kabarmas\u0131 olarak da bak\u0131labilir.<\/p>","protected":false},"featured_media":7629,"template":"","meta":{"spay_email":""},"product_cat":[168],"product_tag":[],"item":[389],"acf":[],"_links":{"self":[{"href":"https:\/\/mgvpublications.com\/de\/wp-json\/wp\/v2\/product\/7628"}],"collection":[{"href":"https:\/\/mgvpublications.com\/de\/wp-json\/wp\/v2\/product"}],"about":[{"href":"https:\/\/mgvpublications.com\/de\/wp-json\/wp\/v2\/types\/product"}],"wp:featuredmedia":[{"embeddable":true,"href":"https:\/\/mgvpublications.com\/de\/wp-json\/wp\/v2\/media\/7629"}],"wp:attachment":[{"href":"https:\/\/mgvpublications.com\/de\/wp-json\/wp\/v2\/media?parent=7628"}],"wp:term":[{"taxonomy":"product_cat","embeddable":true,"href":"https:\/\/mgvpublications.com\/de\/wp-json\/wp\/v2\/product_cat?post=7628"},{"taxonomy":"product_tag","embeddable":true,"href":"https:\/\/mgvpublications.com\/de\/wp-json\/wp\/v2\/product_tag?post=7628"},{"taxonomy":"item","embeddable":true,"href":"https:\/\/mgvpublications.com\/de\/wp-json\/wp\/v2\/item?post=7628"}],"curies":[{"name":"wp","href":"https:\/\/api.w.org\/{rel}","templated":true}]}}