{"id":7626,"date":"2019-07-03T00:42:51","date_gmt":"2019-07-02T22:42:51","guid":{"rendered":"https:\/\/dev2.mgvpublications.com\/produkt\/oezguer-ve-bilge-lider-aliya-izzetbegovic\/"},"modified":"2022-03-08T22:31:00","modified_gmt":"2022-03-08T21:31:00","slug":"oezguer-ve-bilge-lider-aliya-izzetbegovic","status":"publish","type":"product","link":"https:\/\/mgvpublications.com\/de\/oezguer-ve-bilge-lider-aliya-izzetbegovic\/","title":{"rendered":"\u00d6zg\u00fcr ve Bilge Lider Aliya \u0130zzetbegovi\u00e7"},"content":{"rendered":"<p>Yay\u0131n Tarihi 2019-04-09<br \/>\nISBN 6050829273<br \/>\nBask\u0131 Say\u0131s\u0131 3. Bask\u0131<br \/>\nDil T\u00dcRK\u00c7E<br \/>\nSayfa Say\u0131s\u0131 160<br \/>\nCilt Tipi Karton Kapak<br \/>\nKa\u011f\u0131t Cinsi Kitap Ka\u011f\u0131d\u0131<br \/>\nBoyut 13.5 x 21 cm<\/p>","protected":false},"excerpt":{"rendered":"<p>Tarihin muhtelif d\u00f6nemlerinde, insanl\u0131k bunal\u0131m\u0131n\u0131n ya\u015fand\u0131\u011f\u0131 zamanlarda, insanl\u0131\u011f\u0131n bir nebze nefes almas\u0131n\u0131 sa\u011flayan diri nefesli insanlar gelmi\u015f, \u00f6lmeye y\u00fcz tutmu\u015f kalpleri yeniden uyand\u0131rm\u0131\u015flard\u0131r.<\/p>\n<p>Modern zamanlar\u0131n diri nefesli insanlar\u0131ndan biridir Aliya \u0130zzetbegovi\u00e7. 1970\u2019li y\u0131llar\u0131n totaliter rejimli Yugoslavya\u2019s\u0131nda Gen\u00e7 M\u00fcsl\u00fcmanlar Hareketi ile ba\u015flayan insanl\u0131k m\u00fccadelesi, \u0130slam Deklarasyonu\u2019nu yay\u0131nlamas\u0131yla yeni ve diriltici bir \u0131\u015f\u0131k sa\u00e7maya ba\u015flam\u0131\u015f, Bosna&#8217;n\u0131n ba\u011f\u0131ms\u0131zl\u0131k m\u00fccadelesine y\u00f6n veren bilge liderlikle doruk noktas\u0131na ula\u015fm\u0131\u015ft\u0131r.<\/p>\n<p>Dr. Halit \u00c7il, \u0130slam d\u00fcnyas\u0131n\u0131n ihtiya\u00e7 duydu\u011fu &#8220;Bilge Kral&#8221; modelinin yak\u0131n d\u00f6nemli bir temsilini sunuyor \u00d6zg\u00fcr ve Bilge Lider Aliya \u0130zzetbegovi\u00e7&#8217;te&#8230;<\/p>","protected":false},"featured_media":7627,"template":"","meta":{"spay_email":""},"product_cat":[173,170],"product_tag":[],"item":[360],"acf":[],"_links":{"self":[{"href":"https:\/\/mgvpublications.com\/de\/wp-json\/wp\/v2\/product\/7626"}],"collection":[{"href":"https:\/\/mgvpublications.com\/de\/wp-json\/wp\/v2\/product"}],"about":[{"href":"https:\/\/mgvpublications.com\/de\/wp-json\/wp\/v2\/types\/product"}],"wp:featuredmedia":[{"embeddable":true,"href":"https:\/\/mgvpublications.com\/de\/wp-json\/wp\/v2\/media\/7627"}],"wp:attachment":[{"href":"https:\/\/mgvpublications.com\/de\/wp-json\/wp\/v2\/media?parent=7626"}],"wp:term":[{"taxonomy":"product_cat","embeddable":true,"href":"https:\/\/mgvpublications.com\/de\/wp-json\/wp\/v2\/product_cat?post=7626"},{"taxonomy":"product_tag","embeddable":true,"href":"https:\/\/mgvpublications.com\/de\/wp-json\/wp\/v2\/product_tag?post=7626"},{"taxonomy":"item","embeddable":true,"href":"https:\/\/mgvpublications.com\/de\/wp-json\/wp\/v2\/item?post=7626"}],"curies":[{"name":"wp","href":"https:\/\/api.w.org\/{rel}","templated":true}]}}