{"id":7611,"date":"2019-07-03T00:29:44","date_gmt":"2019-07-02T22:29:44","guid":{"rendered":"https:\/\/dev2.mgvpublications.com\/produkt\/guelistan\/"},"modified":"2022-03-08T22:30:57","modified_gmt":"2022-03-08T21:30:57","slug":"guelistan","status":"publish","type":"product","link":"https:\/\/mgvpublications.com\/de\/guelistan\/","title":{"rendered":"G\u00fclistan"},"content":{"rendered":"<p>\u00c7evirmen: Hicabi K\u0131rlang\u0131\u00e7<br \/>\nYay\u0131n Tarihi 2018-01-24<br \/>\nISBN 9752439344<br \/>\nBask\u0131 Say\u0131s\u0131 1. Bask\u0131<br \/>\nDil T\u00dcRK\u00c7E<br \/>\nSayfa Say\u0131s\u0131 224<br \/>\nCilt Tipi Karton Kapak<br \/>\nKa\u011f\u0131t Cinsi Kitap Ka\u011f\u0131d\u0131<br \/>\nBoyut 16 x 23.5 cm<\/p>","protected":false},"excerpt":{"rendered":"<p>Ey seher ku\u015fu \/ b\u00fclb\u00fcl, a\u015fk\u0131 kelebekten \u00f6\u011fren<br \/>\n\u00c7\u00fcnk\u00fc o yanarak can verdi de \u00e7\u0131kmad\u0131 sesi.<br \/>\nOnu arama iddias\u0131nda olanlar\u0131n haberi yoktur.<br \/>\nHaberdar olandan bir daha haber gelmedi.<\/p>\n<p>\u015eirazl\u0131 b\u00fcy\u00fck \u015fair Sa\u2019d\u00ee\u2019nin \u015fiirleri y\u00fczy\u0131llar boyunca \u0130sl\u00e2m co\u011frafyas\u0131nda en \u00e7ok okunan eserler aras\u0131nda yer alm\u0131\u015ft\u0131r. \u00d6zellikle Osmanl\u0131 medreselerinde e\u011fitim-\u00f6\u011fretimde kullan\u0131lm\u0131\u015f, ders kitab\u0131 olarak okutulmu\u015ftur.<\/p>\n<p>\u015eiirlerle s\u00fcslenmi\u015f ak\u0131c\u0131 bir nesirle kaleme al\u0131nm\u0131\u015f olan bu eser, mak\u00e2me t\u00fcr\u00fcn\u00fcn en g\u00fczel \u00f6rneklerindendir. K\u0131sa s\u00fcrede \u015f\u00f6hrete eri\u015fen G\u00fclistan, geni\u015f bir co\u011frafyada \u00e7ok okunan bir kitap h\u00e2line gelmi\u015ftir. \u015e\u00f6hretinin g\u00f6stergelerinden biri olarak d\u00fcnyan\u0131n \u00e7e\u015fitli dillerine \u00e7evrilmi\u015f ve \u00e7evrilmeye devam etmektedir. Fars\u00e7a asl\u0131ndan yap\u0131lm\u0131\u015f olan elinizdeki terc\u00fcmede, eserin \u00fcsl\u00fbp ve renginin yans\u0131t\u0131lmas\u0131 ama\u00e7lanm\u0131\u015f ve anla\u015f\u0131l\u0131r bir dil kullan\u0131lmaya \u00e7al\u0131\u015f\u0131lm\u0131\u015ft\u0131r. Bu bak\u0131mdan G\u00fclistan\u2019\u0131n bu terc\u00fcme sayesinde hem g\u00fcn\u00fcm\u00fczle hem de yeni okuyucularla bulu\u015faca\u011f\u0131 d\u00fc\u015f\u00fcncesindeyiz.<\/p>","protected":false},"featured_media":7612,"template":"","meta":{"spay_email":""},"product_cat":[166,168],"product_tag":[],"item":[734],"acf":[],"_links":{"self":[{"href":"https:\/\/mgvpublications.com\/de\/wp-json\/wp\/v2\/product\/7611"}],"collection":[{"href":"https:\/\/mgvpublications.com\/de\/wp-json\/wp\/v2\/product"}],"about":[{"href":"https:\/\/mgvpublications.com\/de\/wp-json\/wp\/v2\/types\/product"}],"wp:featuredmedia":[{"embeddable":true,"href":"https:\/\/mgvpublications.com\/de\/wp-json\/wp\/v2\/media\/7612"}],"wp:attachment":[{"href":"https:\/\/mgvpublications.com\/de\/wp-json\/wp\/v2\/media?parent=7611"}],"wp:term":[{"taxonomy":"product_cat","embeddable":true,"href":"https:\/\/mgvpublications.com\/de\/wp-json\/wp\/v2\/product_cat?post=7611"},{"taxonomy":"product_tag","embeddable":true,"href":"https:\/\/mgvpublications.com\/de\/wp-json\/wp\/v2\/product_tag?post=7611"},{"taxonomy":"item","embeddable":true,"href":"https:\/\/mgvpublications.com\/de\/wp-json\/wp\/v2\/item?post=7611"}],"curies":[{"name":"wp","href":"https:\/\/api.w.org\/{rel}","templated":true}]}}