{"id":7607,"date":"2019-07-03T00:25:48","date_gmt":"2019-07-02T22:25:48","guid":{"rendered":"https:\/\/dev2.mgvpublications.com\/produkt\/cemil-meric-konusuyor\/"},"modified":"2022-03-08T22:30:57","modified_gmt":"2022-03-08T21:30:57","slug":"cemil-meric-konusuyor","status":"publish","type":"product","link":"https:\/\/mgvpublications.com\/de\/cemil-meric-konusuyor\/","title":{"rendered":"Cemil Meri\u00e7 Konu\u015fuyor"},"content":{"rendered":"<p>Yay\u0131n Tarihi 2018-03-12<br \/>\nISBN 9752482074<br \/>\nBask\u0131 Say\u0131s\u0131 1. Bask\u0131<br \/>\nDil T\u00dcRK\u00c7E<br \/>\nSayfa Say\u0131s\u0131 352<br \/>\nCilt Tipi Karton Kapak<br \/>\nKa\u011f\u0131t Cinsi Kitap Ka\u011f\u0131d\u0131<br \/>\nBoyut 13.5 x 21 cm<\/p>","protected":false},"excerpt":{"rendered":"<p>\u00c7a\u011f\u0131m\u0131z\u0131n sanc\u0131l\u0131 ve tutkulu d\u00fc\u015f\u00fcn\u00fcr\u00fc Cemil Meri\u00e7, titizlikle derlenmi\u015f s\u00f6yle\u015fileriyle bu defa yazm\u0131yor, konu\u015fuyor. Bu konu\u015fmalar, onun fikirlerinin yan\u0131 s\u0131ra ki\u015fili\u011fi ve \u00f6zel hayat\u0131yla ilgili ipu\u00e7lar\u0131n\u0131 da ele veriyor. Cemil Meri\u00e7&#8217;in bilge sesine kulak verin.<br \/>\nAntakya Lisesi&#8217;nden bir adam \u00e7\u0131k\u0131yor ve yaln\u0131z Avrupa K\u00fclt\u00fcr\u00fc \u00fczerinde de\u011fil, Hind k\u00fclt\u00fcr\u00fc \u00fczerinde de, sadece Bat\u0131 klasikleri \u00fczerinde de\u011fil, bizim klasiklerimiz \u00fczerinde de hakkaniyetle durarak \u00f6n\u00fcm\u00fcze c\u00f6mert kap\u0131lar\u0131n\u0131 a\u00e7\u0131yor k\u00fclt\u00fcr ve d\u00fc\u015f\u00fcnce d\u00fcnyas\u0131n\u0131n. Balzac ile \u0130bn Haldun kol kola onda. \u0130hvan-\u0131 Safa, adeta risalelerini yeniden yaz\u0131yorlar onun kalemiyle. Ali \u015eeriati ve Bedi\u00fczzaman Said Nursi de, Victor Hugo ve Proudhon da, Marx ve Weber de, Tevfik Fikret ve Mehmed Akif de beraber, dost\u00e7a geziniyorlar onun binbir \u00e7i\u00e7ekle m\u00fczeyyen bah\u00e7esinde. Clslubunun \u015fim\u015fe\u011finden yay\u0131lan k\u0131v\u0131lc\u0131mlar atom par\u00e7alar\u0131 gibi sayfalar\u0131n aras\u0131na da\u011f\u0131l\u0131yor, sloganikmi\u015f gibi g\u00f6r\u00fcnen hikmet ve arzu y\u00fckl\u00fc c\u00fcmlelerle solu\u011fu al\u0131yor ve yaz\u0131lar\u0131n\u0131 i\u00e7enlerin kan\u0131na kar\u0131\u015f\u0131yordu birka\u00e7 dakikada. Sonra damarlardan patlama sesleri duyuluyordu i\u00e7ten i\u00e7e. \u0130\u015fte bu, halis muhlis Cemil Meri\u00e7 \u00fcslubunun ta kendisiydi.<\/p>","protected":false},"featured_media":7608,"template":"","meta":{"spay_email":""},"product_cat":[168],"product_tag":[],"item":[392],"acf":[],"_links":{"self":[{"href":"https:\/\/mgvpublications.com\/de\/wp-json\/wp\/v2\/product\/7607"}],"collection":[{"href":"https:\/\/mgvpublications.com\/de\/wp-json\/wp\/v2\/product"}],"about":[{"href":"https:\/\/mgvpublications.com\/de\/wp-json\/wp\/v2\/types\/product"}],"wp:featuredmedia":[{"embeddable":true,"href":"https:\/\/mgvpublications.com\/de\/wp-json\/wp\/v2\/media\/7608"}],"wp:attachment":[{"href":"https:\/\/mgvpublications.com\/de\/wp-json\/wp\/v2\/media?parent=7607"}],"wp:term":[{"taxonomy":"product_cat","embeddable":true,"href":"https:\/\/mgvpublications.com\/de\/wp-json\/wp\/v2\/product_cat?post=7607"},{"taxonomy":"product_tag","embeddable":true,"href":"https:\/\/mgvpublications.com\/de\/wp-json\/wp\/v2\/product_tag?post=7607"},{"taxonomy":"item","embeddable":true,"href":"https:\/\/mgvpublications.com\/de\/wp-json\/wp\/v2\/item?post=7607"}],"curies":[{"name":"wp","href":"https:\/\/api.w.org\/{rel}","templated":true}]}}