{"id":7605,"date":"2019-07-03T00:19:36","date_gmt":"2019-07-02T22:19:36","guid":{"rendered":"https:\/\/dev2.mgvpublications.com\/produkt\/cocuklarimiza-namazi-nasil-sevdirelim\/"},"modified":"2022-04-08T06:18:23","modified_gmt":"2022-04-08T04:18:23","slug":"cocuklarimiza-namazi-nasil-sevdirelim","status":"publish","type":"product","link":"https:\/\/mgvpublications.com\/de\/cocuklarimiza-namazi-nasil-sevdirelim\/","title":{"rendered":"\u00c7ocuklar\u0131m\u0131za Namaz\u0131 Nas\u0131l Sevdirelim"},"content":{"rendered":"<p>Yay\u0131n Tarihi: 21.12.2019<br \/>ISBN: 9786051140278<br \/>Dil: T\u00dcRK\u00c7E<br \/>Sayfa Say\u0131s\u0131: 176<br \/>Cilt Tipi: Karton Kapak<br \/>Ka\u011f\u0131t Cinsi: Kitap Ka\u011f\u0131d\u0131<br \/>Boyut: 11.5 x 21 cm<\/p>","protected":false},"excerpt":{"rendered":"<p>Ahmet Bulut\u2019tan Bir Namaz Rehberi, \u00c7ocuklar Secdeye Sevgiyle Vars\u0131nlar Diye\u2026 Ni\u00e7in namaz k\u0131lmal\u0131y\u0131z? Namaz e\u011fitimine ne zaman ba\u015flanmal\u0131? Namaz bilinci \u00e7ocu\u011fa nas\u0131l a\u015f\u0131lan\u0131r? \u00c7ocu\u011fa namaz\u0131 sevdirmek i\u00e7in neler yap\u0131lmal\u0131? \u00c7ocuk namaz k\u0131lm\u0131yorsa anne-baba nas\u0131l hareket etmeli? \u00c7ocuklar, anne-babalar\u0131n kapanmayan amel defterleridir. \u00c7ocu\u011fun midesini doyurmak kadar ruhunu da doyurman\u0131n endi\u015fesini duyan, onu iman\u0131 kuvvetli, ameli salih bir inanan olarak yeti\u015ftirmek isteyen anne-babalar\u0131n y\u00fczle\u015fti\u011fi en zor mesele, \u00e7ocu\u011fa namaz\u0131 \u00f6\u011fretmek ve sevdirmektir. Bu noktada nas\u0131l hareket edilmesi gerekti\u011fini bilmek isteyen anne-babalar\u0131n imdad\u0131na \u201c\u00c7ocuklar\u0131m\u0131za Namaz\u0131 Nas\u0131l Sevdirelim\/\u00c7ocu\u011fumla Sevgi Secdesi\u201d kitab\u0131 yeti\u015fiyor. Bu kitapta, hayat\u0131n\u0131 insanlara namaz\u0131 sevdirmeye adam\u0131\u015f olan Ahmet Bulut, T\u00fcrkiye genelinde d\u00fczenledi\u011fi seminerler ve yapt\u0131\u011f\u0131 televizyon programlar\u0131 neticesinde elde etti\u011fi birikim ve g\u00f6zlemlere dayanarak \u00e7ocuklar\u0131m\u0131za namaz\u0131 sevdirmenin pratik yollar\u0131n\u0131 sunuyor. \u201c\u00c7ocuklar\u0131m\u0131za Namaz\u0131 Nas\u0131l Sevdirelim\u201d b\u00f6l\u00fcm\u00fcnde ebeveynlere k\u0131ymetli tavsiyelerde bulunurken, \u201c\u00c7ocu\u011fumla Sevgi Secdesi\u201d b\u00f6l\u00fcm\u00fcnde ya\u015fanm\u0131\u015f \u00f6rneklerden, hikmetli k\u0131ssalardan, asr\u0131 saadetten g\u00fczel \u00f6rneklerden yola \u00e7\u0131karak \u00e7ocuklar\u0131 namaza haz\u0131rl\u0131yor. Profesyonel \u00e7izimlerle sayfa sayfa s\u00fcslenen, ayr\u0131ca haftal\u0131k namaz tablosu ve ayl\u0131k namaz a\u011fac\u0131yla okunmas\u0131 \u00e7ok daha zevkli hale getirilen kitap, t\u00fcm ebeveynlere, \u00f6\u011fretmenlere, \u00e7ocuklara, k\u0131sacas\u0131 dini e\u011fitimi i\u00e7in endi\u015fe duyan herkese hitap ediyor.<\/p>","protected":false},"featured_media":23135,"template":"","meta":{"spay_email":""},"product_cat":[172],"product_tag":[],"item":[360],"acf":[],"_links":{"self":[{"href":"https:\/\/mgvpublications.com\/de\/wp-json\/wp\/v2\/product\/7605"}],"collection":[{"href":"https:\/\/mgvpublications.com\/de\/wp-json\/wp\/v2\/product"}],"about":[{"href":"https:\/\/mgvpublications.com\/de\/wp-json\/wp\/v2\/types\/product"}],"wp:featuredmedia":[{"embeddable":true,"href":"https:\/\/mgvpublications.com\/de\/wp-json\/wp\/v2\/media\/23135"}],"wp:attachment":[{"href":"https:\/\/mgvpublications.com\/de\/wp-json\/wp\/v2\/media?parent=7605"}],"wp:term":[{"taxonomy":"product_cat","embeddable":true,"href":"https:\/\/mgvpublications.com\/de\/wp-json\/wp\/v2\/product_cat?post=7605"},{"taxonomy":"product_tag","embeddable":true,"href":"https:\/\/mgvpublications.com\/de\/wp-json\/wp\/v2\/product_tag?post=7605"},{"taxonomy":"item","embeddable":true,"href":"https:\/\/mgvpublications.com\/de\/wp-json\/wp\/v2\/item?post=7605"}],"curies":[{"name":"wp","href":"https:\/\/api.w.org\/{rel}","templated":true}]}}