{"id":7598,"date":"2019-07-03T00:13:59","date_gmt":"2019-07-02T22:13:59","guid":{"rendered":"https:\/\/dev2.mgvpublications.com\/produkt\/david-copperfield\/"},"modified":"2022-03-08T22:30:56","modified_gmt":"2022-03-08T21:30:56","slug":"david-copperfield","status":"publish","type":"product","link":"https:\/\/mgvpublications.com\/de\/david-copperfield\/","title":{"rendered":"David Copperfield"},"content":{"rendered":"<p>ISBN 9753852843<br \/>\nBask\u0131 Say\u0131s\u0131 1. Bask\u0131<br \/>\nDil T\u00dcRK\u00c7E<br \/>\nCilt Tipi Karton Kapak<br \/>\nKa\u011f\u0131t Cinsi Kitap Ka\u011f\u0131d\u0131<br \/>\nBoyut 13.5 x 19.5 cm<\/p>","protected":false},"excerpt":{"rendered":"<p>sanayi Devrimi d\u00f6neminin en b\u00fcy\u00fck yazarlar\u0131ndan olan Charles Dickens (1812-1870) Londra&#8217;da do\u011fdu. O d\u00f6nem \u0130ngilteresi&#8217;nin sosyal k\u00f6t\u00fcl\u00fcklerini ve a\u015fa\u011f\u0131 halk tabakalar\u0131n\u0131 ustaca betimleyen roman\u0131yla hakl\u0131 bir \u00fcne kavu\u015ftu.<\/p>\n<p>Kimsesiz \u00e7ocuklar ve \u00e7ocuk eme\u011finin s\u00f6m\u00fcr\u00fcs\u00fc, ingiliz e\u011fitim sisteminin zorbaca disiplinini romanlar\u0131n\u0131n ba\u015fl\u0131ca izle\u011fi haline getiren dickens, as\u0131l \u00fcne David Copperfield&#8217;le kavu\u015ftu. Karakterinin \u00f6l\u00fcms\u00fczl\u00fc\u011f\u00fc, a\u015fa\u011f\u0131 halk katmanlar\u0131n\u0131n i\u00e7tenlikli dostlu\u011fu, burjuvalar\u0131n katlan\u0131lmaz sevimsizliklerini i\u015fleyen bu yap\u0131t\u0131yla Dickens&#8217;i biraz daha seveceksiniz.<\/p>","protected":false},"featured_media":7599,"template":"","meta":{"spay_email":""},"product_cat":[167],"product_tag":[],"item":[722],"acf":[],"_links":{"self":[{"href":"https:\/\/mgvpublications.com\/de\/wp-json\/wp\/v2\/product\/7598"}],"collection":[{"href":"https:\/\/mgvpublications.com\/de\/wp-json\/wp\/v2\/product"}],"about":[{"href":"https:\/\/mgvpublications.com\/de\/wp-json\/wp\/v2\/types\/product"}],"wp:featuredmedia":[{"embeddable":true,"href":"https:\/\/mgvpublications.com\/de\/wp-json\/wp\/v2\/media\/7599"}],"wp:attachment":[{"href":"https:\/\/mgvpublications.com\/de\/wp-json\/wp\/v2\/media?parent=7598"}],"wp:term":[{"taxonomy":"product_cat","embeddable":true,"href":"https:\/\/mgvpublications.com\/de\/wp-json\/wp\/v2\/product_cat?post=7598"},{"taxonomy":"product_tag","embeddable":true,"href":"https:\/\/mgvpublications.com\/de\/wp-json\/wp\/v2\/product_tag?post=7598"},{"taxonomy":"item","embeddable":true,"href":"https:\/\/mgvpublications.com\/de\/wp-json\/wp\/v2\/item?post=7598"}],"curies":[{"name":"wp","href":"https:\/\/api.w.org\/{rel}","templated":true}]}}