{"id":7595,"date":"2019-07-03T00:10:03","date_gmt":"2019-07-02T22:10:03","guid":{"rendered":"https:\/\/dev2.mgvpublications.com\/produkt\/canlar-kimin-icin-caliyor\/"},"modified":"2022-03-08T22:30:56","modified_gmt":"2022-03-08T21:30:56","slug":"canlar-kimin-icin-caliyor","status":"publish","type":"product","link":"https:\/\/mgvpublications.com\/de\/canlar-kimin-icin-caliyor\/","title":{"rendered":"\u00c7anlar Kimin \u0130\u00e7in \u00c7al\u0131yor"},"content":{"rendered":"<p>\u00c7evirmen: Erol Mutlu<br \/>\nYay\u0131n Tarihi 2018-12-21<br \/>\nOrjinal Ad\u0131 For Whom the Bell Tolls<br \/>\nISBN 9752201695<br \/>\nBask\u0131 Say\u0131s\u0131 34. Bask\u0131<br \/>\nDil T\u00dcRK\u00c7E<br \/>\nSayfa Say\u0131s\u0131 636<br \/>\nCilt Tipi Karton Kapak<br \/>\nKa\u011f\u0131t Cinsi Kitap Ka\u011f\u0131d\u0131<br \/>\nBoyut 13.5 x 19.5 cm<\/p>","protected":false},"excerpt":{"rendered":"<p>\u0130spanya i\u00e7 sava\u015f\u0131n\u0131n anlat\u0131ld\u0131\u011f\u0131 roman, 1940&#8217;larda yaz\u0131lm\u0131\u015ft\u0131r. B\u00f6yle olmas\u0131na kar\u015f\u0131n, h\u00e2l\u00e2 bir\u00e7ok \u00fclkede \u00e7evirisi yay\u0131mlanmakta, h\u00e2l\u00e2 en \u00e7ok okunan kitaplar aras\u0131nda yer almaktad\u0131r. Bu ilginin nedeni, bir ser\u00fcven roman\u0131 olu\u015funda ya da Hemingway&#8217;in o kendine \u00f6zg\u00fc anlat\u0131\u015f bi\u00e7iminde aranabilir. Ancak \u015f\u00f6yle bir saptama da yap\u0131labilir: \u00c7anlar Kimin \u0130\u00e7in \u00c7al\u0131yor&#8217;da Hemingway, \u00fclk\u00fc birli\u011fi etmi\u015f insanlar\u0131n inan\u00e7l\u0131 kavgas\u0131 yan\u0131nda, romantizmi de etkileyici bir \u00f6\u011fe olarak kullanm\u0131\u015ft\u0131r. En g\u00fc\u00e7 ko\u015fullarda, \u00f6l\u00fcmle y\u00fcz y\u00fczeyken bile sevgi, umut, korku b\u00fct\u00fcn canl\u0131l\u0131\u011f\u0131yla ya\u015fan\u0131r romanda. Ortak ama\u00e7 do\u011frultusunda, bir toplumsal kavga i\u00e7in, ayr\u0131 ulustan bilin\u00e7li insanlar\u0131n \u00f6yk\u00fcs\u00fcd\u00fcr \u00c7anlar Kimin \u0130\u00e7in \u00c7al\u0131yor.<\/p>","protected":false},"featured_media":7596,"template":"","meta":{"spay_email":""},"product_cat":[167,168],"product_tag":[],"item":[723],"acf":[],"_links":{"self":[{"href":"https:\/\/mgvpublications.com\/de\/wp-json\/wp\/v2\/product\/7595"}],"collection":[{"href":"https:\/\/mgvpublications.com\/de\/wp-json\/wp\/v2\/product"}],"about":[{"href":"https:\/\/mgvpublications.com\/de\/wp-json\/wp\/v2\/types\/product"}],"wp:featuredmedia":[{"embeddable":true,"href":"https:\/\/mgvpublications.com\/de\/wp-json\/wp\/v2\/media\/7596"}],"wp:attachment":[{"href":"https:\/\/mgvpublications.com\/de\/wp-json\/wp\/v2\/media?parent=7595"}],"wp:term":[{"taxonomy":"product_cat","embeddable":true,"href":"https:\/\/mgvpublications.com\/de\/wp-json\/wp\/v2\/product_cat?post=7595"},{"taxonomy":"product_tag","embeddable":true,"href":"https:\/\/mgvpublications.com\/de\/wp-json\/wp\/v2\/product_tag?post=7595"},{"taxonomy":"item","embeddable":true,"href":"https:\/\/mgvpublications.com\/de\/wp-json\/wp\/v2\/item?post=7595"}],"curies":[{"name":"wp","href":"https:\/\/api.w.org\/{rel}","templated":true}]}}