{"id":7592,"date":"2019-07-03T00:08:08","date_gmt":"2019-07-02T22:08:08","guid":{"rendered":"https:\/\/dev2.mgvpublications.com\/produkt\/bolivya-guenluegue\/"},"modified":"2022-03-08T22:30:56","modified_gmt":"2022-03-08T21:30:56","slug":"bolivya-guenluegue","status":"publish","type":"product","link":"https:\/\/mgvpublications.com\/de\/bolivya-guenluegue\/","title":{"rendered":"Bolivya G\u00fcnl\u00fc\u011f\u00fc"},"content":{"rendered":"<p>\u00c7evirmen: Nadiye R. \u00c7obano\u011flu<br \/>\nYay\u0131n Tarihi 2012-05-25<br \/>\nOrjinal Ad\u0131 Bolivianisches Tagebuch<br \/>\nISBN 9757530212<br \/>\nBask\u0131 Say\u0131s\u0131 3. Bask\u0131<br \/>\nDil T\u00dcRK\u00c7E<br \/>\nSayfa Say\u0131s\u0131 217<br \/>\nCilt Tipi Karton Kapak<br \/>\nKa\u011f\u0131t Cinsi Kitap Ka\u011f\u0131d\u0131<br \/>\nBoyut 13.5 x 19.5 cm<\/p>","protected":false},"excerpt":{"rendered":"<p>Gerilla ya\u015fam\u0131 boyunca g\u00f6zlemlerini bir g\u00fcnl\u00fc\u011fe not etmek, Che&#8217;nin al\u0131\u015fkanl\u0131\u011f\u0131yd\u0131. Sarp ve engebeli yollarda, nemli ormanlarda uzun y\u00fcr\u00fcy\u00fc\u015flerden sonra, s\u0131rt \u00e7antalar\u0131n\u0131n, silahlar\u0131n\u0131n, cephanelerinin a\u011f\u0131rl\u0131\u011f\u0131 alt\u0131nda ezilen adamlar, bir dakikal\u0131k molalarda dinlerirken, ya da yorucu bir g\u00fcn\u00fcn sonunda, kamp kurmak i\u00e7in yukar\u0131dan emir ald\u0131klar\u0131nda, Che&#8217;yi (k\u00fcbal\u0131lar ba\u015ftan beri ona sevecenlikle b\u00f6yle diyorlard\u0131), k\u00fc\u00e7\u00fck bir cep defteri \u00e7\u0131kar\u0131p doktorlara \u00f6zg\u00fc okunaks\u0131z yaz\u0131s\u0131yla izlenimlerini yazarken g\u00f6r\u00fcrlerdi.[koo_icon name=&#8221;undefined&#8221; color=&#8221;&#8221; size=&#8221;&#8221;]<\/p>","protected":false},"featured_media":7593,"template":"","meta":{"spay_email":""},"product_cat":[173],"product_tag":[],"item":[724],"acf":[],"_links":{"self":[{"href":"https:\/\/mgvpublications.com\/de\/wp-json\/wp\/v2\/product\/7592"}],"collection":[{"href":"https:\/\/mgvpublications.com\/de\/wp-json\/wp\/v2\/product"}],"about":[{"href":"https:\/\/mgvpublications.com\/de\/wp-json\/wp\/v2\/types\/product"}],"wp:featuredmedia":[{"embeddable":true,"href":"https:\/\/mgvpublications.com\/de\/wp-json\/wp\/v2\/media\/7593"}],"wp:attachment":[{"href":"https:\/\/mgvpublications.com\/de\/wp-json\/wp\/v2\/media?parent=7592"}],"wp:term":[{"taxonomy":"product_cat","embeddable":true,"href":"https:\/\/mgvpublications.com\/de\/wp-json\/wp\/v2\/product_cat?post=7592"},{"taxonomy":"product_tag","embeddable":true,"href":"https:\/\/mgvpublications.com\/de\/wp-json\/wp\/v2\/product_tag?post=7592"},{"taxonomy":"item","embeddable":true,"href":"https:\/\/mgvpublications.com\/de\/wp-json\/wp\/v2\/item?post=7592"}],"curies":[{"name":"wp","href":"https:\/\/api.w.org\/{rel}","templated":true}]}}