{"id":7590,"date":"2019-07-03T00:04:45","date_gmt":"2019-07-02T22:04:45","guid":{"rendered":"https:\/\/dev2.mgvpublications.com\/produkt\/muhtesem-kanuni-sultan-sueleyman\/"},"modified":"2022-03-08T22:30:56","modified_gmt":"2022-03-08T21:30:56","slug":"muhtesem-kanuni-sultan-sueleyman","status":"publish","type":"product","link":"https:\/\/mgvpublications.com\/de\/muhtesem-kanuni-sultan-sueleyman\/","title":{"rendered":"Muhte\u015fem Kanuni Sultan S\u00fcleyman"},"content":{"rendered":"<p>Yay\u0131n Tarihi 2014-04-23<br \/>\nISBN 6055094393<br \/>\nBask\u0131 Say\u0131s\u0131 1. Bask\u0131<br \/>\nDil T\u00dcRK\u00c7E<br \/>\nSayfa Say\u0131s\u0131 504<br \/>\nCilt Tipi Karton Kapak<br \/>\nKa\u011f\u0131t Cinsi Kitap Ka\u011f\u0131d\u0131<br \/>\nBoyut 12 x 19.5 cm<\/p>","protected":false},"excerpt":{"rendered":"<p>&#8216;Zigetvar sahas\u0131nda da\u011f ve g\u00f6k Z\u00fclfikar k\u0131l\u0131c\u0131n\u0131n \u015feklini alarak<br \/>\nyatarlarken, hilalin nazl\u0131 y\u00fckseli\u015fi yorgun Kanun\u00ee\u2019 nin zihnine serin alevler vererek bir nebze co\u015fturmu\u015ftu. Bilal\u2019in ezan\u0131 kula\u011f\u0131nda u\u011fuldarken, H\u00e2lid\u2019in n\u00e2ras\u0131, Saad\u2019\u0131n satveti K\u00e2be\u2019nin kokular\u0131yla kar\u0131\u015farak bir bad-\u0131 saban\u0131n kollar\u0131nda gelip h\u00fcz\u00fcnl\u00fc bir ferahl\u0131kla etraf\u0131n\u0131 ald\u0131, kutlu bir davetin m\u00fcjdesini getirdi.<br \/>\nHasta Padi\u015fah i\u00e7in uzun ge\u00e7en bir geceden sonra sabaha kar\u015f\u0131 toprak \u00fczerindeki karanl\u0131k \u00f6rt\u00fc canavardan ka\u00e7an s\u00fcr\u00fcler gibi<br \/>\nda\u011f\u0131l\u0131rken, onun ard\u0131ndan bembeyaz g\u00fcm\u00fc\u015f\u00ee sabah perdesi<br \/>\nson bir kere daha yery\u00fcz\u00fcne geriliyordu.\u2019<\/p>\n<p>Osmanl\u0131\u2019 y\u0131 g\u00fcc\u00fcn\u00fcn ve ihti\u015fam\u0131n\u0131n doru\u011funa \u00e7\u0131kararak Viyana<br \/>\nkap\u0131lar\u0131na kadar dayanan, Anadolu\u2019 dan Hristiyan Avrupa\u2019 n\u0131n<br \/>\ng\u00f6be\u011fine aral\u0131ks\u0131z ak\u0131nlar d\u00fczenleyerek d\u00fcnya haritas\u0131n\u0131 yeniden<br \/>\n\u015fekillendiren, Akdeniz\u2019 i tam bir \u2018\u2019T\u00fcrk G\u00f6l\u00fc\u2019\u2019 haline<br \/>\ngetiren, S\u00fcvey\u015f\u2019 te kurdu\u011fu donanma ile K\u0131z\u0131ldeniz\u2019 i ve Kutsal Mekke-Medine topraklar\u0131n\u0131 emniyet alt\u0131na alan, 71 ya\u015f\u0131nda ve<br \/>\nhasta bir haldeyken bile ordusunun ba\u015f\u0131nda sefere \u00e7\u0131kan, Zigetvar kalesi\u2019 nin zapt\u0131 s\u0131ras\u0131nda top sesleri aras\u0131nda \u015fehid olan<br \/>\nSULTANLAR SULTANI\u2026<\/p>","protected":false},"featured_media":7591,"template":"","meta":{"spay_email":""},"product_cat":[166],"product_tag":[],"item":[1450],"acf":[],"_links":{"self":[{"href":"https:\/\/mgvpublications.com\/de\/wp-json\/wp\/v2\/product\/7590"}],"collection":[{"href":"https:\/\/mgvpublications.com\/de\/wp-json\/wp\/v2\/product"}],"about":[{"href":"https:\/\/mgvpublications.com\/de\/wp-json\/wp\/v2\/types\/product"}],"wp:featuredmedia":[{"embeddable":true,"href":"https:\/\/mgvpublications.com\/de\/wp-json\/wp\/v2\/media\/7591"}],"wp:attachment":[{"href":"https:\/\/mgvpublications.com\/de\/wp-json\/wp\/v2\/media?parent=7590"}],"wp:term":[{"taxonomy":"product_cat","embeddable":true,"href":"https:\/\/mgvpublications.com\/de\/wp-json\/wp\/v2\/product_cat?post=7590"},{"taxonomy":"product_tag","embeddable":true,"href":"https:\/\/mgvpublications.com\/de\/wp-json\/wp\/v2\/product_tag?post=7590"},{"taxonomy":"item","embeddable":true,"href":"https:\/\/mgvpublications.com\/de\/wp-json\/wp\/v2\/item?post=7590"}],"curies":[{"name":"wp","href":"https:\/\/api.w.org\/{rel}","templated":true}]}}