{"id":7580,"date":"2019-07-02T23:55:22","date_gmt":"2019-07-02T21:55:22","guid":{"rendered":"https:\/\/dev2.mgvpublications.com\/produkt\/guenese-kosan-adam\/"},"modified":"2022-03-08T22:30:53","modified_gmt":"2022-03-08T21:30:53","slug":"guenese-kosan-adam","status":"publish","type":"product","link":"https:\/\/mgvpublications.com\/de\/guenese-kosan-adam\/","title":{"rendered":"G\u00fcne\u015fe Ko\u015fan Adam"},"content":{"rendered":"<p>Yay\u0131n Tarihi 2016-09-28<br \/>\nISBN 9753559713<br \/>\nBask\u0131 Say\u0131s\u0131 2. Bask\u0131<br \/>\nDil T\u00dcRK\u00c7E<br \/>\nSayfa Say\u0131s\u0131 128<br \/>\nCilt Tipi Karton Kapak<br \/>\nKa\u011f\u0131t Cinsi Kitap Ka\u011f\u0131d\u0131<br \/>\nBoyut 12 x 19.5 cm<\/p>","protected":false},"excerpt":{"rendered":"<p>D\u00fc\u015f-ger\u00e7eklik, insan psikolojisinin derinlikleriyle hayat\u0131n basitlikleri, fizik ve metafizik aras\u0131ndaki gerilimler G\u00fcne\u015fe Ko\u015fan Adam\u2019daki \u00f6yk\u00fclerin temel karakteristi\u011fini yans\u0131t\u0131r. Ali Haydar Haksal bu kitab\u0131nda kimi zaman insan ili\u015fkilerinden kimi zaman da bireyin kendi i\u00e7 \u00e7at\u0131\u015fmalar\u0131ndan hareketle insan\u0131n varolu\u015fsal s\u0131k\u0131nt\u0131lar\u0131n\u0131 i\u015flemi\u015ftir.<\/p>","protected":false},"featured_media":7581,"template":"","meta":{"spay_email":""},"product_cat":[168],"product_tag":[],"item":[689],"acf":[],"_links":{"self":[{"href":"https:\/\/mgvpublications.com\/de\/wp-json\/wp\/v2\/product\/7580"}],"collection":[{"href":"https:\/\/mgvpublications.com\/de\/wp-json\/wp\/v2\/product"}],"about":[{"href":"https:\/\/mgvpublications.com\/de\/wp-json\/wp\/v2\/types\/product"}],"wp:featuredmedia":[{"embeddable":true,"href":"https:\/\/mgvpublications.com\/de\/wp-json\/wp\/v2\/media\/7581"}],"wp:attachment":[{"href":"https:\/\/mgvpublications.com\/de\/wp-json\/wp\/v2\/media?parent=7580"}],"wp:term":[{"taxonomy":"product_cat","embeddable":true,"href":"https:\/\/mgvpublications.com\/de\/wp-json\/wp\/v2\/product_cat?post=7580"},{"taxonomy":"product_tag","embeddable":true,"href":"https:\/\/mgvpublications.com\/de\/wp-json\/wp\/v2\/product_tag?post=7580"},{"taxonomy":"item","embeddable":true,"href":"https:\/\/mgvpublications.com\/de\/wp-json\/wp\/v2\/item?post=7580"}],"curies":[{"name":"wp","href":"https:\/\/api.w.org\/{rel}","templated":true}]}}