{"id":7576,"date":"2019-07-02T23:51:28","date_gmt":"2019-07-02T21:51:28","guid":{"rendered":"https:\/\/dev2.mgvpublications.com\/produkt\/milli-goerues-hareketinin-temel-karakterleri\/"},"modified":"2022-03-08T22:30:53","modified_gmt":"2022-03-08T21:30:53","slug":"milli-goerues-hareketinin-temel-karakterleri","status":"publish","type":"product","link":"https:\/\/mgvpublications.com\/de\/milli-goerues-hareketinin-temel-karakterleri\/","title":{"rendered":"Milli G\u00f6r\u00fc\u015f Hareketi\u2019nin Temel Karakterleri"},"content":{"rendered":"<p>Yay\u0131n Tarihi 2019-03-04<br \/>\nISBN 6052008362<br \/>\nBask\u0131 Say\u0131s\u0131 1. Bask\u0131<br \/>\nDil T\u00dcRK\u00c7E<br \/>\nSayfa Say\u0131s\u0131 96<br \/>\nCilt Tipi Karton Kapak<br \/>\nKa\u011f\u0131t Cinsi Kitap Ka\u011f\u0131d\u0131<br \/>\nBoyut 13.5 x 21 cm<\/p>","protected":false},"excerpt":{"rendered":"<p>Prof. Dr. Necmettin Erbakan taraf\u0131ndan kurulan Mill\u00ee G\u00f6r\u00fc\u015f Hareketi, 1960\u2019l\u0131 y\u0131llar\u0131n sonlar\u0131nda (1969) T\u00fcrkiye\u2019de ortaya \u00e7\u0131km\u0131\u015f, \u0130sl\u00e2m\u00ee m\u00fccadelede parti\/siyaset metodunu benimsemi\u015f, yeni bir model olarak &#8220;Adil D\u00fczen\u201d tezini ortaya koymu\u015f, hedef olarak &#8220;Ya\u015fanabilir Bir T\u00fcrkiye\u201d, &#8220;Yeniden B\u00fcy\u00fck T\u00fcrkiye\u201d ve &#8220;Yeni Bir D\u00fcnya\u201d ideallerini belirlemi\u015f &#8220;siyasal \u0131slahat\u00e7\u0131\u201d bir \u0130sl\u00e2m\u00ee harekettir. Bu hareket sosyal, siyasal, ekonomik ve k\u00fclt\u00fcrel alanlarda T\u00fcrkiye \u00f6l\u00e7e\u011finde \u00f6nemli de\u011fi\u015fimlerin muharrik kuvveti olmu\u015ftur. Ayn\u0131 zamanda d\u00fcnyadaki \u0130sl\u00e2m\u00ee hareketlerin baz\u0131lar\u0131na model olmu\u015f, onlara moral, motivasyon ve heyecan anlam\u0131nda katk\u0131da bulunmu\u015ftur. Bu durum, Mill\u00ee G\u00f6r\u00fc\u015f Hareketi\u2019nin karakterleriyle\/yap\u0131sal \u00f6zellikleriyle ilgilidir.<\/p>\n<p>Tespit edebildi\u011fimiz kadar\u0131yla Mill\u00ee G\u00f6r\u00fc\u015f Hareketi\u2019nin temel karakterleri \u015funlard\u0131r: \u0130sl\u00e2mc\u0131l\u0131k, \u0130sl\u00e2m birli\u011fi ideali, \u00fcmmet\u00e7ilik, tasavvuf men\u015feli olu\u015f, Ehl-i S\u00fcnnet mensubiyeti, mezhepler \u00fcst\u00fc duru\u015f, mill\u00eelik, yerlilik, antiemperyalizm, antisiyonizm, siyasall\u0131k, \u0131slahat\u00e7\u0131l\u0131k, karizmatik lider tipli olu\u015f, ku\u015fat\u0131c\u0131l\u0131k, aktivizm ve te\u015fkilat\u00e7\u0131l\u0131k. Son tahlilde bu karakterlerin hepsinin \u015fu iki hususta m\u00fcndemi\u00e7 oldu\u011fu s\u00f6ylenebilir: \u0130sl\u00e2m\u00ee d\u00fcnya g\u00f6r\u00fc\u015f\u00fc ve ba\u011f\u0131ms\u0131zl\u0131k.<\/p>\n<p>Mill\u00ee G\u00f6r\u00fc\u015f Hareketi\u2019nin temel karakterlerinin ele al\u0131nd\u0131\u011f\u0131 bu \u00e7al\u0131\u015fmada yap\u0131sal analiz ve t\u00fcmevar\u0131m y\u00f6ntemiyle hareketin tan\u0131mlanmas\u0131 ama\u00e7lanm\u0131\u015ft\u0131r. Ara\u015ft\u0131rma s\u00fcrecinde ba\u015fta &#8220;Erbakan K\u00fclliyat\u0131\u201d olmak \u00fczere hareketin temel yaz\u0131l\u0131 kaynaklar\u0131 taranm\u0131\u015f, metin analizi metodu kullan\u0131larak zihniyet \u00e7\u00f6z\u00fcmlemesi yap\u0131lmaya \u00e7al\u0131\u015f\u0131lm\u0131\u015ft\u0131r.<\/p>","protected":false},"featured_media":7577,"template":"","meta":{"spay_email":""},"product_cat":[173],"product_tag":[],"item":[335],"acf":[],"_links":{"self":[{"href":"https:\/\/mgvpublications.com\/de\/wp-json\/wp\/v2\/product\/7576"}],"collection":[{"href":"https:\/\/mgvpublications.com\/de\/wp-json\/wp\/v2\/product"}],"about":[{"href":"https:\/\/mgvpublications.com\/de\/wp-json\/wp\/v2\/types\/product"}],"wp:featuredmedia":[{"embeddable":true,"href":"https:\/\/mgvpublications.com\/de\/wp-json\/wp\/v2\/media\/7577"}],"wp:attachment":[{"href":"https:\/\/mgvpublications.com\/de\/wp-json\/wp\/v2\/media?parent=7576"}],"wp:term":[{"taxonomy":"product_cat","embeddable":true,"href":"https:\/\/mgvpublications.com\/de\/wp-json\/wp\/v2\/product_cat?post=7576"},{"taxonomy":"product_tag","embeddable":true,"href":"https:\/\/mgvpublications.com\/de\/wp-json\/wp\/v2\/product_tag?post=7576"},{"taxonomy":"item","embeddable":true,"href":"https:\/\/mgvpublications.com\/de\/wp-json\/wp\/v2\/item?post=7576"}],"curies":[{"name":"wp","href":"https:\/\/api.w.org\/{rel}","templated":true}]}}