{"id":7567,"date":"2020-12-02T15:38:49","date_gmt":"2020-12-02T14:38:49","guid":{"rendered":"https:\/\/dev2.mgvpublications.com\/produkt\/hayvan-ciftligi\/"},"modified":"2022-03-08T22:30:53","modified_gmt":"2022-03-08T21:30:53","slug":"hayvan-ciftligi","status":"publish","type":"product","link":"https:\/\/mgvpublications.com\/de\/hayvan-ciftligi\/","title":{"rendered":"Hayvan \u00c7iftli\u011fi"},"content":{"rendered":"<p>\u00c7evirmen: Celal \u00dcster<br \/>Kapak: Utku Lomlu<br \/>Yay\u0131n Tarihi: 04.10.2019<br \/>Orijinal Ad\u0131: Animall Farm<br \/>ISBN: 9789750719387<br \/>Dil: T\u00dcRK\u00c7E<br \/>Sayfa Say\u0131s\u0131: 152<br \/>Cilt Tipi: Karton Kapak<br \/>Ka\u011f\u0131t Cinsi: Kitap Ka\u011f\u0131d\u0131<br \/>Boyut: 12.5 x 19.5 cm<\/p>","protected":false},"excerpt":{"rendered":"<p>\u0130ngiliz yazar George Orwell (1903-1950), \u00fclkemizde daha \u00e7ok 1984 adl\u0131 kitab\u0131yla tan\u0131n\u0131r. Hayvan \u00c7iftli\u011fi, onun \u00e7a\u011fda\u015f klasikler aras\u0131na girmi\u015f ikinci \u00fcnl\u00fc yap\u0131t\u0131d\u0131r. 1940&#8217;lardaki &#8216;reel sosyalizm&#8217;in ele\u015ftirisi olan bu roman, d\u00fcnya edebiyat\u0131nda &#8216;yergi&#8217; t\u00fcr\u00fcn\u00fcn ba\u015fyap\u0131tlar\u0131ndan biridir. Hayvan \u00c7iftli\u011fi&#8217;nin ki\u015fileri hayvanlard\u0131r. George Orwell, bu roman\u0131nda tarihsel bir ger\u00e7e\u011fi ele\u015ftirmektedir. Romandaki \u00f6nder domuzun, d\u00fcped\u00fcz Stalin&#8217;i simgeledi\u011fi a\u00e7\u0131k\u00e7a g\u00f6r\u00fclecektir. \u00d6b\u00fcr ki\u015filer bire bir belli olmasalar da, bir diktat\u00f6rl\u00fck ortam\u0131nda yer albilecek ki\u015filerdir. Roman\u0131n alt ba\u015fl\u0131\u011f\u0131 Bir Peri Masal\u0131&#8217;d\u0131r. K\u00fc\u00e7\u00fckleri e\u011flendirecek bir peri masal\u0131 de\u011fildir; ama roman, bir masal anlat\u0131m\u0131yla yaz\u0131lm\u0131\u015ft\u0131r.<\/p>","protected":false},"featured_media":21842,"template":"","meta":{"spay_email":""},"product_cat":[168],"product_tag":[],"item":[369],"acf":[],"_links":{"self":[{"href":"https:\/\/mgvpublications.com\/de\/wp-json\/wp\/v2\/product\/7567"}],"collection":[{"href":"https:\/\/mgvpublications.com\/de\/wp-json\/wp\/v2\/product"}],"about":[{"href":"https:\/\/mgvpublications.com\/de\/wp-json\/wp\/v2\/types\/product"}],"wp:featuredmedia":[{"embeddable":true,"href":"https:\/\/mgvpublications.com\/de\/wp-json\/wp\/v2\/media\/21842"}],"wp:attachment":[{"href":"https:\/\/mgvpublications.com\/de\/wp-json\/wp\/v2\/media?parent=7567"}],"wp:term":[{"taxonomy":"product_cat","embeddable":true,"href":"https:\/\/mgvpublications.com\/de\/wp-json\/wp\/v2\/product_cat?post=7567"},{"taxonomy":"product_tag","embeddable":true,"href":"https:\/\/mgvpublications.com\/de\/wp-json\/wp\/v2\/product_tag?post=7567"},{"taxonomy":"item","embeddable":true,"href":"https:\/\/mgvpublications.com\/de\/wp-json\/wp\/v2\/item?post=7567"}],"curies":[{"name":"wp","href":"https:\/\/api.w.org\/{rel}","templated":true}]}}