{"id":7565,"date":"2019-07-02T23:40:22","date_gmt":"2019-07-02T21:40:22","guid":{"rendered":"https:\/\/dev2.mgvpublications.com\/produkt\/cinler\/"},"modified":"2025-04-27T00:47:23","modified_gmt":"2025-04-26T22:47:23","slug":"cinler","status":"publish","type":"product","link":"https:\/\/mgvpublications.com\/de\/cinler\/","title":{"rendered":"Cinler"},"content":{"rendered":"<p>\u00c7evirmen: Ergin Altay<br \/>\nYay\u0131n Tarihi 2015-07-01<br \/>\nISBN 9750517860<br \/>\nBask\u0131 Say\u0131s\u0131 14. Bask\u0131<br \/>\nDil T\u00dcRK\u00c7E<br \/>\nSayfa Say\u0131s\u0131 823<br \/>\nCilt Tipi Karton Kapak<br \/>\nKa\u011f\u0131t Cinsi Kitap Ka\u011f\u0131d\u0131<br \/>\nBoyut 13 x 19 cm<\/p>","protected":false},"excerpt":{"rendered":"<p>Cinler, Rus toplumunu bekleyen \u00e7alkant\u0131lar\u0131 seneler \u00f6ncesinden<br \/>\nsezebilmi\u015f Dostoyevski\u2019nin, ger\u00e7ek bir olaydan esinlenerek kaleme<br \/>\nald\u0131\u011f\u0131 siyasi roman\u0131d\u0131r.<br \/>\nBir ta\u015fra g\u00f6l\u00fcnde, infaz edilmi\u015f bir adam\u0131n cesedi bulunur. Bu<br \/>\ngen\u00e7 adam\u0131n \u00f6ld\u00fcr\u00fclme nedeninin uzakla\u015ft\u0131\u011f\u0131 devrimci \u00f6rg\u00fctten<br \/>\nayr\u0131lmak istemesi oldu\u011fu sonradan anla\u015f\u0131l\u0131r. Dostoyevski\u2019nin<br \/>\n1869\u2019da ger\u00e7ekle\u015fen bu olaydan esinlenerek yazd\u0131\u011f\u0131 Cinler\u2019de,<br \/>\n\u00c7ar\u2019\u0131 devirmeyi ve devleti ele ge\u00e7irmeyi ama\u00e7layan bir siyasi<br \/>\n\u00f6rg\u00fct\u00fcn i\u00e7indeki ayd\u0131nlar\u0131n, sosyalistlerin, anar\u015fistlerin,<br \/>\ntanr\u0131tan\u0131mazlar\u0131n resmini \u00e7izer. 19. y\u00fczy\u0131l sonu Rusyas\u0131\u2019n\u0131 kas\u0131p<br \/>\nkavuran \u015fiddet \u00e7\u0131\u011f\u0131rtkanl\u0131\u011f\u0131na kar\u015f\u0131 bir hayk\u0131r\u0131\u015f niteli\u011finde olan bu<br \/>\nba\u015fyap\u0131t en iyi siyasi romanlardan biri olarak kabul edilmektedir.<br \/>\n\u201cDostoyevski\u2019nin Cinler\u2019i devrimci bir komplodan esinlenerek<br \/>\nyaz\u0131lm\u0131\u015f en iyi romanlardan biri.\u201d<br \/>\nJOSEPH FRANK<\/p>","protected":false},"featured_media":7566,"template":"","meta":{"spay_email":""},"product_cat":[167,168],"product_tag":[],"item":[365],"acf":[],"_links":{"self":[{"href":"https:\/\/mgvpublications.com\/de\/wp-json\/wp\/v2\/product\/7565"}],"collection":[{"href":"https:\/\/mgvpublications.com\/de\/wp-json\/wp\/v2\/product"}],"about":[{"href":"https:\/\/mgvpublications.com\/de\/wp-json\/wp\/v2\/types\/product"}],"wp:featuredmedia":[{"embeddable":true,"href":"https:\/\/mgvpublications.com\/de\/wp-json\/wp\/v2\/media\/7566"}],"wp:attachment":[{"href":"https:\/\/mgvpublications.com\/de\/wp-json\/wp\/v2\/media?parent=7565"}],"wp:term":[{"taxonomy":"product_cat","embeddable":true,"href":"https:\/\/mgvpublications.com\/de\/wp-json\/wp\/v2\/product_cat?post=7565"},{"taxonomy":"product_tag","embeddable":true,"href":"https:\/\/mgvpublications.com\/de\/wp-json\/wp\/v2\/product_tag?post=7565"},{"taxonomy":"item","embeddable":true,"href":"https:\/\/mgvpublications.com\/de\/wp-json\/wp\/v2\/item?post=7565"}],"curies":[{"name":"wp","href":"https:\/\/api.w.org\/{rel}","templated":true}]}}