{"id":7562,"date":"2019-07-02T23:37:33","date_gmt":"2019-07-02T21:37:33","guid":{"rendered":"https:\/\/dev2.mgvpublications.com\/produkt\/sekueler-cag\/"},"modified":"2025-04-27T00:53:55","modified_gmt":"2025-04-26T22:53:55","slug":"sekueler-cag","status":"publish","type":"product","link":"https:\/\/mgvpublications.com\/de\/sekueler-cag\/","title":{"rendered":"Sek\u00fcler \u00c7a\u011f"},"content":{"rendered":"<p>\u00c7evirmen: Dost K\u00f6rpe<br \/>\nYay\u0131n Tarihi 2019-04-30<br \/>\nOrjinal Ad\u0131 A Secular Age<br \/>\nISBN 6053322955<br \/>\nBask\u0131 Say\u0131s\u0131 3. Bask\u0131<br \/>\nDil T\u00dcRK\u00c7E<br \/>\nSayfa Say\u0131s\u0131 1048<br \/>\nCilt Tipi Ciltli<br \/>\nKa\u011f\u0131t Cinsi Kitap Ka\u011f\u0131d\u0131<br \/>\nBoyut 15.5 x 23 cm<\/p>","protected":false},"excerpt":{"rendered":"<p>Kitab\u0131n odak noktas\u0131, kamusal kurumlarda dinin rol\u00fc ve dini inan\u00e7lar\u0131n hayat\u0131m\u0131zda ne kadar yer kaplad\u0131\u011f\u0131 de\u011fil, t\u00fcm bunlardaki de\u011fi\u015fimi m\u00fcmk\u00fcn k\u0131lan ko\u015fullar.<br \/>\n(Jonathan Derbyshire, Philosopher\u2019s Magazine)<\/p>\n<p>Bu Charles Taylor\u2019\u0131n ger\u00e7ekten b\u00fcy\u00fck \u00f6nem ta\u015f\u0131yan, \u00e7\u0131\u011f\u0131r a\u00e7an bir kitab\u0131, \u00e7\u00fcnk\u00fc burada, t\u00fcm sek\u00fclarizm tart\u0131\u015fmas\u0131n\u0131 yeni bir kal\u0131ba d\u00f6kmeyi ba\u015far\u0131yor. Ya\u015fad\u0131\u011f\u0131m s\u00fcre i\u00e7erisinde yaz\u0131lm\u0131\u015f en \u00f6nemli kitaplardan biri . (Robert N. Bellah)<br \/>\nTanr\u0131\u2019ya, hatta belirli bir dine inanmaman\u0131n neredeyse imk\u00e2ns\u0131z oldu\u011fu zamanlardan, dini inan\u0131\u015flar\u0131n \u201cbireysel tercih\u201d olarak g\u00f6r\u00fcld\u00fc\u011f\u00fc ve ak\u0131lc\u0131la\u015ft\u0131r\u0131lmak zorunda hissedildi\u011fi g\u00fcn\u00fcm\u00fcze nas\u0131l geldik?<\/p>\n<p>2007\u2019de yay\u0131mland\u0131\u011f\u0131 g\u00fcnden bu yana d\u00fcnya \u00e7ap\u0131nda b\u00fcy\u00fck ses getirmi\u015f ve Templeton \u00f6d\u00fcl\u00fcn\u00fc kazanm\u0131\u015f olan Sek\u00fcler \u00c7a\u011f \u2019da Charles Taylor, be\u015f y\u00fczy\u0131la yay\u0131lm\u0131\u015f sek\u00fclerle\u015fme s\u00fcrecini anlamak i\u00e7in modern bilimin do\u011fu\u015fuyla kaybedilen \u015feylere de\u011fil, bu bilimi m\u00fcmk\u00fcn k\u0131lan \u201ctoplumsal tahayy\u00fcldeki\u201d de\u011fi\u015fimlere bakmam\u0131z gerekti\u011fini s\u00f6yl\u00fcyor.<\/p>\n<p>Taylor Bat\u0131 k\u00fclt\u00fcr tarihinin bu uzun kesitini ola\u011fan\u00fcst\u00fc bir incelikle yans\u0131t\u0131rken, bir yandan da g\u00fcn\u00fcm\u00fcz ko\u015fullar\u0131nda, a\u015fk\u0131n bir varl\u0131kla ba\u011flant\u0131l\u0131 bir hayat\u0131n olanaklar\u0131 \u00fczerine felsefi bir tart\u0131\u015fmaya giri\u015fiyor.<\/p>","protected":false},"featured_media":7563,"template":"","meta":{"spay_email":""},"product_cat":[167],"product_tag":[],"item":[336],"acf":[],"_links":{"self":[{"href":"https:\/\/mgvpublications.com\/de\/wp-json\/wp\/v2\/product\/7562"}],"collection":[{"href":"https:\/\/mgvpublications.com\/de\/wp-json\/wp\/v2\/product"}],"about":[{"href":"https:\/\/mgvpublications.com\/de\/wp-json\/wp\/v2\/types\/product"}],"wp:featuredmedia":[{"embeddable":true,"href":"https:\/\/mgvpublications.com\/de\/wp-json\/wp\/v2\/media\/7563"}],"wp:attachment":[{"href":"https:\/\/mgvpublications.com\/de\/wp-json\/wp\/v2\/media?parent=7562"}],"wp:term":[{"taxonomy":"product_cat","embeddable":true,"href":"https:\/\/mgvpublications.com\/de\/wp-json\/wp\/v2\/product_cat?post=7562"},{"taxonomy":"product_tag","embeddable":true,"href":"https:\/\/mgvpublications.com\/de\/wp-json\/wp\/v2\/product_tag?post=7562"},{"taxonomy":"item","embeddable":true,"href":"https:\/\/mgvpublications.com\/de\/wp-json\/wp\/v2\/item?post=7562"}],"curies":[{"name":"wp","href":"https:\/\/api.w.org\/{rel}","templated":true}]}}