{"id":7554,"date":"2019-07-02T14:28:07","date_gmt":"2019-07-02T12:28:07","guid":{"rendered":"https:\/\/dev2.mgvpublications.com\/produkt\/nutuk-gencler-icin\/"},"modified":"2022-03-08T22:30:50","modified_gmt":"2022-03-08T21:30:50","slug":"nutuk-gencler-icin","status":"publish","type":"product","link":"https:\/\/mgvpublications.com\/de\/nutuk-gencler-icin\/","title":{"rendered":"Nutuk"},"content":{"rendered":"<p>Yay\u0131n Tarihi 2017-04-21<br \/>\nISBN 6051711577<br \/>\nBask\u0131 Say\u0131s\u0131 52. Bask\u0131<br \/>\nDil T\u00dcRK\u00c7E<br \/>\nSayfa Say\u0131s\u0131 640<br \/>\nCilt Tipi Karton Kapak<br \/>\nKa\u011f\u0131t Cinsi Kitap Ka\u011f\u0131d\u0131<br \/>\nBoyut 14 x 21 cm<\/p>","protected":false},"excerpt":{"rendered":"<p>Temel ilke, T\u00fcrk milletinin haysiyetli ve \u015ferefli bir millet olarak ya\u015famas\u0131d\u0131r. Bu ilke, ancak tam istikl\u00e2le sahip olmakla ger\u00e7ekle\u015ftirilebilir. Ne kadar zengin ve bolluk i\u00e7inde olursa olsun, ba\u011f\u0131ms\u0131zl\u0131ktan yoksun bir millet, meden\u00ee insanl\u0131k d\u00fcnyas\u0131 kar\u015f\u0131s\u0131nda u\u015fak olmak konumundan y\u00fcksek bir davran\u0131\u015fa l\u00e2y\u0131k g\u00f6r\u00fclemez.<br \/>\nYabanc\u0131 bir devletin koruyup kollayaca\u011f\u0131n\u0131 kabul etmek, insanl\u0131k vas\u0131flar\u0131ndan yoksunlu\u011fu, g\u00fc\u00e7s\u00fczl\u00fck ve miskinli\u011fi itiraftan ba\u015fka bir \u015fey de\u011fildir. Ger\u00e7ekten de, bu seviyesizli\u011fe d\u00fc\u015fmemi\u015f olanlar\u0131n, isteyerek ba\u015flar\u0131na bir yabanc\u0131 efendi getirmelerine asla ihtimal verilemez.<br \/>\nHalbuki, T\u00fcrk\u2019\u00fcn haysiyeti, gururu ve kabiliyeti \u00e7ok y\u00fcksek ve b\u00fcy\u00fckt\u00fcr. B\u00f6yle bir millet esir ya\u015famaktansa yok olsun daha iyidir!<br \/>\nKurtulu\u015f Sava\u015f\u0131&#8217;n\u0131n \u00f6yk\u00fcs\u00fc.<\/p>","protected":false},"featured_media":7555,"template":"","meta":{"spay_email":""},"product_cat":[168,173,170],"product_tag":[],"item":[336],"acf":[],"_links":{"self":[{"href":"https:\/\/mgvpublications.com\/de\/wp-json\/wp\/v2\/product\/7554"}],"collection":[{"href":"https:\/\/mgvpublications.com\/de\/wp-json\/wp\/v2\/product"}],"about":[{"href":"https:\/\/mgvpublications.com\/de\/wp-json\/wp\/v2\/types\/product"}],"wp:featuredmedia":[{"embeddable":true,"href":"https:\/\/mgvpublications.com\/de\/wp-json\/wp\/v2\/media\/7555"}],"wp:attachment":[{"href":"https:\/\/mgvpublications.com\/de\/wp-json\/wp\/v2\/media?parent=7554"}],"wp:term":[{"taxonomy":"product_cat","embeddable":true,"href":"https:\/\/mgvpublications.com\/de\/wp-json\/wp\/v2\/product_cat?post=7554"},{"taxonomy":"product_tag","embeddable":true,"href":"https:\/\/mgvpublications.com\/de\/wp-json\/wp\/v2\/product_tag?post=7554"},{"taxonomy":"item","embeddable":true,"href":"https:\/\/mgvpublications.com\/de\/wp-json\/wp\/v2\/item?post=7554"}],"curies":[{"name":"wp","href":"https:\/\/api.w.org\/{rel}","templated":true}]}}