{"id":7550,"date":"2019-07-02T14:22:04","date_gmt":"2019-07-02T12:22:04","guid":{"rendered":"https:\/\/dev2.mgvpublications.com\/produkt\/isyan-ahlaki\/"},"modified":"2022-03-08T22:30:49","modified_gmt":"2022-03-08T21:30:49","slug":"isyan-ahlaki","status":"publish","type":"product","link":"https:\/\/mgvpublications.com\/de\/isyan-ahlaki\/","title":{"rendered":"\u0130syan Ahlak\u0131"},"content":{"rendered":"<p>Yay\u0131n Tarihi 2016-01-01<br \/>\nISBN 9759955496<br \/>\nBask\u0131 Say\u0131s\u0131 20. Bask\u0131<br \/>\nDil T\u00dcRK\u00c7E<br \/>\nSayfa Say\u0131s\u0131 243<br \/>\nCilt Tipi Karton Kapak<br \/>\nKa\u011f\u0131t Cinsi 1. Hm. Ka\u011f\u0131t<br \/>\nBoyut 14 x 16 cm<\/p>","protected":false},"excerpt":{"rendered":"<p>Biz, hem uysall\u0131\u011fa, hem de anar\u015fizme kar\u015f\u0131y\u0131z. Her t\u00fcrl\u00fc toplum ger\u00e7e\u011finin her \u015fey oldu\u011fu anlay\u0131\u015f\u0131na kar\u015f\u0131 oldu\u011fumuz kadar, bencil ve kat\u0131 ferdiyet\u00e7ili\u011fin de kar\u015f\u0131s\u0131nday\u0131z. Ferdin sadece b\u00fct\u00fcn iradeleri ayn\u0131 \u015fekilde belirleyen bir \u0130rade kar\u015f\u0131s\u0131ndaki uysall\u0131\u011f\u0131n\u0131 kabul ediyoruz.<\/p>","protected":false},"featured_media":7551,"template":"","meta":{"spay_email":""},"product_cat":[168],"product_tag":[],"item":[356],"acf":[],"_links":{"self":[{"href":"https:\/\/mgvpublications.com\/de\/wp-json\/wp\/v2\/product\/7550"}],"collection":[{"href":"https:\/\/mgvpublications.com\/de\/wp-json\/wp\/v2\/product"}],"about":[{"href":"https:\/\/mgvpublications.com\/de\/wp-json\/wp\/v2\/types\/product"}],"wp:featuredmedia":[{"embeddable":true,"href":"https:\/\/mgvpublications.com\/de\/wp-json\/wp\/v2\/media\/7551"}],"wp:attachment":[{"href":"https:\/\/mgvpublications.com\/de\/wp-json\/wp\/v2\/media?parent=7550"}],"wp:term":[{"taxonomy":"product_cat","embeddable":true,"href":"https:\/\/mgvpublications.com\/de\/wp-json\/wp\/v2\/product_cat?post=7550"},{"taxonomy":"product_tag","embeddable":true,"href":"https:\/\/mgvpublications.com\/de\/wp-json\/wp\/v2\/product_tag?post=7550"},{"taxonomy":"item","embeddable":true,"href":"https:\/\/mgvpublications.com\/de\/wp-json\/wp\/v2\/item?post=7550"}],"curies":[{"name":"wp","href":"https:\/\/api.w.org\/{rel}","templated":true}]}}