{"id":7541,"date":"2019-07-02T13:47:03","date_gmt":"2019-07-02T11:47:03","guid":{"rendered":"https:\/\/dev2.mgvpublications.com\/produkt\/dedem-abduelhamid-han\/"},"modified":"2022-04-25T03:28:04","modified_gmt":"2022-04-25T01:28:04","slug":"dedem-abduelhamid-han","status":"publish","type":"product","link":"https:\/\/mgvpublications.com\/de\/dedem-abduelhamid-han\/","title":{"rendered":"Dedem Abd\u00fclhamid Han"},"content":{"rendered":"<p>Yay\u0131n Tarihi 2017-03-10<br \/>\nISBN 6059514071<br \/>\nBask\u0131 Say\u0131s\u0131 1. Bask\u0131<br \/>\nDil T\u00dcRK\u00c7E<br \/>\nSayfa Say\u0131s\u0131 232<br \/>\nCilt Tipi Karton Kapak<br \/>\nKa\u011f\u0131t Cinsi Kitap Ka\u011f\u0131d\u0131<br \/>\nBoyut 13.5 x 21 cm<\/p>","protected":false},"excerpt":{"rendered":"<p>Efendimiz Nebiler serveri Hz. Muhammed Mustafa (s.a.v)\u2019n\u0131n iltifat\u0131na mazhar olan Osmanl\u0131 soyunun son zamanlar\u0131nda tahta \u00e7\u0131km\u0131\u015f padi\u015fahlar\u0131ndan Halife-i M\u00fcsl\u00eemin Cennetmek\u00e2n Sultan Abd\u00fclhamid H\u00e2n\u2019\u0131 \u015fimdiye kadar pek \u00e7ok kimse kendi bak\u0131\u015f a\u00e7\u0131s\u0131ndan anlatm\u0131\u015ft\u0131r. Soyundan gelmekle ve torunu olmakla \u015feref duydu\u011fum, ismini ta\u015f\u0131makla da b\u00fcy\u00fck bir sorumlulu\u011fun a\u011f\u0131r y\u00fck\u00fc alt\u0131na olan ben ise siz de\u011ferli okuyucular\u0131ma Rabbimizin l\u00fctfetti\u011fi kadar Dedem Cennetmek\u00e2n Sultan Abd\u00fclhamid H\u00e2n\u2019\u0131 anlatmaya gayret edece\u011fim.<\/p>\n<p>Bir insan\u0131n b\u00fcy\u00fckl\u00fc\u011f\u00fcn\u00fc anlamak i\u00e7in d\u00fc\u015fmanlar\u0131na bak\u0131n derler. Sultan Abd\u00fclhamid H\u00e2n\u2019\u0131n saltanat\u0131 boyunca kendisine d\u00fc\u015fman olanlar\u0131n yan\u0131 s\u0131ra aradan ge\u00e7en bu kadar zamana ra\u011fmen h\u00e2l\u00e2 ona d\u00fc\u015fmanl\u0131kta \u0131srar edenlerin zihniyet yap\u0131lar\u0131n\u0131n benzerli\u011fi \u015fa\u015f\u0131rt\u0131c\u0131d\u0131r.<\/p>\n<p>Sultan Abd\u00fclhamid H\u00e2n ile ilgili olarak ideolojilerden ar\u0131nm\u0131\u015f bilgiye her zamankinden daha b\u00fcy\u00fck bir ihtiya\u00e7 duyuyoruz. \u00c7\u00fcnk\u00fc bu co\u011frafyada ayakta durmak zor bir i\u015ftir. Bunu ba\u015farabilmek ve ayn\u0131 hatalara tekrar d\u00fc\u015fmemek i\u00e7in tarihimizde olan hadiseleri \u00f6zellikle Sultan Abd\u00fclhamid H\u00e2n d\u00f6nemindeki olaylar\u0131 hakikati ile \u00f6\u011frenmek ve \u00f6\u011fretmek mecburiyetindeyiz. Bu d\u00fc\u015f\u00fcnceler ile kaleme al\u0131nan \u201cDedem Abd\u00fclhamid H\u00e2n\u201d kitab\u0131n\u0131n \u00f6nemli bir bo\u015flu\u011fu dolduraca\u011f\u0131 kanaatindeyim.<\/p>","protected":false},"featured_media":7542,"template":"","meta":{"spay_email":""},"product_cat":[170],"product_tag":[],"item":[379],"acf":[],"_links":{"self":[{"href":"https:\/\/mgvpublications.com\/de\/wp-json\/wp\/v2\/product\/7541"}],"collection":[{"href":"https:\/\/mgvpublications.com\/de\/wp-json\/wp\/v2\/product"}],"about":[{"href":"https:\/\/mgvpublications.com\/de\/wp-json\/wp\/v2\/types\/product"}],"wp:featuredmedia":[{"embeddable":true,"href":"https:\/\/mgvpublications.com\/de\/wp-json\/wp\/v2\/media\/7542"}],"wp:attachment":[{"href":"https:\/\/mgvpublications.com\/de\/wp-json\/wp\/v2\/media?parent=7541"}],"wp:term":[{"taxonomy":"product_cat","embeddable":true,"href":"https:\/\/mgvpublications.com\/de\/wp-json\/wp\/v2\/product_cat?post=7541"},{"taxonomy":"product_tag","embeddable":true,"href":"https:\/\/mgvpublications.com\/de\/wp-json\/wp\/v2\/product_tag?post=7541"},{"taxonomy":"item","embeddable":true,"href":"https:\/\/mgvpublications.com\/de\/wp-json\/wp\/v2\/item?post=7541"}],"curies":[{"name":"wp","href":"https:\/\/api.w.org\/{rel}","templated":true}]}}