{"id":7533,"date":"2019-07-02T13:29:37","date_gmt":"2019-07-02T11:29:37","guid":{"rendered":"https:\/\/dev2.mgvpublications.com\/produkt\/allah-dostu-erbakan-2-cilt\/"},"modified":"2022-04-19T17:23:44","modified_gmt":"2022-04-19T15:23:44","slug":"allah-dostu-erbakan-2-cilt","status":"publish","type":"product","link":"https:\/\/mgvpublications.com\/de\/allah-dostu-erbakan-2-cilt\/","title":{"rendered":"Allah Dostu Erbakan 2. Cilt"},"content":{"rendered":"<p>Yazar\u0131 \/ Ekrem \u015eama<br \/>\nKategori \/ Biyografi-Otobiyografi<br \/>\nISBN \/ 978-605-68217-4-5<br \/>\nDili \/ T\u00fcrk\u00e7e<br \/>\nBas\u0131m Yeri \/ \u0130stanbul<br \/>\nBas\u0131m Tarihi \/ Ocak &#8211; 2019<br \/>\nBas\u0131m Say\u0131s\u0131 \/ Yay\u0131nevi 1. Bas\u0131m Kitap 4. Bask\u0131<br \/>\nBoyutlar\u0131 \/ 13,5 x 19,5 cm<br \/>\nKapak Tipi \/ Karton Kapak<br \/>\nKa\u011f\u0131t Tipi \/ Kitap Ka\u011f\u0131d\u0131<br \/>\nSayfa Say\u0131s\u0131 \/ 352<\/p>","protected":false},"excerpt":{"rendered":"<p>Prof. Dr. Necmettin Erbakan&#8217;\u0131n manevi d\u00fcnyas\u0131.<\/p>\n<p>Osmanl\u0131 k\u00fclt\u00fcr ve terbiyesi ile yeti\u015fmi\u015f soylu bir ailenin evlad\u0131.<\/p>\n<p>Daha do\u011fu\u015ftan fevkalade kabiliyet ve zeka ile techiz edilmi\u015f bir ki\u015fi.<\/p>\n<p>\u0130yi bir aile terbiyesi, dini ve d\u00fcnyevi ilimlerin tahsili, tasavvuf ehli m\u00fcr\u015fitler elinde i\u015flenmi\u015f nadide bir m\u00fccevher. Bitmez t\u00fckenmez bir azim, y\u0131lmak bilmez bir gayret, ba\u015far\u0131larla dolu bir \u00f6m\u00fcr&#8230;<\/p>\n<p>Yeterli olmasa bile siyasi m\u00fccadelesi ara\u015ft\u0131r\u0131ld\u0131, i\u015flendi.<\/p>\n<p>Ama o sadece siyaset\u00e7i de\u011fildi ki. Ne yapm\u0131\u015f ise Allah r\u0131zas\u0131 i\u00e7in yapm\u0131\u015f, \u00f6n sezileriyle, hikmetleriyle, ald\u0131\u011f\u0131 \u0130slami \u0131\u015f\u0131\u011f\u0131 kendi hayat\u0131na ve ba\u015fkalar\u0131na yans\u0131tmay\u0131 ba\u015farabilmi\u015f, maneviyat deryas\u0131 bir Allah Dostu idi.<\/p>\n<p>Bu \u00e7al\u0131\u015fmam\u0131zda y\u00fczlerce ki\u015fi ile g\u00f6r\u00fc\u015ferek, eri\u015febildi\u011fimiz ve manevi kar\u015f\u0131l\u0131\u011f\u0131 olan hat\u0131ralar\u0131n\u0131 derledik.<\/p>","protected":false},"featured_media":7534,"template":"","meta":{"spay_email":""},"product_cat":[173],"product_tag":[],"item":[1090],"acf":[],"_links":{"self":[{"href":"https:\/\/mgvpublications.com\/de\/wp-json\/wp\/v2\/product\/7533"}],"collection":[{"href":"https:\/\/mgvpublications.com\/de\/wp-json\/wp\/v2\/product"}],"about":[{"href":"https:\/\/mgvpublications.com\/de\/wp-json\/wp\/v2\/types\/product"}],"wp:featuredmedia":[{"embeddable":true,"href":"https:\/\/mgvpublications.com\/de\/wp-json\/wp\/v2\/media\/7534"}],"wp:attachment":[{"href":"https:\/\/mgvpublications.com\/de\/wp-json\/wp\/v2\/media?parent=7533"}],"wp:term":[{"taxonomy":"product_cat","embeddable":true,"href":"https:\/\/mgvpublications.com\/de\/wp-json\/wp\/v2\/product_cat?post=7533"},{"taxonomy":"product_tag","embeddable":true,"href":"https:\/\/mgvpublications.com\/de\/wp-json\/wp\/v2\/product_tag?post=7533"},{"taxonomy":"item","embeddable":true,"href":"https:\/\/mgvpublications.com\/de\/wp-json\/wp\/v2\/item?post=7533"}],"curies":[{"name":"wp","href":"https:\/\/api.w.org\/{rel}","templated":true}]}}