{"id":7523,"date":"2019-07-02T12:01:47","date_gmt":"2019-07-02T10:01:47","guid":{"rendered":"https:\/\/dev2.mgvpublications.com\/produkt\/korsanlar-ve-imparatorlar\/"},"modified":"2022-03-08T22:30:46","modified_gmt":"2022-03-08T21:30:46","slug":"korsanlar-ve-imparatorlar","status":"publish","type":"product","link":"https:\/\/mgvpublications.com\/de\/korsanlar-ve-imparatorlar\/","title":{"rendered":"Korsanlar ve \u0130mparatorlar"},"content":{"rendered":"<p>\u00c7evirmen: Asl\u0131 \u00d6nal<br \/>\nYay\u0131n Tarihi 2018-10-10<br \/>\nISBN 6053143192<br \/>\nBask\u0131 Say\u0131s\u0131 1. Bask\u0131<br \/>\nDil T\u00dcRK\u00c7E<br \/>\nSayfa Say\u0131s\u0131 336<br \/>\nCilt Tipi Karton Kapak<br \/>\nKa\u011f\u0131t Cinsi Kitap Ka\u011f\u0131d\u0131<br \/>\nBoyut 13 x 19.5 cm<\/p>","protected":false},"excerpt":{"rendered":"<p>Korsanlar ve \u0130mparatorlar, Aziz Augustinus\u2019un aktard\u0131\u011f\u0131 bir anekdotla ba\u015flar. B\u00fcy\u00fck \u0130skender ile esir ald\u0131\u011f\u0131 korsan aras\u0131ndaki bir diyalogdur bu: \u201c\u0130skender korsana, \u2018Sen ne cesaretle denizlere korku salabiliyor\u00adsun?\u2019 diye sorar. Korsan, \u2018As\u0131l sen ne cesaretle b\u00fct\u00fcn d\u00fcnyaya korku salabiliyorsun?\u2019 diye cevap verir ve \u015f\u00f6yle devam eder: \u2018Ben s\u0131rf k\u00fc\u00e7\u00fck bir gemiyle bunu yapt\u0131\u011f\u0131m i\u00e7in h\u0131rs\u0131z say\u0131l\u0131yorum, oysa sen ayn\u0131 \u015feyi koca bir donanmayla yap\u0131yorsun diye \u0130mparator olarak an\u0131l\u0131yorsun.\u2019\u201d<\/p>\n<p>Augustinus\u2019un anlatt\u0131\u011f\u0131 hik\u00e2ye, modern \u201c\u0130mparator\u201d ABD ve onun sad\u0131k m\u00fcttefiklerinin s\u00f6zde \u201cter\u00f6rist\u201d devletlerle olan ili\u015fkilerini gayet iyi \u00f6zetler ve \u201culuslararas\u0131 ter\u00f6rizm\u201d kavram\u0131n\u0131n modern Bat\u0131l\u0131 anlamdaki kullan\u0131\u00adm\u0131na \u0131\u015f\u0131k tutar. Bu anlam d\u00fcnyas\u0131nda \u0130mparator ve vasal devletlerinin ba\u015fvurdu\u011fu her t\u00fcr \u015fiddet eylemi \u201cnefsi m\u00fcdafaa\u201d, \u201chakl\u0131 sava\u015f\u201d, \u201cmisil\u00adleme\u201d yahut \u201c\u00f6nleyici eylem\u201d stat\u00fcs\u00fcnde de\u011ferlendirilirken, K\u00fcba, Orta Amerika \u00fclkeleri ve Filistin\u2019in de aralar\u0131nda bulundu\u011fu \u00fclkelerin, yani \u201conlar\u201d\u0131n her t\u00fcr eylemi do\u011frudan \u201cter\u00f6rist sald\u0131r\u0131\u201d kapsam\u0131na sokulur.<\/p>","protected":false},"featured_media":7524,"template":"","meta":{"spay_email":""},"product_cat":[173],"product_tag":[],"item":[701],"acf":[],"_links":{"self":[{"href":"https:\/\/mgvpublications.com\/de\/wp-json\/wp\/v2\/product\/7523"}],"collection":[{"href":"https:\/\/mgvpublications.com\/de\/wp-json\/wp\/v2\/product"}],"about":[{"href":"https:\/\/mgvpublications.com\/de\/wp-json\/wp\/v2\/types\/product"}],"wp:featuredmedia":[{"embeddable":true,"href":"https:\/\/mgvpublications.com\/de\/wp-json\/wp\/v2\/media\/7524"}],"wp:attachment":[{"href":"https:\/\/mgvpublications.com\/de\/wp-json\/wp\/v2\/media?parent=7523"}],"wp:term":[{"taxonomy":"product_cat","embeddable":true,"href":"https:\/\/mgvpublications.com\/de\/wp-json\/wp\/v2\/product_cat?post=7523"},{"taxonomy":"product_tag","embeddable":true,"href":"https:\/\/mgvpublications.com\/de\/wp-json\/wp\/v2\/product_tag?post=7523"},{"taxonomy":"item","embeddable":true,"href":"https:\/\/mgvpublications.com\/de\/wp-json\/wp\/v2\/item?post=7523"}],"curies":[{"name":"wp","href":"https:\/\/api.w.org\/{rel}","templated":true}]}}