{"id":7517,"date":"2019-07-02T11:53:03","date_gmt":"2019-07-02T09:53:03","guid":{"rendered":"https:\/\/dev2.mgvpublications.com\/produkt\/kapida-bir-cift-ayakkabi\/"},"modified":"2022-03-08T22:30:46","modified_gmt":"2022-03-08T21:30:46","slug":"kapida-bir-cift-ayakkabi","status":"publish","type":"product","link":"https:\/\/mgvpublications.com\/de\/kapida-bir-cift-ayakkabi\/","title":{"rendered":"Kap\u0131da Bir \u00c7ift Ayakkab\u0131"},"content":{"rendered":"<p>Yay\u0131n Tarihi 2017-04-03<br \/>\nISBN 975355446X<br \/>\nBask\u0131 Say\u0131s\u0131 9. Bask\u0131<br \/>\nDil T\u00dcRK\u00c7E<br \/>\nSayfa Say\u0131s\u0131 120<br \/>\nCilt Tipi Karton Kapak<br \/>\nKa\u011f\u0131t Cinsi Kitap Ka\u011f\u0131d\u0131<br \/>\nBoyut 13.5 x 21 cm<\/p>","protected":false},"excerpt":{"rendered":"<p>Kap\u0131da Bir \u00c7ift Ayakkab\u0131, Ali Haydar Haksal&#8217;\u0131n toplumun uza\u011f\u0131na d\u00fc\u015fen insanlar\u0131n hayatlar\u0131n\u0131 oda\u011fa alarak yazd\u0131\u011f\u0131 \u00f6yk\u00fclerden olu\u015fuyor. Deliler, ya\u015fl\u0131 ve yaln\u0131z insanlar, bir a\u015fk u\u011fruna bir \u00f6m\u00fcr harcam\u0131\u015f olanlar&#8230; Aksal, ola\u011fan olan\u0131n d\u0131\u015f\u0131na ta\u015fan ya\u015famlar\u0131 ele alarak, oradan metafizi\u011fe a\u00e7\u0131lan bir kap\u0131 aral\u0131yor. Eser bu haliyle, e\u015fine art\u0131k pek rastlanmayan bir duyarl\u0131l\u0131\u011f\u0131n, \u00e7arp\u0131c\u0131 bir anlat\u0131m\u0131n \u00fcr\u00fcn\u00fc&#8230;<\/p>","protected":false},"featured_media":7518,"template":"","meta":{"spay_email":""},"product_cat":[168],"product_tag":[],"item":[689],"acf":[],"_links":{"self":[{"href":"https:\/\/mgvpublications.com\/de\/wp-json\/wp\/v2\/product\/7517"}],"collection":[{"href":"https:\/\/mgvpublications.com\/de\/wp-json\/wp\/v2\/product"}],"about":[{"href":"https:\/\/mgvpublications.com\/de\/wp-json\/wp\/v2\/types\/product"}],"wp:featuredmedia":[{"embeddable":true,"href":"https:\/\/mgvpublications.com\/de\/wp-json\/wp\/v2\/media\/7518"}],"wp:attachment":[{"href":"https:\/\/mgvpublications.com\/de\/wp-json\/wp\/v2\/media?parent=7517"}],"wp:term":[{"taxonomy":"product_cat","embeddable":true,"href":"https:\/\/mgvpublications.com\/de\/wp-json\/wp\/v2\/product_cat?post=7517"},{"taxonomy":"product_tag","embeddable":true,"href":"https:\/\/mgvpublications.com\/de\/wp-json\/wp\/v2\/product_tag?post=7517"},{"taxonomy":"item","embeddable":true,"href":"https:\/\/mgvpublications.com\/de\/wp-json\/wp\/v2\/item?post=7517"}],"curies":[{"name":"wp","href":"https:\/\/api.w.org\/{rel}","templated":true}]}}