{"id":7513,"date":"2019-07-02T11:49:34","date_gmt":"2019-07-02T09:49:34","guid":{"rendered":"https:\/\/dev2.mgvpublications.com\/produkt\/istanbulun-gizli-tarihi\/"},"modified":"2022-04-28T11:08:32","modified_gmt":"2022-04-28T09:08:32","slug":"istanbulun-gizli-tarihi","status":"publish","type":"product","link":"https:\/\/mgvpublications.com\/de\/istanbulun-gizli-tarihi\/","title":{"rendered":"\u0130stanbul\u2019un Gizli Tarihi"},"content":{"rendered":"<p>Yay\u0131n Tarihi 2018-11-21<br \/>\nISBN 6053115083<br \/>\nBask\u0131 Say\u0131s\u0131 1. Bask\u0131<br \/>\nDil T\u00dcRK\u00c7E<br \/>\nSayfa Say\u0131s\u0131 256<br \/>\nCilt Tipi Karton Kapak<br \/>\nKa\u011f\u0131t Cinsi Kitap Ka\u011f\u0131d\u0131<br \/>\nBoyut 13.5 x 21 cm<\/p>","protected":false},"excerpt":{"rendered":"<p>Mesih beklentisi i\u00e7inde olanlar d\u00fcnyay\u0131 nas\u0131l \u015fekillendiriyor?<br \/>\nK\u0131yamet Bek\u00e7ileri\u2019ne g\u00f6re Kutsal Kan \u0130stanbul\u2019a nas\u0131l geldi?<br \/>\nKehanetlerde T\u00fcrkiye neden bu kadar \u00f6nemli?<br \/>\nT\u00fcrkiye\u2019yi ele ge\u00e7irme planlar\u0131n\u0131 kehanetlere nas\u0131l dayand\u0131r\u0131yorlar?<br \/>\n\u015e\u00f6valyeler ve Papal\u0131k Osmanl\u0131 \u00fczerinde hangi gizli planlar\u0131 kurdu? \u0130\u015fbirlik\u00e7ileri nas\u0131l kulland\u0131lar?<br \/>\nOsmanl\u0131\u2019n\u0131n ilk masonlar\u0131 kimlerdi?<br \/>\nMason localar\u0131 nas\u0131l kuruldu?<br \/>\nFinansal kirli oyunun gizli tarihinde neler var?<br \/>\nRothschild paras\u0131 Osmanl\u0131 topraklar\u0131na nas\u0131l geldi?<br \/>\nOsmanl\u0131\u2019y\u0131 payla\u015fma plan\u0131nda Amerika ne kadar etkili oldu?<br \/>\n\u0130stanbul be\u015f y\u0131l boyunca nas\u0131l i\u015fgal alt\u0131nda kald\u0131, neler ya\u015fand\u0131?<br \/>\n\u0130\u015fgalciler, i\u00e7eride kimlerle anla\u015ft\u0131lar?<\/p>","protected":false},"featured_media":7514,"template":"","meta":{"spay_email":""},"product_cat":[180],"product_tag":[],"item":[1350],"acf":[],"_links":{"self":[{"href":"https:\/\/mgvpublications.com\/de\/wp-json\/wp\/v2\/product\/7513"}],"collection":[{"href":"https:\/\/mgvpublications.com\/de\/wp-json\/wp\/v2\/product"}],"about":[{"href":"https:\/\/mgvpublications.com\/de\/wp-json\/wp\/v2\/types\/product"}],"wp:featuredmedia":[{"embeddable":true,"href":"https:\/\/mgvpublications.com\/de\/wp-json\/wp\/v2\/media\/7514"}],"wp:attachment":[{"href":"https:\/\/mgvpublications.com\/de\/wp-json\/wp\/v2\/media?parent=7513"}],"wp:term":[{"taxonomy":"product_cat","embeddable":true,"href":"https:\/\/mgvpublications.com\/de\/wp-json\/wp\/v2\/product_cat?post=7513"},{"taxonomy":"product_tag","embeddable":true,"href":"https:\/\/mgvpublications.com\/de\/wp-json\/wp\/v2\/product_tag?post=7513"},{"taxonomy":"item","embeddable":true,"href":"https:\/\/mgvpublications.com\/de\/wp-json\/wp\/v2\/item?post=7513"}],"curies":[{"name":"wp","href":"https:\/\/api.w.org\/{rel}","templated":true}]}}