{"id":7511,"date":"2019-07-02T11:45:21","date_gmt":"2019-07-02T09:45:21","guid":{"rendered":"https:\/\/dev2.mgvpublications.com\/produkt\/kati-olan-her-sey-buharlasiyor\/"},"modified":"2022-03-08T22:30:46","modified_gmt":"2022-03-08T21:30:46","slug":"kati-olan-her-sey-buharlasiyor","status":"publish","type":"product","link":"https:\/\/mgvpublications.com\/de\/kati-olan-her-sey-buharlasiyor\/","title":{"rendered":"Kat\u0131 Olan Her \u015eey Buharla\u015f\u0131yor"},"content":{"rendered":"<p>\u00c7evirmen: B\u00fclent Peker<br \/>\n\u00c7evirmen: \u00dcmit Altu\u011f<br \/>\nYay\u0131n Tarihi 2013-01-01<br \/>\nISBN 9754703849<br \/>\nBask\u0131 Say\u0131s\u0131 16. Bask\u0131<br \/>\nDil T\u00dcRK\u00c7E<br \/>\nSayfa Say\u0131s\u0131 476<br \/>\nCilt Tipi Karton Kapak<br \/>\nKa\u011f\u0131t Cinsi Kitap Ka\u011f\u0131d\u0131<br \/>\nBoyut 13 x 19.5 cm<\/p>","protected":false},"excerpt":{"rendered":"<p>Modernizm \u00e7ocuklar\u0131n\u0131 yiyor. Yoksa her \u015fey zaten y\u00fczy\u0131l\u0131m\u0131z\u0131n ta ba\u015f\u0131nda yap\u0131lan Faustvari bir kontrat\u0131n sonu\u00e7lar\u0131 m\u0131? 20. Y\u00fczy\u0131l\u0131n enerjisi ve sefaleti, Petersburgdan New Yorka 2000 li y\u0131llar\u0131n sa\u011fl\u0131kl\u0131k modernizmini kurmak i\u00e7in ge\u00e7en y\u00fczy\u0131l\u0131n modernisteliren d\u00f6nmeyi sal\u0131k veren Marshall Berman\u0131n kaynak kitab\u0131.<\/p>","protected":false},"featured_media":7512,"template":"","meta":{"spay_email":""},"product_cat":[168],"product_tag":[],"item":[365],"acf":[],"_links":{"self":[{"href":"https:\/\/mgvpublications.com\/de\/wp-json\/wp\/v2\/product\/7511"}],"collection":[{"href":"https:\/\/mgvpublications.com\/de\/wp-json\/wp\/v2\/product"}],"about":[{"href":"https:\/\/mgvpublications.com\/de\/wp-json\/wp\/v2\/types\/product"}],"wp:featuredmedia":[{"embeddable":true,"href":"https:\/\/mgvpublications.com\/de\/wp-json\/wp\/v2\/media\/7512"}],"wp:attachment":[{"href":"https:\/\/mgvpublications.com\/de\/wp-json\/wp\/v2\/media?parent=7511"}],"wp:term":[{"taxonomy":"product_cat","embeddable":true,"href":"https:\/\/mgvpublications.com\/de\/wp-json\/wp\/v2\/product_cat?post=7511"},{"taxonomy":"product_tag","embeddable":true,"href":"https:\/\/mgvpublications.com\/de\/wp-json\/wp\/v2\/product_tag?post=7511"},{"taxonomy":"item","embeddable":true,"href":"https:\/\/mgvpublications.com\/de\/wp-json\/wp\/v2\/item?post=7511"}],"curies":[{"name":"wp","href":"https:\/\/api.w.org\/{rel}","templated":true}]}}