{"id":7509,"date":"2019-07-02T11:42:34","date_gmt":"2019-07-02T09:42:34","guid":{"rendered":"https:\/\/dev2.mgvpublications.com\/produkt\/kitle-katliamlari\/"},"modified":"2022-03-08T22:30:46","modified_gmt":"2022-03-08T21:30:46","slug":"kitle-katliamlari","status":"publish","type":"product","link":"https:\/\/mgvpublications.com\/de\/kitle-katliamlari\/","title":{"rendered":"Kitle Katliamlar\u0131"},"content":{"rendered":"<p>\u00c7evirmen: Mine Karata\u015f<br \/>\nYay\u0131n Tarihi 2019-01-11<br \/>\nOrjinal Ad\u0131 The Killing Compartments The Mentality of Mass Murder<br \/>\nISBN 6053143499<br \/>\nBask\u0131 Say\u0131s\u0131 1. Bask\u0131<br \/>\nDil T\u00dcRK\u00c7E<br \/>\nSayfa Say\u0131s\u0131 336<br \/>\nCilt Tipi Karton Kapak<br \/>\nKa\u011f\u0131t Cinsi Kitap Ka\u011f\u0131d\u0131<br \/>\nBoyut 13 x 19.5 cm<\/p>","protected":false},"excerpt":{"rendered":"<p>Kitle katliamlar\u0131 \u201cmodernite\u201dnin, hatta \u201cdemokrasi\u201dnin ya da aksine \u201cmedeniyetin \u00e7\u00f6k\u00fc\u015f\u00fc\u201dn\u00fcn veya \u201cbarbarl\u0131\u011f\u0131n geri d\u00f6n\u00fc\u015f\u00fc\u201dn\u00fcn doru\u011fa ula\u015fmas\u0131n\u0131n bir g\u00f6stergesi midir? Bu katliamlar\u0131 i\u015fleyen ki\u015filer \u201cs\u0131radan\u201d m\u0131 yoksa \u201cpsikopat\u201d olarak m\u0131 nitelendirebilirler? Holokost vakas\u0131n\u0131n ba\u015fl\u0131 ba\u015f\u0131na tarihsel bir tekilli\u011fe, e\u015fsizli\u011fe sahip oldu\u011fu ya da di\u011fer soyk\u0131r\u0131m \u00f6rnekleriyle k\u0131yaslanabilir oldu\u011fu s\u00f6ylenebilir mi?<br \/>\nElinizdeki kitap, yirminci y\u00fczy\u0131lda meydana gelen yakla\u015f\u0131k yirmi adet kitlesel imha olay\u0131n\u0131n analizini yaparak, ge\u00e7irilen cinai cinnetlerin hangi ko\u015fullar alt\u0131nda patlak verdi\u011fini ve bireylerin bu vakalarda yer almak i\u00e7in sonunda nas\u0131l birer g\u00f6n\u00fcll\u00fcye d\u00f6n\u00fc\u015ft\u00fcklerini anlamak amac\u0131yla, yukar\u0131daki \u00e7o\u011falt\u0131labilecek sorular\u0131 ve yakla\u015f\u0131mlar\u0131 tart\u0131\u015fmaya a\u00e7ma niyetindedir. Bu hususta benzersiz bir g\u00f6r\u00fc\u015f \u00f6ne s\u00fcr\u00fclmektedir: Haftalarca, aylarca, hatta y\u0131llarca, teredd\u00fct etmeden, ac\u0131mas\u0131zca, kimi zaman da co\u015fkuyla, i\u015f olup bittikten sonra vicdan azab\u0131 duymadan hemcinslerini katleden ki\u015filer, sadece zamane ideolojilere ya da emirlere itaat eden \u201cs\u0131radan insanlar\u201dd\u0131r: \u201csiz ve ben ya da herhangi biri ayn\u0131 ko\u015fullar alt\u0131nda ayn\u0131 \u015feyi yapm\u0131\u015f olabilir.\u201d Abram de Swaan bu ara\u015ft\u0131rmas\u0131nda, kitle katliamlar\u0131n\u0131n olu\u015fumunu, geli\u015fimini ve tan\u0131klar\u0131n\u0131, olaylarda \u00f6nemli roller oynayarak genellikle g\u00f6z ard\u0131 edilen ya da harfi harfine itibar edilen kahramanlar\u0131 inceleyerek, ba\u015ftanba\u015fa \u201ck\u00f6t\u00fcl\u00fc\u011f\u00fcn s\u0131radanl\u0131\u011f\u0131\u201d tezini mercek alt\u0131na al\u0131yor&#8230;<\/p>","protected":false},"featured_media":7510,"template":"","meta":{"spay_email":""},"product_cat":[168],"product_tag":[],"item":[701],"acf":[],"_links":{"self":[{"href":"https:\/\/mgvpublications.com\/de\/wp-json\/wp\/v2\/product\/7509"}],"collection":[{"href":"https:\/\/mgvpublications.com\/de\/wp-json\/wp\/v2\/product"}],"about":[{"href":"https:\/\/mgvpublications.com\/de\/wp-json\/wp\/v2\/types\/product"}],"wp:featuredmedia":[{"embeddable":true,"href":"https:\/\/mgvpublications.com\/de\/wp-json\/wp\/v2\/media\/7510"}],"wp:attachment":[{"href":"https:\/\/mgvpublications.com\/de\/wp-json\/wp\/v2\/media?parent=7509"}],"wp:term":[{"taxonomy":"product_cat","embeddable":true,"href":"https:\/\/mgvpublications.com\/de\/wp-json\/wp\/v2\/product_cat?post=7509"},{"taxonomy":"product_tag","embeddable":true,"href":"https:\/\/mgvpublications.com\/de\/wp-json\/wp\/v2\/product_tag?post=7509"},{"taxonomy":"item","embeddable":true,"href":"https:\/\/mgvpublications.com\/de\/wp-json\/wp\/v2\/item?post=7509"}],"curies":[{"name":"wp","href":"https:\/\/api.w.org\/{rel}","templated":true}]}}