{"id":7504,"date":"2019-07-02T11:37:56","date_gmt":"2019-07-02T09:37:56","guid":{"rendered":"https:\/\/dev2.mgvpublications.com\/produkt\/oyunun-sonu\/"},"modified":"2022-03-08T22:30:44","modified_gmt":"2022-03-08T21:30:44","slug":"oyunun-sonu","status":"publish","type":"product","link":"https:\/\/mgvpublications.com\/de\/oyunun-sonu\/","title":{"rendered":"Oyunun Sonu"},"content":{"rendered":"<p>Yay\u0131n Tarihi 2018-11-22<br \/>\nISBN 6053115106<br \/>\nBask\u0131 Say\u0131s\u0131 1. Bask\u0131<br \/>\nDil T\u00dcRK\u00c7E<br \/>\nSayfa Say\u0131s\u0131 208<br \/>\nCilt Tipi Karton Kapak<br \/>\nKa\u011f\u0131t Cinsi Kitap Ka\u011f\u0131d\u0131<br \/>\nBoyut 13.5 x 19.5 cm<\/p>","protected":false},"excerpt":{"rendered":"<p>DEVLETLER; \u00c7IRAKLI\u011eINDA OYUNA GEL\u0130R, KALFALI\u011eINDA OYUN BOZAR, USTALI\u011eINDA OYUN KURAR&#8230;<\/p>\n<p>F\u0131rat Kalkan\u0131\u2019ndan 2020\u2019ye uzanan gizemli bir yolculu\u011fa haz\u0131r m\u0131s\u0131n\u0131z?<br \/>\nSat\u0131r aralar\u0131nda kaybolmu\u015f olan o devasa ayr\u0131nt\u0131lar\u0131 \u00f6\u011frendi\u011finizde okuduklar\u0131n\u0131za inanamayacak, duygular\u0131n\u0131za h\u00e2kim olamayacaks\u0131n\u0131z.<br \/>\nTelevizyonlardan izledi\u011finiz olaylar\u0131n \u00fczerindeki gizem perdesi kald\u0131r\u0131ld\u0131\u011f\u0131nda, o zaferlerin hangi \u015fartlarda geldi\u011fini g\u00f6receksiniz.<br \/>\nOkuyacaklar\u0131n\u0131zda, gelecek y\u00fczy\u0131llara b\u0131rak\u0131lan destanlar\u0131n ilk ad\u0131mlar\u0131n\u0131 bulacaks\u0131n\u0131z.<br \/>\nBu serinin SON G\u00dcN ve B\u00dcY\u00dcK \u0130HANET kitaplar\u0131nda oldu\u011fu gibi bu kitapta da hangisinin ger\u00e7ek hangisinin kurgu oldu\u011fu konusunda alg\u0131lar\u0131n\u0131z\u0131 zorlayacaks\u0131n\u0131z.<br \/>\nBinlerce y\u0131ld\u0131r insanl\u0131k tarihine damgas\u0131n\u0131 vuran bir milletin, nas\u0131l ku\u015fat\u0131ld\u0131\u011f\u0131n\u0131 g\u00f6recek, ku\u015fatmalar\u0131 nas\u0131l yard\u0131\u011f\u0131na \u015fahit olacaks\u0131n\u0131z.<br \/>\nVe bu milletin gelecek bin y\u0131llara da ismini ta\u015f\u0131yaca\u011f\u0131na iman edeceksiniz.<\/p>\n<p>Her zaman s\u00f6yledi\u011fimiz gibi: Y\u00fcre\u011finiz yoksa bu kitab\u0131 okumay\u0131n&#8230;<\/p>","protected":false},"featured_media":7505,"template":"","meta":{"spay_email":""},"product_cat":[173],"product_tag":[],"item":[1350],"acf":[],"_links":{"self":[{"href":"https:\/\/mgvpublications.com\/de\/wp-json\/wp\/v2\/product\/7504"}],"collection":[{"href":"https:\/\/mgvpublications.com\/de\/wp-json\/wp\/v2\/product"}],"about":[{"href":"https:\/\/mgvpublications.com\/de\/wp-json\/wp\/v2\/types\/product"}],"wp:featuredmedia":[{"embeddable":true,"href":"https:\/\/mgvpublications.com\/de\/wp-json\/wp\/v2\/media\/7505"}],"wp:attachment":[{"href":"https:\/\/mgvpublications.com\/de\/wp-json\/wp\/v2\/media?parent=7504"}],"wp:term":[{"taxonomy":"product_cat","embeddable":true,"href":"https:\/\/mgvpublications.com\/de\/wp-json\/wp\/v2\/product_cat?post=7504"},{"taxonomy":"product_tag","embeddable":true,"href":"https:\/\/mgvpublications.com\/de\/wp-json\/wp\/v2\/product_tag?post=7504"},{"taxonomy":"item","embeddable":true,"href":"https:\/\/mgvpublications.com\/de\/wp-json\/wp\/v2\/item?post=7504"}],"curies":[{"name":"wp","href":"https:\/\/api.w.org\/{rel}","templated":true}]}}